{"id":2185,"date":"2024-06-26T18:24:32","date_gmt":"2024-06-26T18:24:32","guid":{"rendered":"https:\/\/esfinge.mx\/inicio\/?post_type=product&#038;p=2185"},"modified":"2026-03-29T02:00:08","modified_gmt":"2026-03-29T08:00:08","slug":"cultura-digital-1-serie-trayectos","status":"publish","type":"product","link":"https:\/\/esfinge.mx\/inicio\/producto\/cultura-digital-1-serie-trayectos\/","title":{"rendered":"Cultura digital 1. Serie Trayectos"},"content":{"rendered":"<p><strong>Descripci\u00f3n<\/strong><\/p>\n<p>El libro del Recurso Sociocognitivo Cultura Digital 1 aborda contenidos relacionados con saberes digitales inform\u00e1ticos de orden operativo e instrumental, y de saberes digitales informacionales que permite potenciar el desempe\u00f1o de las comunidades acad\u00e9micas, del desarrollo de habilidades para la comunicaci\u00f3n y colaboraci\u00f3n, la capacidad creativa, el pensamiento algor\u00edtmico y la conciencia del mundo en que vivimos.<\/p>\n<p><strong>\u00a0<\/strong><\/p>\n<p><strong>Contenido<\/strong><\/p>\n<ul>\n<li>Trabaja las 10 Progresiones de aprendizaje (PDA) indicadas para el Recurso Sociocognitivo Cultura Digital I en el nuevo Marco Curricular de la Educaci\u00f3n Media Superior (MCCEMS).<\/li>\n<li>Integra a la pr\u00e1ctica educativa el enfoque y la propuesta del MCCEMS.<\/li>\n<li>Organizado en bimestres.<\/li>\n<li>Incluye evaluaciones diagn\u00f3sticas, parciales y bimestrales.<\/li>\n<li>Presenta un Laboratorio el cual propone trabajar un proyecto a lo largo de los bimestres.<\/li>\n<\/ul>\n","protected":false},"excerpt":{"rendered":"<p>Diana Alicia Navarro G\u00f3ngora<\/p>\n<p>Rodrigo Tapia McClung<\/p>\n","protected":false},"featured_media":2186,"comment_status":"open","ping_status":"closed","template":"","meta":[],"product_brand":[],"product_cat":[21,71],"product_tag":[],"class_list":{"0":"post-2185","1":"product","2":"type-product","3":"status-publish","4":"has-post-thumbnail","6":"product_cat-media-superior","7":"product_cat-novedades-2024","9":"first","10":"instock","11":"taxable","12":"shipping-taxable","13":"purchasable","14":"product-type-simple"},"_links":{"self":[{"href":"https:\/\/esfinge.mx\/inicio\/wp-json\/wp\/v2\/product\/2185","targetHints":{"allow":["GET"]}}],"collection":[{"href":"https:\/\/esfinge.mx\/inicio\/wp-json\/wp\/v2\/product"}],"about":[{"href":"https:\/\/esfinge.mx\/inicio\/wp-json\/wp\/v2\/types\/product"}],"replies":[{"embeddable":true,"href":"https:\/\/esfinge.mx\/inicio\/wp-json\/wp\/v2\/comments?post=2185"}],"wp:featuredmedia":[{"embeddable":true,"href":"https:\/\/esfinge.mx\/inicio\/wp-json\/wp\/v2\/media\/2186"}],"wp:attachment":[{"href":"https:\/\/esfinge.mx\/inicio\/wp-json\/wp\/v2\/media?parent=2185"}],"wp:term":[{"taxonomy":"product_brand","embeddable":true,"href":"https:\/\/esfinge.mx\/inicio\/wp-json\/wp\/v2\/product_brand?post=2185"},{"taxonomy":"product_cat","embeddable":true,"href":"https:\/\/esfinge.mx\/inicio\/wp-json\/wp\/v2\/product_cat?post=2185"},{"taxonomy":"product_tag","embeddable":true,"href":"https:\/\/esfinge.mx\/inicio\/wp-json\/wp\/v2\/product_tag?post=2185"}],"curies":[{"name":"wp","href":"https:\/\/api.w.org\/{rel}","templated":true}]}}