{"id":2188,"date":"2024-06-26T18:27:05","date_gmt":"2024-06-26T18:27:05","guid":{"rendered":"https:\/\/esfinge.mx\/inicio\/?post_type=product&#038;p=2188"},"modified":"2026-03-29T02:00:15","modified_gmt":"2026-03-29T08:00:15","slug":"ecosistemas-interacciones-energia-y-dinamica-serie-trayectos","status":"publish","type":"product","link":"https:\/\/esfinge.mx\/inicio\/producto\/ecosistemas-interacciones-energia-y-dinamica-serie-trayectos\/","title":{"rendered":"Ecosistemas: Interacciones, energ\u00eda y din\u00e1mica. Serie Trayectos"},"content":{"rendered":"<p><strong>Descripci\u00f3n<\/strong><\/p>\n<p>Con el libro del \u00e1rea de conocimiento <strong><em>Ecosistemas: interacciones, energ\u00eda y din\u00e1mica<\/em><\/strong> los estudiantes podr\u00e1n estudiar y reconocer que todos los ecosistemas de la Tierra conforman la bi\u00f3sfera, los cuales\u00a0 est\u00e1n\u00a0 sostenidos\u00a0 por\u00a0 el\u00a0 flujo\u00a0 continuo\u00a0 de\u00a0 energ\u00eda,\u00a0 en\u00a0 la\u00a0 mayor\u00eda\u00a0 de los casos gracias al Sol; asimismo, dentro de ellos, identificar\u00e1n c\u00f3mo habitan diversos organismos (especies), los cuales forman comunidades que interact\u00faan mediante diferentes procesos.<\/p>\n<p><strong>\u00a0<\/strong><\/p>\n<p><strong>Contenido<\/strong><\/p>\n<ul>\n<li>Trabaja las 14 Progresiones de aprendizaje (PDA) indicadas para el \u00c1rea de conocimiento Ecosistemas: interacciones, energ\u00eda y din\u00e1mica en el nuevo Marco Curricular de la Educaci\u00f3n Media Superior (MCCEMS).<\/li>\n<li>Integra a la pr\u00e1ctica educativa el enfoque y la propuesta del MCCEMS.<\/li>\n<li>Organizado en bimestres.<\/li>\n<li>Incluye evaluaciones diagn\u00f3sticas, parciales y bimestrales.<\/li>\n<li>Presenta un Laboratorio el cual propone trabajar un proyecto a lo largo de los bimestres.<\/li>\n<\/ul>\n","protected":false},"excerpt":{"rendered":"<p>Perla Mar\u00eda del Carmen Acevedo Ram\u00edrez<\/p>\n<p>Gumercinda Corona \u00c1lvarez<\/p>\n<p>Norberto Reyes Hern\u00e1ndez<\/p>\n","protected":false},"featured_media":2189,"comment_status":"open","ping_status":"closed","template":"","meta":[],"product_brand":[],"product_cat":[71,21],"product_tag":[],"class_list":{"0":"post-2188","1":"product","2":"type-product","3":"status-publish","4":"has-post-thumbnail","6":"product_cat-novedades-2024","7":"product_cat-media-superior","9":"first","10":"instock","11":"taxable","12":"shipping-taxable","13":"purchasable","14":"product-type-simple"},"_links":{"self":[{"href":"https:\/\/esfinge.mx\/inicio\/wp-json\/wp\/v2\/product\/2188","targetHints":{"allow":["GET"]}}],"collection":[{"href":"https:\/\/esfinge.mx\/inicio\/wp-json\/wp\/v2\/product"}],"about":[{"href":"https:\/\/esfinge.mx\/inicio\/wp-json\/wp\/v2\/types\/product"}],"replies":[{"embeddable":true,"href":"https:\/\/esfinge.mx\/inicio\/wp-json\/wp\/v2\/comments?post=2188"}],"wp:featuredmedia":[{"embeddable":true,"href":"https:\/\/esfinge.mx\/inicio\/wp-json\/wp\/v2\/media\/2189"}],"wp:attachment":[{"href":"https:\/\/esfinge.mx\/inicio\/wp-json\/wp\/v2\/media?parent=2188"}],"wp:term":[{"taxonomy":"product_brand","embeddable":true,"href":"https:\/\/esfinge.mx\/inicio\/wp-json\/wp\/v2\/product_brand?post=2188"},{"taxonomy":"product_cat","embeddable":true,"href":"https:\/\/esfinge.mx\/inicio\/wp-json\/wp\/v2\/product_cat?post=2188"},{"taxonomy":"product_tag","embeddable":true,"href":"https:\/\/esfinge.mx\/inicio\/wp-json\/wp\/v2\/product_tag?post=2188"}],"curies":[{"name":"wp","href":"https:\/\/api.w.org\/{rel}","templated":true}]}}