{"id":2191,"date":"2024-06-26T18:30:04","date_gmt":"2024-06-26T18:30:04","guid":{"rendered":"https:\/\/esfinge.mx\/inicio\/?post_type=product&#038;p=2191"},"modified":"2026-03-29T02:00:15","modified_gmt":"2026-03-29T08:00:15","slug":"humanidades-3-serie-trayectos","status":"publish","type":"product","link":"https:\/\/esfinge.mx\/inicio\/producto\/humanidades-3-serie-trayectos\/","title":{"rendered":"Humanidades 3. Serie Trayectos"},"content":{"rendered":"<p><strong>Descripci\u00f3n<\/strong><\/p>\n<p>El libro del \u00e1rea de conocimiento Humanidades 3 incentiva en las comunidades escolares a la apropiaci\u00f3n y aplicaci\u00f3n de conocimientos, habilidades y metodolog\u00edas heredadas de las tradiciones human\u00edsticas. Esta publicaci\u00f3n es una herramienta did\u00e1ctica con la que los estudiantes adquieran capacidades para problematizar y discutir su experiencia colectiva de quienes participan en ella, a la vez que hacen uso y ejercitan esas habilidades en pos de la transformaci\u00f3n y el mejoramiento de las relaciones y los sentidos que conforman su vida en la comunidad. El libro busca elaborar la interrogante: \u00bfExisten formas de vida colectivas mejores a las de tu comunidad?<\/p>\n<p><strong>Contenido<\/strong><\/p>\n<ul>\n<li>Trabaja las 11 Progresiones de aprendizaje (PDA) indicadas para el \u00c1rea de conocimiento Humanidades 3 en el nuevo Marco Curricular de la Educaci\u00f3n Media Superior (MCCEMS).<\/li>\n<li>Integra a la pr\u00e1ctica educativa el enfoque y la propuesta del MCCEMS.<\/li>\n<li>Organizado en bimestres.<\/li>\n<li>Incluye evaluaciones diagn\u00f3sticas, parciales y bimestrales.<\/li>\n<li>Presenta un Laboratorio el cual propone trabajar un proyecto a lo largo de los bimestres.<\/li>\n<\/ul>\n","protected":false},"excerpt":{"rendered":"<p>Guadalupe Ledesma Dur\u00e1n<\/p>\n","protected":false},"featured_media":2192,"comment_status":"open","ping_status":"closed","template":"","meta":[],"product_brand":[],"product_cat":[21,71],"product_tag":[],"class_list":{"0":"post-2191","1":"product","2":"type-product","3":"status-publish","4":"has-post-thumbnail","6":"product_cat-media-superior","7":"product_cat-novedades-2024","9":"first","10":"instock","11":"taxable","12":"shipping-taxable","13":"purchasable","14":"product-type-simple"},"_links":{"self":[{"href":"https:\/\/esfinge.mx\/inicio\/wp-json\/wp\/v2\/product\/2191","targetHints":{"allow":["GET"]}}],"collection":[{"href":"https:\/\/esfinge.mx\/inicio\/wp-json\/wp\/v2\/product"}],"about":[{"href":"https:\/\/esfinge.mx\/inicio\/wp-json\/wp\/v2\/types\/product"}],"replies":[{"embeddable":true,"href":"https:\/\/esfinge.mx\/inicio\/wp-json\/wp\/v2\/comments?post=2191"}],"wp:featuredmedia":[{"embeddable":true,"href":"https:\/\/esfinge.mx\/inicio\/wp-json\/wp\/v2\/media\/2192"}],"wp:attachment":[{"href":"https:\/\/esfinge.mx\/inicio\/wp-json\/wp\/v2\/media?parent=2191"}],"wp:term":[{"taxonomy":"product_brand","embeddable":true,"href":"https:\/\/esfinge.mx\/inicio\/wp-json\/wp\/v2\/product_brand?post=2191"},{"taxonomy":"product_cat","embeddable":true,"href":"https:\/\/esfinge.mx\/inicio\/wp-json\/wp\/v2\/product_cat?post=2191"},{"taxonomy":"product_tag","embeddable":true,"href":"https:\/\/esfinge.mx\/inicio\/wp-json\/wp\/v2\/product_tag?post=2191"}],"curies":[{"name":"wp","href":"https:\/\/api.w.org\/{rel}","templated":true}]}}