{"id":2197,"date":"2024-06-26T18:38:34","date_gmt":"2024-06-26T18:38:34","guid":{"rendered":"https:\/\/esfinge.mx\/inicio\/?post_type=product&#038;p=2197"},"modified":"2026-03-29T02:00:22","modified_gmt":"2026-03-29T08:00:22","slug":"lengua-y-comunicacion-3-serie-trayectos","status":"publish","type":"product","link":"https:\/\/esfinge.mx\/inicio\/producto\/lengua-y-comunicacion-3-serie-trayectos\/","title":{"rendered":"Lengua y comunicaci\u00f3n 3. Serie Trayectos"},"content":{"rendered":"<p><strong>Descripci\u00f3n<\/strong><\/p>\n<p>Con el libro del recurso sociocognitivo Lengua y comunicaci\u00f3n 3 los estudiantes podr\u00e1n representar y analizar problemas a lo largo de situaciones de lectura, composici\u00f3n de textos y en el estudio de m\u00faltiples fuentes de informaci\u00f3n. Adem\u00e1s aprender\u00e1n a comunicarse de manera adecuada y con confianza en diferentes circunstancias a trav\u00e9s de una creciente variedad de herramientas, elementos verbales y medios tecnol\u00f3gicos que rigen hoy las actividades, intenciones, afinidades y pr\u00e1cticas de la comunicaci\u00f3n.<\/p>\n<p><strong>Contenido<\/strong><\/p>\n<ul>\n<li>Trabaja las 16 Progresiones de aprendizaje (PDA) indicadas para recurso sociocognitivo Lengua y comunicaci\u00f3n 3 en el nuevo Marco Curricular de la Educaci\u00f3n Media Superior (MCCEMS).<\/li>\n<li>Integra a la pr\u00e1ctica educativa el enfoque y la propuesta del MCCEMS.<\/li>\n<li>Organizado en bimestres.<\/li>\n<li>Incluye evaluaciones diagn\u00f3sticas, parciales y bimestrales.<\/li>\n<li>Presenta un Laboratorio el cual propone trabajar un proyecto para desarrollar un ensayo y un podcast de debate.<\/li>\n<\/ul>\n","protected":false},"excerpt":{"rendered":"<p>H\u00e9ctor Luis Grada Mart\u00ednez<\/p>\n<p>Jos\u00e9 Francisco Barr\u00f3n Tovar<\/p>\n","protected":false},"featured_media":2198,"comment_status":"open","ping_status":"closed","template":"","meta":[],"product_brand":[],"product_cat":[71,21],"product_tag":[],"class_list":{"0":"post-2197","1":"product","2":"type-product","3":"status-publish","4":"has-post-thumbnail","6":"product_cat-novedades-2024","7":"product_cat-media-superior","9":"first","10":"instock","11":"taxable","12":"shipping-taxable","13":"purchasable","14":"product-type-simple"},"_links":{"self":[{"href":"https:\/\/esfinge.mx\/inicio\/wp-json\/wp\/v2\/product\/2197","targetHints":{"allow":["GET"]}}],"collection":[{"href":"https:\/\/esfinge.mx\/inicio\/wp-json\/wp\/v2\/product"}],"about":[{"href":"https:\/\/esfinge.mx\/inicio\/wp-json\/wp\/v2\/types\/product"}],"replies":[{"embeddable":true,"href":"https:\/\/esfinge.mx\/inicio\/wp-json\/wp\/v2\/comments?post=2197"}],"wp:featuredmedia":[{"embeddable":true,"href":"https:\/\/esfinge.mx\/inicio\/wp-json\/wp\/v2\/media\/2198"}],"wp:attachment":[{"href":"https:\/\/esfinge.mx\/inicio\/wp-json\/wp\/v2\/media?parent=2197"}],"wp:term":[{"taxonomy":"product_brand","embeddable":true,"href":"https:\/\/esfinge.mx\/inicio\/wp-json\/wp\/v2\/product_brand?post=2197"},{"taxonomy":"product_cat","embeddable":true,"href":"https:\/\/esfinge.mx\/inicio\/wp-json\/wp\/v2\/product_cat?post=2197"},{"taxonomy":"product_tag","embeddable":true,"href":"https:\/\/esfinge.mx\/inicio\/wp-json\/wp\/v2\/product_tag?post=2197"}],"curies":[{"name":"wp","href":"https:\/\/api.w.org\/{rel}","templated":true}]}}