{"id":2201,"date":"2024-06-26T18:43:24","date_gmt":"2024-06-26T18:43:24","guid":{"rendered":"https:\/\/esfinge.mx\/inicio\/?post_type=product&#038;p=2201"},"modified":"2026-03-29T02:00:29","modified_gmt":"2026-03-29T08:00:29","slug":"powerful-english-3-serie-trayectos","status":"publish","type":"product","link":"https:\/\/esfinge.mx\/inicio\/producto\/powerful-english-3-serie-trayectos\/","title":{"rendered":"Powerful English 3. Serie Trayectos"},"content":{"rendered":"<p><strong>Descripci\u00f3n<\/strong><\/p>\n<p>Powerful English 3 tiene el prop\u00f3sito de propiciar espacios para la comunicaci\u00f3n en los que tengan lugar los procesos de pensamiento complejo, mediante una ejecuci\u00f3n recursiva y espiral de diversas operaciones, tanto cognitivas como de \u00edndole colaborativa y social. Los alumnos podr\u00e1n desarrollar habilidades verbales y cognitivas fundamentales tales como la comprensi\u00f3n, el an\u00e1lisis, la comparaci\u00f3n, el contraste y la formulaci\u00f3n discursivas, que permite el disfrute del uso de la lengua y el procesamiento de la informaci\u00f3n obtenida a trav\u00e9s de textos escritos y\/o de fuentes orales y visuales.<\/p>\n<p><strong>Contenido<\/strong><\/p>\n<ul>\n<li>Trabaja las 14 Progresiones de aprendizaje (PDA) indicadas para recurso sociocognitivo Lengua y comunicaci\u00f3n Lengua extranjera Ingl\u00e9s III en el nuevo Marco Curricular de la Educaci\u00f3n Media Superior (MCCEMS).<\/li>\n<li>Integra a la pr\u00e1ctica educativa el enfoque y la propuesta del MCCEMS.<\/li>\n<li>Organizado en bimestres.<\/li>\n<li>Incluye evaluaciones diagn\u00f3sticas, parciales y bimestrales.<\/li>\n<li>Presenta un Laboratorio el cual propone trabajar un proyecto para desarrollar un ensayo y un podcast de debate.<\/li>\n<\/ul>\n","protected":false},"excerpt":{"rendered":"<p>Gabriela Santiago V\u00e1zquez<\/p>\n<p>Ileana Oropeza Rosas<\/p>\n","protected":false},"featured_media":2202,"comment_status":"open","ping_status":"closed","template":"","meta":[],"product_brand":[],"product_cat":[71,21],"product_tag":[],"class_list":{"0":"post-2201","1":"product","2":"type-product","3":"status-publish","4":"has-post-thumbnail","6":"product_cat-novedades-2024","7":"product_cat-media-superior","9":"first","10":"instock","11":"taxable","12":"shipping-taxable","13":"purchasable","14":"product-type-simple"},"_links":{"self":[{"href":"https:\/\/esfinge.mx\/inicio\/wp-json\/wp\/v2\/product\/2201","targetHints":{"allow":["GET"]}}],"collection":[{"href":"https:\/\/esfinge.mx\/inicio\/wp-json\/wp\/v2\/product"}],"about":[{"href":"https:\/\/esfinge.mx\/inicio\/wp-json\/wp\/v2\/types\/product"}],"replies":[{"embeddable":true,"href":"https:\/\/esfinge.mx\/inicio\/wp-json\/wp\/v2\/comments?post=2201"}],"wp:featuredmedia":[{"embeddable":true,"href":"https:\/\/esfinge.mx\/inicio\/wp-json\/wp\/v2\/media\/2202"}],"wp:attachment":[{"href":"https:\/\/esfinge.mx\/inicio\/wp-json\/wp\/v2\/media?parent=2201"}],"wp:term":[{"taxonomy":"product_brand","embeddable":true,"href":"https:\/\/esfinge.mx\/inicio\/wp-json\/wp\/v2\/product_brand?post=2201"},{"taxonomy":"product_cat","embeddable":true,"href":"https:\/\/esfinge.mx\/inicio\/wp-json\/wp\/v2\/product_cat?post=2201"},{"taxonomy":"product_tag","embeddable":true,"href":"https:\/\/esfinge.mx\/inicio\/wp-json\/wp\/v2\/product_tag?post=2201"}],"curies":[{"name":"wp","href":"https:\/\/api.w.org\/{rel}","templated":true}]}}