{"id":232,"date":"2021-09-22T16:51:03","date_gmt":"2021-09-22T16:51:03","guid":{"rendered":"https:\/\/esfinge.mx\/inicio\/?product=etimologias-grecolatinas"},"modified":"2026-03-29T02:00:18","modified_gmt":"2026-03-29T08:00:18","slug":"etimologias-grecolatinas","status":"publish","type":"product","link":"https:\/\/esfinge.mx\/inicio\/producto\/etimologias-grecolatinas\/","title":{"rendered":"Etimolog\u00edas grecolatinas"},"content":{"rendered":"<section id=\"content-section-1528971561366\" class=\"astroid-section astroid-component-section py-3 py-md-5\">\n<div class=\"container\">\n<div id=\"astroid-row-1528971561366\" class=\"row astroid-row\">\n<div id=\"astroid-column-1528971561366\" class=\"astroid-column col-lg-12\">\n<div id=\"component-area-1529739248826\" class=\"astroid-component\">\n<div class=\"astroid-component-area\">\n<div id=\"hikashop_product_9786071008558_page\" class=\"hikashop_product_page hikashop_product_of_category_35 hikashop_product_of_category_30 hikashop_product_of_category_2\">\n<form action=\"https:\/\/esfinge.mx\/home\/index.php\/libro\/product\/updatecart\" enctype=\"multipart\/form-data\" method=\"post\" name=\"hikashop_product_form\">\n<div id=\"hikashop_product_bottom_part\" class=\"hikashop_product_bottom_part\">\n<div id=\"hikashop_product_description_main\" class=\"hikashop_product_description_main\">\n<div class=\"caracteristicas\"><b class=\"subtitulo\">Propuesta did\u00e1ctica y metodolog\u00eda<\/b><\/div>\n<div class=\"caracteristicas\">El texto contribuye al desarrollo de habilidades y capacidades de los estudiantes en la adquisici\u00f3n de conocimientos acerca de nuestro idioma, lo cual les permite tener una actitud cr\u00edtica ante los cambios lingu\u0308\u00edsticos del espa\u00f1ol. Contiene un discurso \u00e1gil y ameno; actividades individuales y grupales que formar\u00e1n parte del portafolio de evidencias; problemas de investigaci\u00f3n y r\u00fabricas de autoevaluaci\u00f3n, herramientas que ayudar\u00e1n al estudiante a un mejor aprendizaje. Es una nueva edici\u00f3n con m\u00e1s ejercicios y actividades.<\/div>\n<div class=\"caracteristicas\"><b class=\"subtitulo\">Actividades y contenido<\/b><\/div>\n<div class=\"caracteristicas\">1. Introducci\u00f3n e importancia de las etimolog\u00edas. 2. Etimolog\u00eda Griega. 3. Etimolog\u00eda Latina.<\/div>\n<div id=\"contenedor\">\n<div class=\"hijo\"><b class=\"subtitulo\">ISBN<br \/>\n<\/b>9786071008558<\/div>\n<div class=\"hijo\"><b class=\"subtitulo\">Fomato<br \/>\n<\/b>20.5 x 27 cm<\/div>\n<div class=\"hijo\"><b class=\"subtitulo\">P\u00e1ginas<br \/>\n<\/b>296<\/div>\n<div class=\"hijo\"><b class=\"subtitulo\">Componentes<br \/>\n<\/b>Libro para el alumno<br \/>\nGu\u00eda para el maestro<\/div>\n<\/div>\n<div class=\"hijo\"><\/div>\n<div class=\"clear\"><\/div>\n<div class=\"caracteristicas\"><b class=\"subtitulo\">Autor<\/b><\/div>\n<div class=\"caracteristicas\">Marina Adriana Herrera V\u00e1zquez<\/div>\n<\/div>\n<p><span id=\"hikashop_product_url_main\" class=\"hikashop_product_url_main\"><\/span><\/p>\n<div id=\"hikashop_product_files_main\" class=\"hikashop_product_files_main\"><\/div>\n<\/div>\n<\/form>\n<div id=\"hikashop_submodules\" class=\"hikashop_submodules\">\n<div id=\"hikashop_module_98\" class=\"hikashop_module \">\n<div id=\"hikashop_category_information_module_98\" class=\"hikashop_category_information hikashop_products_listing_main hikashop_product_listing_2 filter_refresh_div\" data-refresh-class=\"hikashop_checkout_loading\" data-refresh-url=\"https:\/\/esfinge.mx\/home\/index.php\/libro\/product\/139-etimologias-grecolatinas?tmpl=raw&amp;filter=1\" data-use-url=\"1\">\n<div class=\"hikashop_checkout_loading_elem\"><\/div>\n<div class=\"hikashop_checkout_loading_spinner\"><\/div>\n<\/div>\n<\/div>\n<\/div>\n<div id=\"hikashop_external_comments\" class=\"hikashop_external_comments\"><\/div>\n<\/div>\n<\/div>\n<\/div>\n<\/div>\n<\/div>\n<\/div>\n<\/section>\n<section id=\"section-5-1529739392010\" class=\"astroid-section py-3 py-md-5\">\n<div class=\"container\">\n<div id=\"astroid-row-1529739392010\" class=\"row astroid-row\">\n<div id=\"astroid-column-1529739392010\" class=\"astroid-column col-lg-12\">\n<div id=\"position-5-1529739392010\" class=\"astroid-module-position\">\n<div class=\"moduletable \">\n<div class=\"custom\"><\/div>\n<\/div>\n<\/div>\n<\/div>\n<\/div>\n<\/div>\n<\/section>\n","protected":false},"excerpt":{"rendered":"<p>Herrera V\u00e1zquez Marina Adriana<\/p>\n","protected":false},"featured_media":556,"comment_status":"open","ping_status":"closed","template":"","meta":[],"product_brand":[],"product_cat":[21],"product_tag":[],"class_list":{"0":"post-232","1":"product","2":"type-product","3":"status-publish","4":"has-post-thumbnail","6":"product_cat-media-superior","8":"first","9":"instock","10":"taxable","11":"shipping-taxable","12":"purchasable","13":"product-type-simple"},"_links":{"self":[{"href":"https:\/\/esfinge.mx\/inicio\/wp-json\/wp\/v2\/product\/232","targetHints":{"allow":["GET"]}}],"collection":[{"href":"https:\/\/esfinge.mx\/inicio\/wp-json\/wp\/v2\/product"}],"about":[{"href":"https:\/\/esfinge.mx\/inicio\/wp-json\/wp\/v2\/types\/product"}],"replies":[{"embeddable":true,"href":"https:\/\/esfinge.mx\/inicio\/wp-json\/wp\/v2\/comments?post=232"}],"wp:featuredmedia":[{"embeddable":true,"href":"https:\/\/esfinge.mx\/inicio\/wp-json\/wp\/v2\/media\/556"}],"wp:attachment":[{"href":"https:\/\/esfinge.mx\/inicio\/wp-json\/wp\/v2\/media?parent=232"}],"wp:term":[{"taxonomy":"product_brand","embeddable":true,"href":"https:\/\/esfinge.mx\/inicio\/wp-json\/wp\/v2\/product_brand?post=232"},{"taxonomy":"product_cat","embeddable":true,"href":"https:\/\/esfinge.mx\/inicio\/wp-json\/wp\/v2\/product_cat?post=232"},{"taxonomy":"product_tag","embeddable":true,"href":"https:\/\/esfinge.mx\/inicio\/wp-json\/wp\/v2\/product_tag?post=232"}],"curies":[{"name":"wp","href":"https:\/\/api.w.org\/{rel}","templated":true}]}}