{"id":234,"date":"2021-09-22T16:51:03","date_gmt":"2021-09-22T16:51:03","guid":{"rendered":"https:\/\/esfinge.mx\/inicio\/?product=fisica-2"},"modified":"2026-03-29T02:00:18","modified_gmt":"2026-03-29T08:00:18","slug":"fisica-2","status":"publish","type":"product","link":"https:\/\/esfinge.mx\/inicio\/producto\/fisica-2\/","title":{"rendered":"F\u00edsica 2"},"content":{"rendered":"<div class=\"caracteristicas\"><b class=\"subtitulo\">Propuesta did\u00e1ctica y metodolog\u00eda<\/b><\/div>\n<div class=\"caracteristicas\">F\u00edsica 2 es una herramienta importante en el aprendizaje de los estudiantes, en donde se plantean problemas reales, abstractos y de aplicaci\u00f3n para que el alumno sea capaz de resolverlos utilizando los diferentes principios y leyes relacionados con las propiedades de la masa y los estados de agregaci\u00f3n, en el campo de la hidrost\u00e1tica y la hidrodin\u00e1mica, los conceptos de calor, temperatura y procesos termodin\u00e1micos.<\/div>\n<div class=\"caracteristicas\"><b class=\"subtitulo\">Actividades y contenido<\/b><\/div>\n<div class=\"caracteristicas\">Bloque 1. Estados de agregaci\u00f3n. Bloque 2. Hidrost\u00e1tica. Bloque 3. Hidrodin\u00e1mica. Bloque 4. Termolog\u00eda.<\/div>\n<div id=\"contenedor\">\n<div class=\"hijo\"><b class=\"subtitulo\">ISBN<br \/>\n<\/b>9786071006295<\/div>\n<div class=\"hijo\"><b class=\"subtitulo\">Fomato<br \/>\n<\/b>20.5 x 27 cm<\/div>\n<div class=\"hijo\"><b class=\"subtitulo\">P\u00e1ginas<br \/>\n<\/b>160<\/div>\n<div class=\"hijo\"><b class=\"subtitulo\">Componentes<br \/>\n<\/b>Libro para el alumno<br \/>\nGu\u00eda para el maestro<\/div>\n<\/div>\n<div class=\"hijo\"><\/div>\n<div class=\"clear\"><\/div>\n<div class=\"caracteristicas\"><b class=\"subtitulo\">Autor<\/b><\/div>\n<div class=\"caracteristicas\">Javier Enr\u00edquez Brito<\/div>\n","protected":false},"excerpt":{"rendered":"<p>Enriquez Brito Javier<\/p>\n","protected":false},"featured_media":558,"comment_status":"open","ping_status":"closed","template":"","meta":[],"product_brand":[],"product_cat":[21],"product_tag":[],"class_list":{"0":"post-234","1":"product","2":"type-product","3":"status-publish","4":"has-post-thumbnail","6":"product_cat-media-superior","8":"first","9":"instock","10":"taxable","11":"shipping-taxable","12":"purchasable","13":"product-type-simple"},"_links":{"self":[{"href":"https:\/\/esfinge.mx\/inicio\/wp-json\/wp\/v2\/product\/234","targetHints":{"allow":["GET"]}}],"collection":[{"href":"https:\/\/esfinge.mx\/inicio\/wp-json\/wp\/v2\/product"}],"about":[{"href":"https:\/\/esfinge.mx\/inicio\/wp-json\/wp\/v2\/types\/product"}],"replies":[{"embeddable":true,"href":"https:\/\/esfinge.mx\/inicio\/wp-json\/wp\/v2\/comments?post=234"}],"wp:featuredmedia":[{"embeddable":true,"href":"https:\/\/esfinge.mx\/inicio\/wp-json\/wp\/v2\/media\/558"}],"wp:attachment":[{"href":"https:\/\/esfinge.mx\/inicio\/wp-json\/wp\/v2\/media?parent=234"}],"wp:term":[{"taxonomy":"product_brand","embeddable":true,"href":"https:\/\/esfinge.mx\/inicio\/wp-json\/wp\/v2\/product_brand?post=234"},{"taxonomy":"product_cat","embeddable":true,"href":"https:\/\/esfinge.mx\/inicio\/wp-json\/wp\/v2\/product_cat?post=234"},{"taxonomy":"product_tag","embeddable":true,"href":"https:\/\/esfinge.mx\/inicio\/wp-json\/wp\/v2\/product_tag?post=234"}],"curies":[{"name":"wp","href":"https:\/\/api.w.org\/{rel}","templated":true}]}}