{"id":24,"date":"2021-09-22T16:50:49","date_gmt":"2021-09-22T16:50:49","guid":{"rendered":"https:\/\/esfinge.mx\/inicio\/?product=megaestampas-1"},"modified":"2026-03-29T02:00:26","modified_gmt":"2026-03-29T08:00:26","slug":"megaestampas-1","status":"publish","type":"product","link":"https:\/\/esfinge.mx\/inicio\/producto\/megaestampas-1\/","title":{"rendered":"Megaestampas 1"},"content":{"rendered":"<p style=\"font-weight: 500;\"><span style=\"color: #ff0000;\"><strong style=\"font-weight: 400;\">Propuesta did\u00e1ctica<\/strong><\/span><\/p>\n<ul>\n<li style=\"font-weight: 500;\">Recurso did\u00e1ctico dise\u00f1ado para favorecer la construcci\u00f3n de conocimientos b\u00e1sicos de manera integral en preescolar. Promueve el desarrollo de diversas competencias por medio de la motivaci\u00f3n y actividades anal\u00edticas y reflexivas.<\/li>\n<\/ul>\n<p style=\"font-weight: 500;\"><span style=\"color: #ff0000;\"><strong style=\"font-weight: 400;\">Actividades y contenido<\/strong><\/span><\/p>\n<ul>\n<li style=\"font-weight: 500;\">Al trabajar con las actividades de Megaestampas, no s\u00f3lo se abordan diversos contenidos propios del ciclo escolar, sino tambi\u00e9n se desarrollan habilidades y destrezas cognitivas que impulsan la capacidad de observaci\u00f3n y elaboraci\u00f3n de explicaciones mediante deducciones que dan inicio al pensamiento cient\u00edfico elemental y matem\u00e1tico b\u00e1sico, fundamentales para atender los conocimientos que sobre estas disciplinas se imparten en la educaci\u00f3n primaria y secundaria.<\/li>\n<\/ul>\n<p><strong style=\"font-weight: 400;\"><span style=\"color: #ff0000;\">ISBN<\/span><br \/>\n<\/strong>9786071009487<\/p>\n<p><strong style=\"font-weight: 400;\"><span style=\"color: #ff0000;\">Formato<\/span><br \/>\n<\/strong><\/p>\n<p>32 x 24 cm<\/p>\n<p><strong style=\"font-weight: 400;\"><span style=\"color: #ff0000;\">P\u00e1ginas<\/span><br \/>\n<\/strong>88<\/p>\n<p><strong style=\"font-weight: 400;\"><span style=\"color: #ff0000;\">Componentes<\/span><br \/>\n<\/strong>Cuaderno de trabajo<\/p>\n<p>&nbsp;<\/p>\n<p style=\"font-weight: 500;\"><span style=\"color: #ff0000;\"><strong style=\"font-weight: 400;\">Autor<\/strong><\/span><\/p>\n<p style=\"font-weight: 500;\">Johanna Fern\u00e1ndez Mondada<\/p>\n","protected":false},"excerpt":{"rendered":"<p>Megaestampas 1<\/p>\n<p>Johanna Fern\u00e1ndez Mondada<\/p>\n","protected":false},"featured_media":618,"comment_status":"open","ping_status":"closed","template":"","meta":[],"product_brand":[],"product_cat":[16],"product_tag":[],"class_list":{"0":"post-24","1":"product","2":"type-product","3":"status-publish","4":"has-post-thumbnail","6":"product_cat-preescolar","8":"first","9":"instock","10":"taxable","11":"shipping-taxable","12":"purchasable","13":"product-type-simple"},"_links":{"self":[{"href":"https:\/\/esfinge.mx\/inicio\/wp-json\/wp\/v2\/product\/24","targetHints":{"allow":["GET"]}}],"collection":[{"href":"https:\/\/esfinge.mx\/inicio\/wp-json\/wp\/v2\/product"}],"about":[{"href":"https:\/\/esfinge.mx\/inicio\/wp-json\/wp\/v2\/types\/product"}],"replies":[{"embeddable":true,"href":"https:\/\/esfinge.mx\/inicio\/wp-json\/wp\/v2\/comments?post=24"}],"wp:featuredmedia":[{"embeddable":true,"href":"https:\/\/esfinge.mx\/inicio\/wp-json\/wp\/v2\/media\/618"}],"wp:attachment":[{"href":"https:\/\/esfinge.mx\/inicio\/wp-json\/wp\/v2\/media?parent=24"}],"wp:term":[{"taxonomy":"product_brand","embeddable":true,"href":"https:\/\/esfinge.mx\/inicio\/wp-json\/wp\/v2\/product_brand?post=24"},{"taxonomy":"product_cat","embeddable":true,"href":"https:\/\/esfinge.mx\/inicio\/wp-json\/wp\/v2\/product_cat?post=24"},{"taxonomy":"product_tag","embeddable":true,"href":"https:\/\/esfinge.mx\/inicio\/wp-json\/wp\/v2\/product_tag?post=24"}],"curies":[{"name":"wp","href":"https:\/\/api.w.org\/{rel}","templated":true}]}}