{"id":2425,"date":"2025-02-18T21:23:44","date_gmt":"2025-02-19T03:23:44","guid":{"rendered":"https:\/\/esfinge.mx\/inicio\/?post_type=product&#038;p=2425"},"modified":"2026-03-29T02:00:08","modified_gmt":"2026-03-29T08:00:08","slug":"ciencias-sociales-3-serie-trayectos","status":"publish","type":"product","link":"https:\/\/esfinge.mx\/inicio\/producto\/ciencias-sociales-3-serie-trayectos\/","title":{"rendered":"Ciencias sociales 3. Serie Trayectos"},"content":{"rendered":"<p><strong>Descripci\u00f3n<\/strong><\/p>\n<p>&nbsp;<\/p>\n<p><em>Ciencias sociales 3<\/em> es un libro de transici\u00f3n que permite apropiarse de saberes, habilidades, conocimientos y herramientas anal\u00edticas para distinguir libertades econ\u00f3micas y con ello fomentar en los alumnos su participaci\u00f3n en el ejercicio de una ciudadan\u00eda cr\u00edtica, informada, \u00e9tica en los \u00e1mbitos local, nacional y global. A trav\u00e9s de sus actividades se promueve la reflexi\u00f3n a partir de problemas pr\u00e1cticos y experiencias personales, sobre la independiencia e importancia en la vida p\u00fablica de la econom\u00eda, la pol\u00edtica, el Estado, el derecho y la sociedad.<\/p>\n<p>&nbsp;<\/p>\n<p><strong>Contenido<\/strong><\/p>\n<ul>\n<li>Trabaja las 12 Progresiones de aprendizaje (PDA) indicadas para el \u00c1rea de conocimiento de Ciencias sociales en el nuevo Marco Curricular de la Educaci\u00f3n Media Superior (MCCEMS).<\/li>\n<li>Integra a la pr\u00e1ctica educativa el enfoque y la propuesta del MCCEMS.<\/li>\n<li>Organizado en tres bimestres.<\/li>\n<li>Incluye evaluaciones diagn\u00f3sticas, parciales y bimestrales.<\/li>\n<li>Presenta un Laboratorio el cual propone trabajar un proyecto a lo largo de los bimestres.<\/li>\n<\/ul>\n","protected":false},"excerpt":{"rendered":"<p>Guadalupe Ledesma Dur\u00e1n<\/p>\n","protected":false},"featured_media":2426,"comment_status":"open","ping_status":"closed","template":"","meta":[],"product_brand":[],"product_cat":[72,21],"product_tag":[],"class_list":{"0":"post-2425","1":"product","2":"type-product","3":"status-publish","4":"has-post-thumbnail","6":"product_cat-novedades-2025","7":"product_cat-media-superior","9":"first","10":"instock","11":"taxable","12":"shipping-taxable","13":"purchasable","14":"product-type-simple"},"_links":{"self":[{"href":"https:\/\/esfinge.mx\/inicio\/wp-json\/wp\/v2\/product\/2425","targetHints":{"allow":["GET"]}}],"collection":[{"href":"https:\/\/esfinge.mx\/inicio\/wp-json\/wp\/v2\/product"}],"about":[{"href":"https:\/\/esfinge.mx\/inicio\/wp-json\/wp\/v2\/types\/product"}],"replies":[{"embeddable":true,"href":"https:\/\/esfinge.mx\/inicio\/wp-json\/wp\/v2\/comments?post=2425"}],"wp:featuredmedia":[{"embeddable":true,"href":"https:\/\/esfinge.mx\/inicio\/wp-json\/wp\/v2\/media\/2426"}],"wp:attachment":[{"href":"https:\/\/esfinge.mx\/inicio\/wp-json\/wp\/v2\/media?parent=2425"}],"wp:term":[{"taxonomy":"product_brand","embeddable":true,"href":"https:\/\/esfinge.mx\/inicio\/wp-json\/wp\/v2\/product_brand?post=2425"},{"taxonomy":"product_cat","embeddable":true,"href":"https:\/\/esfinge.mx\/inicio\/wp-json\/wp\/v2\/product_cat?post=2425"},{"taxonomy":"product_tag","embeddable":true,"href":"https:\/\/esfinge.mx\/inicio\/wp-json\/wp\/v2\/product_tag?post=2425"}],"curies":[{"name":"wp","href":"https:\/\/api.w.org\/{rel}","templated":true}]}}