{"id":2431,"date":"2025-02-18T21:36:11","date_gmt":"2025-02-19T03:36:11","guid":{"rendered":"https:\/\/esfinge.mx\/inicio\/?post_type=product&#038;p=2431"},"modified":"2026-03-29T02:00:07","modified_gmt":"2026-03-29T08:00:07","slug":"conciencia-historica-1-perspectivas-del-mexico-antiguo-en-los-contextos-globales","status":"publish","type":"product","link":"https:\/\/esfinge.mx\/inicio\/producto\/conciencia-historica-1-perspectivas-del-mexico-antiguo-en-los-contextos-globales\/","title":{"rendered":"Conciencia Hist\u00f3rica 1 Perspectivas del M\u00e9xico antiguo en los contextos globales"},"content":{"rendered":"<p><strong>Descripci\u00f3n<\/strong><\/p>\n<p>&nbsp;<\/p>\n<p><em>Conciencia Hist\u00f3rica 1<\/em> es un libro que ayuda a los estudiantes a comprender su presente a partir del conocimiento y la reflexi\u00f3n del pasado. Para el logro de este prop\u00f3sito se plantea el an\u00e1lisis de la situaci\u00f3n presente del estudiante, su familia, comunidad, naci\u00f3n y el mundo, pregunt\u00e1ndose por qu\u00e9 estamos en estas condiciones y cu\u00e1les son los hechos y procesos del pasado que influyen en las circunstancias actuales. Se plantean m\u00faltiples recursos, estrategias y propuestas de actividades que permiten recopilar informaci\u00f3n, analizarla cr\u00edticamente para comprender e interpretar los procesos y hechos vividos por los seres humanos, las comunidades y las sociedades en el pasado, con el prop\u00f3sito de desarrollar un pensamiento cr\u00edtico para explicar y ubicarse en la realidad presente, as\u00ed como orientar acciones futuras.<\/p>\n<p>&nbsp;<\/p>\n<p><strong>Contenido<\/strong><\/p>\n<ul>\n<li>Trabaja las 10 Progresiones de aprendizaje (PDA) indicadas para el recurso sociocognitivo de Conciencia Hist\u00f3rica en el nuevo Marco Curricular de la Educaci\u00f3n Media Superior (MCCEMS).<\/li>\n<li>Integra a la pr\u00e1ctica educativa el enfoque y la propuesta del MCCEMS.<\/li>\n<li>Organizado en tres bimestres.<\/li>\n<li>Incluye evaluaciones diagn\u00f3sticas, parciales y bimestrales.<\/li>\n<li>Presenta un Laboratorio el cual propone trabajar un proyecto a lo largo de los bimestres.<\/li>\n<\/ul>\n<p>&nbsp;<\/p>\n<p>&nbsp;<\/p>\n","protected":false},"excerpt":{"rendered":"<p>Sebasti\u00e1n Samuel Ubaldo Serratos<\/p>\n","protected":false},"featured_media":2432,"comment_status":"open","ping_status":"closed","template":"","meta":[],"product_brand":[],"product_cat":[72,21],"product_tag":[],"class_list":{"0":"post-2431","1":"product","2":"type-product","3":"status-publish","4":"has-post-thumbnail","6":"product_cat-novedades-2025","7":"product_cat-media-superior","9":"first","10":"instock","11":"taxable","12":"shipping-taxable","13":"purchasable","14":"product-type-simple"},"_links":{"self":[{"href":"https:\/\/esfinge.mx\/inicio\/wp-json\/wp\/v2\/product\/2431","targetHints":{"allow":["GET"]}}],"collection":[{"href":"https:\/\/esfinge.mx\/inicio\/wp-json\/wp\/v2\/product"}],"about":[{"href":"https:\/\/esfinge.mx\/inicio\/wp-json\/wp\/v2\/types\/product"}],"replies":[{"embeddable":true,"href":"https:\/\/esfinge.mx\/inicio\/wp-json\/wp\/v2\/comments?post=2431"}],"wp:featuredmedia":[{"embeddable":true,"href":"https:\/\/esfinge.mx\/inicio\/wp-json\/wp\/v2\/media\/2432"}],"wp:attachment":[{"href":"https:\/\/esfinge.mx\/inicio\/wp-json\/wp\/v2\/media?parent=2431"}],"wp:term":[{"taxonomy":"product_brand","embeddable":true,"href":"https:\/\/esfinge.mx\/inicio\/wp-json\/wp\/v2\/product_brand?post=2431"},{"taxonomy":"product_cat","embeddable":true,"href":"https:\/\/esfinge.mx\/inicio\/wp-json\/wp\/v2\/product_cat?post=2431"},{"taxonomy":"product_tag","embeddable":true,"href":"https:\/\/esfinge.mx\/inicio\/wp-json\/wp\/v2\/product_tag?post=2431"}],"curies":[{"name":"wp","href":"https:\/\/api.w.org\/{rel}","templated":true}]}}