{"id":2438,"date":"2025-02-18T21:41:51","date_gmt":"2025-02-19T03:41:51","guid":{"rendered":"https:\/\/esfinge.mx\/inicio\/?post_type=product&#038;p=2438"},"modified":"2026-03-29T02:00:29","modified_gmt":"2026-03-29T08:00:29","slug":"reacciones-quimicas-conservacion-de-la-materia-en-la-formacion-de-nuevas-sustancias","status":"publish","type":"product","link":"https:\/\/esfinge.mx\/inicio\/producto\/reacciones-quimicas-conservacion-de-la-materia-en-la-formacion-de-nuevas-sustancias\/","title":{"rendered":"Reacciones qu\u00edmicas Conservaci\u00f3n de la materia en la formaci\u00f3n de nuevas sustancias"},"content":{"rendered":"<p><strong>Descripci\u00f3n<\/strong><\/p>\n<p>&nbsp;<\/p>\n<p><em>Reacciones qu\u00edmicas Conservaci\u00f3n de la materia en la formaci\u00f3n de nuevas sustancias<\/em> es un libro que permite a los alumnos apropiarse de saberes, habilidades, conocimientos y nociones disciplinares con el objetivo de que impacten sus experiencias personales y colectivas, presentes y futuras. Ayuda a estudiar la estructura at\u00f3mica, las transformaciones qu\u00edmicas que mantienen la conservaci\u00f3n de la materia y la energ\u00eda, las reacciones nucleares y el impacto de estos fen\u00f3menos en la preservaci\u00f3n atmosf\u00e9rica. En este libro se orienta el aprendizaje hacia una visi\u00f3n m\u00e1s cient\u00edfica y coherente con las necesidades actuales, tanto cient\u00edficas como tecnol\u00f3gicas.<\/p>\n<p>&nbsp;<\/p>\n<p><strong>Contenido<\/strong><\/p>\n<ul>\n<li>Trabaja las 14 Progresiones de aprendizaje (PDA) indicadas para el \u00c1rea de conocimiento Ciencias Naturales, Experimentales y Tecnolog\u00eda en el nuevo Marco Curricular de la Educaci\u00f3n Media Superior (MCCEMS).<\/li>\n<li>Integra a la pr\u00e1ctica educativa el enfoque y la propuesta del MCCEMS.<\/li>\n<li>Organizado en tres bimestres.<\/li>\n<li>Propone Pr\u00e1cticas experimentales para desarrollar como estudio independiente.<\/li>\n<li>Incluye evaluaciones diagn\u00f3sticas, parciales y bimestrales.<\/li>\n<li>Presenta un Laboratorio el cual propone trabajar un proyecto a lo largo de los bimestres.<\/li>\n<\/ul>\n","protected":false},"excerpt":{"rendered":"<p>Gil Robles Mart\u00ednez<\/p>\n","protected":false},"featured_media":2439,"comment_status":"open","ping_status":"closed","template":"","meta":[],"product_brand":[],"product_cat":[72,21],"product_tag":[],"class_list":{"0":"post-2438","1":"product","2":"type-product","3":"status-publish","4":"has-post-thumbnail","6":"product_cat-novedades-2025","7":"product_cat-media-superior","9":"first","10":"outofstock","11":"taxable","12":"shipping-taxable","13":"purchasable","14":"product-type-simple"},"_links":{"self":[{"href":"https:\/\/esfinge.mx\/inicio\/wp-json\/wp\/v2\/product\/2438","targetHints":{"allow":["GET"]}}],"collection":[{"href":"https:\/\/esfinge.mx\/inicio\/wp-json\/wp\/v2\/product"}],"about":[{"href":"https:\/\/esfinge.mx\/inicio\/wp-json\/wp\/v2\/types\/product"}],"replies":[{"embeddable":true,"href":"https:\/\/esfinge.mx\/inicio\/wp-json\/wp\/v2\/comments?post=2438"}],"wp:featuredmedia":[{"embeddable":true,"href":"https:\/\/esfinge.mx\/inicio\/wp-json\/wp\/v2\/media\/2439"}],"wp:attachment":[{"href":"https:\/\/esfinge.mx\/inicio\/wp-json\/wp\/v2\/media?parent=2438"}],"wp:term":[{"taxonomy":"product_brand","embeddable":true,"href":"https:\/\/esfinge.mx\/inicio\/wp-json\/wp\/v2\/product_brand?post=2438"},{"taxonomy":"product_cat","embeddable":true,"href":"https:\/\/esfinge.mx\/inicio\/wp-json\/wp\/v2\/product_cat?post=2438"},{"taxonomy":"product_tag","embeddable":true,"href":"https:\/\/esfinge.mx\/inicio\/wp-json\/wp\/v2\/product_tag?post=2438"}],"curies":[{"name":"wp","href":"https:\/\/api.w.org\/{rel}","templated":true}]}}