{"id":244,"date":"2021-09-22T16:51:03","date_gmt":"2021-09-22T16:51:03","guid":{"rendered":"https:\/\/esfinge.mx\/inicio\/?product=habilidades-basicas-del-pensamiento"},"modified":"2025-12-18T02:00:21","modified_gmt":"2025-12-18T08:00:21","slug":"habilidades-basicas-del-pensamiento","status":"publish","type":"product","link":"https:\/\/esfinge.mx\/inicio\/producto\/habilidades-basicas-del-pensamiento\/","title":{"rendered":"Habilidades b\u00e1sicas del pensamiento"},"content":{"rendered":"<div class=\"caracteristicas\"><b class=\"subtitulo\">Propuesta did\u00e1ctica y metodolog\u00eda<\/b><\/div>\n<div class=\"caracteristicas\">El mundo actual requiere que las personas m\u00e1s que almacenar conocimientos, cuenten con competencias que les permitan comprender, evaluar e integrar dicho conocimiento. Esta obra proporciona al lector los conocimientos te\u00f3ricos relacionados con los procesos cognoscitivos, las habilidades del pensamiento y su influencia en el aprendizaje, tambi\u00e9n le ofrece herramientas metodol\u00f3gicas que permiten su mejor desempe\u00f1o como pensador y como aprendiz aut\u00f3nomo.<\/div>\n<div class=\"caracteristicas\"><b class=\"subtitulo\">Actividades y contenido<\/b><\/div>\n<div class=\"caracteristicas\">1. La cognici\u00f3n. 2. Aproximaciones b\u00e1sicas para el estudio de la cognici\u00f3n. 3. La psicolog\u00eda cognitiva y las teor\u00edas del desarrollo cognitivo. 4. Procesos cognitivos. 5. Aprendizaje y pensamiento. 6. Habilidades b\u00e1sicas de pensamiento y metacognitivas. 7. Estrategias de aprendizaje.<\/div>\n<div id=\"contenedor\">\n<div class=\"hijo\"><b class=\"subtitulo\">ISBN<br \/>\n<\/b>9786071002372<\/div>\n<div class=\"hijo\"><b class=\"subtitulo\">Fomato<br \/>\n<\/b>16.5 x 23 cm<\/div>\n<div class=\"hijo\"><b class=\"subtitulo\">P\u00e1ginas<br \/>\n<\/b>176<\/div>\n<div class=\"hijo\"><b class=\"subtitulo\">Componentes<br \/>\n<\/b>Libro para el alumno<br \/>\nGu\u00eda para el maestro<\/div>\n<\/div>\n<div class=\"hijo\"><\/div>\n<div class=\"clear\"><\/div>\n<div class=\"caracteristicas\"><b class=\"subtitulo\">Autor<\/b><\/div>\n<div class=\"caracteristicas\">Lilian Dabdoub Alvarado<br \/>\nLily Jim\u00e9nez Dabdoub<\/div>\n","protected":false},"excerpt":{"rendered":"<p>Lilian Dabdoub Alvarado y otros<\/p>\n","protected":false},"featured_media":655,"comment_status":"open","ping_status":"closed","template":"","meta":[],"product_brand":[],"product_cat":[21],"product_tag":[],"class_list":{"0":"post-244","1":"product","2":"type-product","3":"status-publish","4":"has-post-thumbnail","6":"product_cat-media-superior","8":"first","9":"instock","10":"taxable","11":"shipping-taxable","12":"purchasable","13":"product-type-simple"},"_links":{"self":[{"href":"https:\/\/esfinge.mx\/inicio\/wp-json\/wp\/v2\/product\/244","targetHints":{"allow":["GET"]}}],"collection":[{"href":"https:\/\/esfinge.mx\/inicio\/wp-json\/wp\/v2\/product"}],"about":[{"href":"https:\/\/esfinge.mx\/inicio\/wp-json\/wp\/v2\/types\/product"}],"replies":[{"embeddable":true,"href":"https:\/\/esfinge.mx\/inicio\/wp-json\/wp\/v2\/comments?post=244"}],"wp:featuredmedia":[{"embeddable":true,"href":"https:\/\/esfinge.mx\/inicio\/wp-json\/wp\/v2\/media\/655"}],"wp:attachment":[{"href":"https:\/\/esfinge.mx\/inicio\/wp-json\/wp\/v2\/media?parent=244"}],"wp:term":[{"taxonomy":"product_brand","embeddable":true,"href":"https:\/\/esfinge.mx\/inicio\/wp-json\/wp\/v2\/product_brand?post=244"},{"taxonomy":"product_cat","embeddable":true,"href":"https:\/\/esfinge.mx\/inicio\/wp-json\/wp\/v2\/product_cat?post=244"},{"taxonomy":"product_tag","embeddable":true,"href":"https:\/\/esfinge.mx\/inicio\/wp-json\/wp\/v2\/product_tag?post=244"}],"curies":[{"name":"wp","href":"https:\/\/api.w.org\/{rel}","templated":true}]}}