{"id":2457,"date":"2025-06-14T23:50:07","date_gmt":"2025-06-15T05:50:07","guid":{"rendered":"https:\/\/esfinge.mx\/inicio\/?post_type=product&#038;p=2457"},"modified":"2026-03-29T02:00:07","modified_gmt":"2026-03-29T08:00:07","slug":"quien-soy-y-que-onda-con-mi-mundo","status":"publish","type":"product","link":"https:\/\/esfinge.mx\/inicio\/producto\/quien-soy-y-que-onda-con-mi-mundo\/","title":{"rendered":"\u00bfQui\u00e9n soy y qu\u00e9 onda con mi mundo?"},"content":{"rendered":"<p><strong>\u00bfQui\u00e9n soy y qu\u00e9 onda con mi mundo?<\/strong> No es otro libro de autoayuda aburrido. Es esa conversaci\u00f3n honesta que todo adolescente necesita, escrita en su propio lenguaje.<\/p>\n<p>Gabriel Torres, \u201cGabo para los cuates\u201d, ha desarrollado un manual \u201ccasi\u201d de emergencia que combina ciencia real sobre el cerebro adolescente con experiencias aut\u00e9nticas de cientos de j\u00f3venes mexicanos.<\/p>\n<p>Lo que realmente transforma a este libro en una herramienta poderosa no es solo su contenido, sino c\u00f3mo lo traduce al terreno emocional y cotidiano del adolescente. Cada cap\u00edtulo ofrece recursos \u00fatiles y concretos: met\u00e1foras claras para entender lo que les pasa, estrategias para autorregularse sin sentirse juzgados, claves para sobrevivir al mundo digital sin perderse y ejercicios que los invitan a tomar decisiones con consciencia. Todo presentado en un lenguaje que reconocen como propio.<\/p>\n<p>No es un libro que habla de los adolescentes, sino a los adolescentes. Y eso marca la diferencia, ellos lo leen, entienden, comentan y aplican. Las emociones que antes no sab\u00edan nombrar, ahora tienen un mapa. Las decisiones que antes evitaban, ahora enfrentan con m\u00e1s claridad.<\/p>\n<p>Es un libro que les da lo que rara vez encuentran en materiales escolares, institucionales o de autoconocimiento: herramientas \u00fatiles para la vida, en el momento en que m\u00e1s las necesitan.<\/p>\n<p><strong>GaboT: tu compa\u00f1ero de lectura inteligente que cobra vida digital<\/strong><\/p>\n<p>El libro es poderoso, pero GaboT lo lleva al siguiente nivel. Es el primer asistente digital que realmente entiende a los adolescentes porque habla como ellos hablan, pero adem\u00e1s se convierte en un compa\u00f1ero de lectura personal.<\/p>\n<p>Sabe perfectamente en qu\u00e9 cap\u00edtulo va el lector, tiene memoria de los acuerdos que el adolescente hace consigo mismo despu\u00e9s de cada cap\u00edtulo, y est\u00e1 ah\u00ed para aclarar cualquier duda sobre lo que se acaba de leer. Es como tener a ese amigo que ya ley\u00f3 el libro y puede platicar m\u00e1s a fondo sobre cada tema con los adolescentes.<\/p>\n","protected":false},"excerpt":{"rendered":"<p><strong>Gabriel Torres Messina<\/strong><\/p>\n","protected":false},"featured_media":2459,"comment_status":"open","ping_status":"closed","template":"","meta":[],"product_brand":[],"product_cat":[72,35],"product_tag":[],"class_list":{"0":"post-2457","1":"product","2":"type-product","3":"status-publish","4":"has-post-thumbnail","6":"product_cat-novedades-2025","7":"product_cat-literatura","9":"first","10":"instock","11":"taxable","12":"shipping-taxable","13":"purchasable","14":"product-type-simple"},"_links":{"self":[{"href":"https:\/\/esfinge.mx\/inicio\/wp-json\/wp\/v2\/product\/2457","targetHints":{"allow":["GET"]}}],"collection":[{"href":"https:\/\/esfinge.mx\/inicio\/wp-json\/wp\/v2\/product"}],"about":[{"href":"https:\/\/esfinge.mx\/inicio\/wp-json\/wp\/v2\/types\/product"}],"replies":[{"embeddable":true,"href":"https:\/\/esfinge.mx\/inicio\/wp-json\/wp\/v2\/comments?post=2457"}],"wp:featuredmedia":[{"embeddable":true,"href":"https:\/\/esfinge.mx\/inicio\/wp-json\/wp\/v2\/media\/2459"}],"wp:attachment":[{"href":"https:\/\/esfinge.mx\/inicio\/wp-json\/wp\/v2\/media?parent=2457"}],"wp:term":[{"taxonomy":"product_brand","embeddable":true,"href":"https:\/\/esfinge.mx\/inicio\/wp-json\/wp\/v2\/product_brand?post=2457"},{"taxonomy":"product_cat","embeddable":true,"href":"https:\/\/esfinge.mx\/inicio\/wp-json\/wp\/v2\/product_cat?post=2457"},{"taxonomy":"product_tag","embeddable":true,"href":"https:\/\/esfinge.mx\/inicio\/wp-json\/wp\/v2\/product_tag?post=2457"}],"curies":[{"name":"wp","href":"https:\/\/api.w.org\/{rel}","templated":true}]}}