{"id":2484,"date":"2025-07-04T20:41:21","date_gmt":"2025-07-05T02:41:21","guid":{"rendered":"https:\/\/esfinge.mx\/inicio\/?post_type=product&#038;p=2484"},"modified":"2026-03-29T02:00:07","modified_gmt":"2026-03-29T08:00:07","slug":"conciencia-historica-2","status":"publish","type":"product","link":"https:\/\/esfinge.mx\/inicio\/producto\/conciencia-historica-2\/","title":{"rendered":"Conciencia Hist\u00f3rica 2"},"content":{"rendered":"<p><strong>Descripci\u00f3n<\/strong><\/p>\n<p>Propuesta educativa consistente que permite la formaci\u00f3n integral de los estudiantes a partir de secuencias did\u00e1cticas pertinentes y funcionales. Este libro promueve m\u00faltiples recursos, estrategias y propuestas de actividades que permitir\u00e1n al alumnado recopilar informaci\u00f3n, analizarla cr\u00edticamente para comprender e interpretar los procesos y hechos vividos por los seres humanos, las comunidades, las sociedades en el pasado, con el prop\u00f3sito de desarrollar un pensamiento cr\u00edtico para explicar y ubicarse en la realidad presente, as\u00ed como orientar sus acciones futuras.<\/p>\n<p><strong>\u00a0<\/strong><\/p>\n<p><strong>Contenido<\/strong><\/p>\n<ul>\n<li>Trabaja las 10 Progresiones de aprendizaje (PDA) indicadas en el programa de estudios del Recurso Sociocognitivo Conciencia Hist\u00f3rica II M\u00e9xico durante el expansionismo capitalista del Marco Curricular de la Educaci\u00f3n Media Superior (MCCEMS), correspondiente al quinto semestre del bachillerato.<\/li>\n<li>Integra a la pr\u00e1ctica educativa el enfoque y la propuesta del MCCEMS.<\/li>\n<li>Organizado en bimestres.<\/li>\n<li>Incluye evaluaciones diagn\u00f3sticas, parciales y bimestrales.<\/li>\n<li>Presenta un Laboratorio el cual propone trabajar un proyecto a lo largo de los bimestres.<\/li>\n<\/ul>\n","protected":false},"excerpt":{"rendered":"<p><strong>Autor: Alfredo Ruiz Islas<\/strong><\/p>\n<p><strong>\u00a0<\/strong><\/p>\n","protected":false},"featured_media":2486,"comment_status":"open","ping_status":"closed","template":"","meta":[],"product_brand":[],"product_cat":[21,72],"product_tag":[],"class_list":{"0":"post-2484","1":"product","2":"type-product","3":"status-publish","4":"has-post-thumbnail","6":"product_cat-media-superior","7":"product_cat-novedades-2025","9":"first","10":"instock","11":"taxable","12":"shipping-taxable","13":"purchasable","14":"product-type-simple"},"_links":{"self":[{"href":"https:\/\/esfinge.mx\/inicio\/wp-json\/wp\/v2\/product\/2484","targetHints":{"allow":["GET"]}}],"collection":[{"href":"https:\/\/esfinge.mx\/inicio\/wp-json\/wp\/v2\/product"}],"about":[{"href":"https:\/\/esfinge.mx\/inicio\/wp-json\/wp\/v2\/types\/product"}],"replies":[{"embeddable":true,"href":"https:\/\/esfinge.mx\/inicio\/wp-json\/wp\/v2\/comments?post=2484"}],"wp:featuredmedia":[{"embeddable":true,"href":"https:\/\/esfinge.mx\/inicio\/wp-json\/wp\/v2\/media\/2486"}],"wp:attachment":[{"href":"https:\/\/esfinge.mx\/inicio\/wp-json\/wp\/v2\/media?parent=2484"}],"wp:term":[{"taxonomy":"product_brand","embeddable":true,"href":"https:\/\/esfinge.mx\/inicio\/wp-json\/wp\/v2\/product_brand?post=2484"},{"taxonomy":"product_cat","embeddable":true,"href":"https:\/\/esfinge.mx\/inicio\/wp-json\/wp\/v2\/product_cat?post=2484"},{"taxonomy":"product_tag","embeddable":true,"href":"https:\/\/esfinge.mx\/inicio\/wp-json\/wp\/v2\/product_tag?post=2484"}],"curies":[{"name":"wp","href":"https:\/\/api.w.org\/{rel}","templated":true}]}}