{"id":2487,"date":"2025-07-04T20:44:40","date_gmt":"2025-07-05T02:44:40","guid":{"rendered":"https:\/\/esfinge.mx\/inicio\/?post_type=product&#038;p=2487"},"modified":"2026-03-29T02:00:22","modified_gmt":"2026-03-29T08:00:22","slug":"laboratorio-de-investigacion","status":"publish","type":"product","link":"https:\/\/esfinge.mx\/inicio\/producto\/laboratorio-de-investigacion\/","title":{"rendered":"Laboratorio de investigaci\u00f3n"},"content":{"rendered":"<p><strong>Descripci\u00f3n<\/strong><\/p>\n<p>El libro Laboratorio de Investigaci\u00f3n corresponde a la UAC que complementa el estudio de las problem\u00e1ticas centrales de las Ciencias Sociales. Esta obra busca que los estudiantes se interesen, reflexionen y generen propuestas entorno a las problem\u00e1ticas de su contexto social, para lo cual promueve la investigaci\u00f3n como una actividad que permitir\u00e1 seguir una metodolog\u00eda espec\u00edfica que lo convertir\u00e1n en un agente de cambio. A trav\u00e9s del desarrollo de productos finales de investigaci\u00f3n, as\u00ed como de las diversas actividades incluidas en el libro, los alumnos podr\u00e1n formular propuestas de cambio y transformaci\u00f3n social, promoviendo el pensamiento reflexivo, el razonamiento l\u00f3gico y la argumentaci\u00f3n.<\/p>\n<p><strong>\u00a0<\/strong><\/p>\n<p><strong>Contenido<\/strong><\/p>\n<ul>\n<li>Trabaja las 12 Progresiones de aprendizaje (PDA) indicadas en el programa de estudios de la UAC del Recurso Sociocognitivo de Ciencias Sociales Laboratorio de Investigaci\u00f3n del Marco Curricular de la Educaci\u00f3n Media Superior (MCCEMS), correspondiente al primer semestre de bachillerato.<\/li>\n<li>Integra a la pr\u00e1ctica educativa el enfoque y la propuesta del MCCEMS.<\/li>\n<li>Organizado en bimestres.<\/li>\n<li>En la secci\u00f3n \u201cRecuento de Investigaci\u00f3n\u201d los alumnos podr\u00e1n ubicar los avances del proyecto a partir de indicadores y preguntas.<\/li>\n<li>Al final de cada PDA se propone \u201cLaboratorio de proyecto\u201d con actividades organizadas por etapas, con el prop\u00f3sito de que los alumnos investiguen sobre un tema de su inter\u00e9s de una forma interdisciplinar y colaborativa.<\/li>\n<li>Incluye instrumentos de evaluaci\u00f3n para que los alumnos registren sus avances en el estudio de los temas del bimestre y en el desarrollo del proyecto.<\/li>\n<li>\u201cMe pongo a prueba\u201d propone evaluaciones formativas para valorar los conocimientos y detectar el progreso.<\/li>\n<\/ul>\n","protected":false},"excerpt":{"rendered":"<p><strong>Autor: Jos\u00e9 Francisco Barr\u00f3n Tovar<\/strong><\/p>\n","protected":false},"featured_media":2488,"comment_status":"open","ping_status":"closed","template":"","meta":[],"product_brand":[],"product_cat":[72,21],"product_tag":[],"class_list":{"0":"post-2487","1":"product","2":"type-product","3":"status-publish","4":"has-post-thumbnail","6":"product_cat-novedades-2025","7":"product_cat-media-superior","9":"first","10":"instock","11":"taxable","12":"shipping-taxable","13":"purchasable","14":"product-type-simple"},"_links":{"self":[{"href":"https:\/\/esfinge.mx\/inicio\/wp-json\/wp\/v2\/product\/2487","targetHints":{"allow":["GET"]}}],"collection":[{"href":"https:\/\/esfinge.mx\/inicio\/wp-json\/wp\/v2\/product"}],"about":[{"href":"https:\/\/esfinge.mx\/inicio\/wp-json\/wp\/v2\/types\/product"}],"replies":[{"embeddable":true,"href":"https:\/\/esfinge.mx\/inicio\/wp-json\/wp\/v2\/comments?post=2487"}],"wp:featuredmedia":[{"embeddable":true,"href":"https:\/\/esfinge.mx\/inicio\/wp-json\/wp\/v2\/media\/2488"}],"wp:attachment":[{"href":"https:\/\/esfinge.mx\/inicio\/wp-json\/wp\/v2\/media?parent=2487"}],"wp:term":[{"taxonomy":"product_brand","embeddable":true,"href":"https:\/\/esfinge.mx\/inicio\/wp-json\/wp\/v2\/product_brand?post=2487"},{"taxonomy":"product_cat","embeddable":true,"href":"https:\/\/esfinge.mx\/inicio\/wp-json\/wp\/v2\/product_cat?post=2487"},{"taxonomy":"product_tag","embeddable":true,"href":"https:\/\/esfinge.mx\/inicio\/wp-json\/wp\/v2\/product_tag?post=2487"}],"curies":[{"name":"wp","href":"https:\/\/api.w.org\/{rel}","templated":true}]}}