{"id":2491,"date":"2025-07-04T20:49:15","date_gmt":"2025-07-05T02:49:15","guid":{"rendered":"https:\/\/esfinge.mx\/inicio\/?post_type=product&#038;p=2491"},"modified":"2026-03-29T02:00:29","modified_gmt":"2026-03-29T08:00:29","slug":"taller-de-ciencias-2","status":"publish","type":"product","link":"https:\/\/esfinge.mx\/inicio\/producto\/taller-de-ciencias-2\/","title":{"rendered":"Taller de Ciencias 2"},"content":{"rendered":"<p><strong>Descripci\u00f3n<\/strong><\/p>\n<p>El libro de <strong>Taller de Ciencias 2<\/strong> est\u00e1 enfocado en el estudio de la naturaleza, espec\u00edficamente los fen\u00f3menos relacionados con los flujos de energ\u00eda en los sistemas. Busca que el alumnado desarrolle conocimientos y habilidades de investigaci\u00f3n a partir de la interpretaci\u00f3n de los fen\u00f3menos y a trav\u00e9s del estudio de progresiones de aprendizaje y de la realizaci\u00f3n de actividades, pr\u00e1cticas experimentales y proyectos de investigaci\u00f3n. Con esta obra se pretende fortalecer la capacidad del estudiante para analizar fen\u00f3menos y problem\u00e1ticas del entorno mediante el razonamiento cient\u00edfico.<\/p>\n<p><strong>\u00a0<\/strong><\/p>\n<p><strong>Contenido<\/strong><\/p>\n<ul>\n<li>Trabaja las 9 Progresiones de aprendizaje (PDA) indicadas en el programa de estudios de la UAC del \u00c1rea de Conocimiento de Ciencias Naturales Experimentales y Tecnolog\u00eda Taller de Ciencias II del Marco Curricular de la Educaci\u00f3n Media Superior (MCCEMS), correspondiente al tercer semestre de bachillerato.<\/li>\n<li>Integra a la pr\u00e1ctica educativa el enfoque y la propuesta del MCCEMS.<\/li>\n<li>Organizado en bimestres.<\/li>\n<li>Se presentan Pr\u00e1cticas experimentales con sencillas actividades relacionadas con cada una de las PDA que incentivan el inter\u00e9s por la ciencia.<\/li>\n<li>Al final de cada bimestre se incluye el apartado \u201cLaboratorio de proyecto\u201d con actividades organizadas por etapas para responder problem\u00e1ticas o investigar sobre temas de inter\u00e9s.<\/li>\n<li>\u201cMe pongo a prueba\u201d propone evaluaciones formativas bimestrales para valorar los conocimientos y detectar el progreso.<\/li>\n<\/ul>\n","protected":false},"excerpt":{"rendered":"<p><strong>Autor: Gil Robles Mart\u00ednez<\/strong><\/p>\n","protected":false},"featured_media":2492,"comment_status":"open","ping_status":"closed","template":"","meta":[],"product_brand":[],"product_cat":[72,21],"product_tag":[],"class_list":{"0":"post-2491","1":"product","2":"type-product","3":"status-publish","4":"has-post-thumbnail","6":"product_cat-novedades-2025","7":"product_cat-media-superior","9":"first","10":"instock","11":"taxable","12":"shipping-taxable","13":"purchasable","14":"product-type-simple"},"_links":{"self":[{"href":"https:\/\/esfinge.mx\/inicio\/wp-json\/wp\/v2\/product\/2491","targetHints":{"allow":["GET"]}}],"collection":[{"href":"https:\/\/esfinge.mx\/inicio\/wp-json\/wp\/v2\/product"}],"about":[{"href":"https:\/\/esfinge.mx\/inicio\/wp-json\/wp\/v2\/types\/product"}],"replies":[{"embeddable":true,"href":"https:\/\/esfinge.mx\/inicio\/wp-json\/wp\/v2\/comments?post=2491"}],"wp:featuredmedia":[{"embeddable":true,"href":"https:\/\/esfinge.mx\/inicio\/wp-json\/wp\/v2\/media\/2492"}],"wp:attachment":[{"href":"https:\/\/esfinge.mx\/inicio\/wp-json\/wp\/v2\/media?parent=2491"}],"wp:term":[{"taxonomy":"product_brand","embeddable":true,"href":"https:\/\/esfinge.mx\/inicio\/wp-json\/wp\/v2\/product_brand?post=2491"},{"taxonomy":"product_cat","embeddable":true,"href":"https:\/\/esfinge.mx\/inicio\/wp-json\/wp\/v2\/product_cat?post=2491"},{"taxonomy":"product_tag","embeddable":true,"href":"https:\/\/esfinge.mx\/inicio\/wp-json\/wp\/v2\/product_tag?post=2491"}],"curies":[{"name":"wp","href":"https:\/\/api.w.org\/{rel}","templated":true}]}}