{"id":2497,"date":"2025-07-04T20:55:23","date_gmt":"2025-07-05T02:55:23","guid":{"rendered":"https:\/\/esfinge.mx\/inicio\/?post_type=product&#038;p=2497"},"modified":"2026-03-29T02:00:22","modified_gmt":"2026-03-29T08:00:22","slug":"la-energia-en-los-procesos-de-la-vida-diaria","status":"publish","type":"product","link":"https:\/\/esfinge.mx\/inicio\/producto\/la-energia-en-los-procesos-de-la-vida-diaria\/","title":{"rendered":"La Energ\u00eda en los procesos de la vida diaria"},"content":{"rendered":"<p><strong>Descripci\u00f3n<\/strong><\/p>\n<p>En el libro del \u00e1rea de conocimiento<strong> La energ\u00eda en los procesos de la vida diaria<\/strong>, el alumnado comprender\u00e1 que la energ\u00eda se manifiesta de m\u00faltiples maneras, como movimiento, sonido, luz y energ\u00eda t\u00e9rmica. Se comprender\u00e1 que las relaciones se entienden mejor a escala microsc\u00f3pica, en la que todas las diferentes manifestaciones de energ\u00eda pueden modelarse como una combinaci\u00f3n de energ\u00eda asociada con el movimiento de part\u00edculas y energ\u00eda asociadas con la configuraci\u00f3n. Se promueve la indagaci\u00f3n cient\u00edfica que permite el desarrollo de habilidades como pensamiento cr\u00edtico, observaci\u00f3n, investigaci\u00f3n o toma de decisiones.<\/p>\n<p><strong>\u00a0<\/strong><\/p>\n<p><strong>Contenido<\/strong><\/p>\n<ul>\n<li>Trabaja las 16 Progresiones de aprendizaje (PDA) indicadas en el programa de estudios del \u00c1rea de Conocimiento La energ\u00eda en los procesos de la vida diaria del Marco Curricular de la Educaci\u00f3n Media Superior (MCCEMS), correspondiente al quinto semestre de bachillerato.<\/li>\n<li>Integra a la pr\u00e1ctica educativa el enfoque y la propuesta del MCCEMS.<\/li>\n<li>Organizado en bimestres.<\/li>\n<li>Al final de cada bimestre se incluye el apartado \u201cLaboratorio de proyecto\u201d con actividades organizadas por etapas para responder problem\u00e1ticas o investigar sobre temas de inter\u00e9s.<\/li>\n<li>Incluye pr\u00e1cticas experimentales relacionadas con los temas estudiados en cada uno de los bimestres e incentivan el inter\u00e9s por la ciencia.<\/li>\n<li>Se proponen evaluaciones parciales y formativas bimestrales para valorar los conocimientos y detectar el progreso.<\/li>\n<\/ul>\n","protected":false},"excerpt":{"rendered":"<p><strong>Autora: Leonor Garc\u00eda Mart\u00ednez<\/strong><\/p>\n","protected":false},"featured_media":2498,"comment_status":"open","ping_status":"closed","template":"","meta":[],"product_brand":[],"product_cat":[72,21],"product_tag":[],"class_list":{"0":"post-2497","1":"product","2":"type-product","3":"status-publish","4":"has-post-thumbnail","6":"product_cat-novedades-2025","7":"product_cat-media-superior","9":"first","10":"instock","11":"taxable","12":"shipping-taxable","13":"purchasable","14":"product-type-simple"},"_links":{"self":[{"href":"https:\/\/esfinge.mx\/inicio\/wp-json\/wp\/v2\/product\/2497","targetHints":{"allow":["GET"]}}],"collection":[{"href":"https:\/\/esfinge.mx\/inicio\/wp-json\/wp\/v2\/product"}],"about":[{"href":"https:\/\/esfinge.mx\/inicio\/wp-json\/wp\/v2\/types\/product"}],"replies":[{"embeddable":true,"href":"https:\/\/esfinge.mx\/inicio\/wp-json\/wp\/v2\/comments?post=2497"}],"wp:featuredmedia":[{"embeddable":true,"href":"https:\/\/esfinge.mx\/inicio\/wp-json\/wp\/v2\/media\/2498"}],"wp:attachment":[{"href":"https:\/\/esfinge.mx\/inicio\/wp-json\/wp\/v2\/media?parent=2497"}],"wp:term":[{"taxonomy":"product_brand","embeddable":true,"href":"https:\/\/esfinge.mx\/inicio\/wp-json\/wp\/v2\/product_brand?post=2497"},{"taxonomy":"product_cat","embeddable":true,"href":"https:\/\/esfinge.mx\/inicio\/wp-json\/wp\/v2\/product_cat?post=2497"},{"taxonomy":"product_tag","embeddable":true,"href":"https:\/\/esfinge.mx\/inicio\/wp-json\/wp\/v2\/product_tag?post=2497"}],"curies":[{"name":"wp","href":"https:\/\/api.w.org\/{rel}","templated":true}]}}