{"id":2500,"date":"2025-07-04T20:58:23","date_gmt":"2025-07-05T02:58:23","guid":{"rendered":"https:\/\/esfinge.mx\/inicio\/?post_type=product&#038;p=2500"},"modified":"2026-03-29T02:00:15","modified_gmt":"2026-03-29T08:00:15","slug":"educacion-para-la-salud-2","status":"publish","type":"product","link":"https:\/\/esfinge.mx\/inicio\/producto\/educacion-para-la-salud-2\/","title":{"rendered":"Educaci\u00f3n para la salud"},"content":{"rendered":"<p><strong>Descripci\u00f3n<\/strong><\/p>\n<p>El libro <strong>Educaci\u00f3n para la salud<\/strong> cubre el programa correspondiente a esta asignatura en el 5\u00ba a\u00f1o de la Escuela Nacional Preparatoria, UNAM.<\/p>\n<p><strong>\u00a0<\/strong><\/p>\n<p><strong>Contenido<\/strong><\/p>\n<ul>\n<li>Se organiza en tres unidades:<\/li>\n<\/ul>\n<p>Unidad 1. La prevenci\u00f3n en el autocuidado de la salud<\/p>\n<p>Unidad 2. Estilos de vida como medida de prevenci\u00f3n de las principales causas de morbilidad y mortalidad en M\u00e9xico<\/p>\n<p>Unidad 3. Pr\u00e1cticas saludables como medida de prevenci\u00f3n de los principales problemas de salud en la adolescencia en M\u00e9xico<\/p>\n<ul>\n<li>Diversas actividades para trabajar en diferentes modalidades.<\/li>\n<li>Seciones: Tu e-nlace en la red; Tu salud en otro idioma, SaPiensaPiens, Habilidades socioemocionales, me lo dijo un pajarito, Valoro mi salud.<\/li>\n<li>Incluye evaluaciones parciales y sumativas.<\/li>\n<li>Para el docente se incluye solucionario y planeaci\u00f3n did\u00e1ctica.<\/li>\n<\/ul>\n<p>&nbsp;<\/p>\n","protected":false},"excerpt":{"rendered":"<p><strong>Autora: Mar\u00eda Estela Rosas Ram\u00edrez<\/strong><\/p>\n","protected":false},"featured_media":2501,"comment_status":"open","ping_status":"closed","template":"","meta":[],"product_brand":[],"product_cat":[72,21],"product_tag":[],"class_list":{"0":"post-2500","1":"product","2":"type-product","3":"status-publish","4":"has-post-thumbnail","6":"product_cat-novedades-2025","7":"product_cat-media-superior","9":"first","10":"instock","11":"taxable","12":"shipping-taxable","13":"purchasable","14":"product-type-simple"},"_links":{"self":[{"href":"https:\/\/esfinge.mx\/inicio\/wp-json\/wp\/v2\/product\/2500","targetHints":{"allow":["GET"]}}],"collection":[{"href":"https:\/\/esfinge.mx\/inicio\/wp-json\/wp\/v2\/product"}],"about":[{"href":"https:\/\/esfinge.mx\/inicio\/wp-json\/wp\/v2\/types\/product"}],"replies":[{"embeddable":true,"href":"https:\/\/esfinge.mx\/inicio\/wp-json\/wp\/v2\/comments?post=2500"}],"wp:featuredmedia":[{"embeddable":true,"href":"https:\/\/esfinge.mx\/inicio\/wp-json\/wp\/v2\/media\/2501"}],"wp:attachment":[{"href":"https:\/\/esfinge.mx\/inicio\/wp-json\/wp\/v2\/media?parent=2500"}],"wp:term":[{"taxonomy":"product_brand","embeddable":true,"href":"https:\/\/esfinge.mx\/inicio\/wp-json\/wp\/v2\/product_brand?post=2500"},{"taxonomy":"product_cat","embeddable":true,"href":"https:\/\/esfinge.mx\/inicio\/wp-json\/wp\/v2\/product_cat?post=2500"},{"taxonomy":"product_tag","embeddable":true,"href":"https:\/\/esfinge.mx\/inicio\/wp-json\/wp\/v2\/product_tag?post=2500"}],"curies":[{"name":"wp","href":"https:\/\/api.w.org\/{rel}","templated":true}]}}