{"id":2503,"date":"2025-07-04T21:00:35","date_gmt":"2025-07-05T03:00:35","guid":{"rendered":"https:\/\/esfinge.mx\/inicio\/?post_type=product&#038;p=2503"},"modified":"2026-03-29T02:00:14","modified_gmt":"2026-03-29T08:00:14","slug":"geografia-economica-2","status":"publish","type":"product","link":"https:\/\/esfinge.mx\/inicio\/producto\/geografia-economica-2\/","title":{"rendered":"Geograf\u00eda Econ\u00f3mica"},"content":{"rendered":"<p><strong>Descripci\u00f3n<\/strong><\/p>\n<p>El libro <strong>Geograf\u00eda Econ\u00f3mica<\/strong> cubre el programa correspondiente a esta asignatura en el 6\u00ba a\u00f1o de la Escuela Nacional Preparatoria, UNAM.<\/p>\n<p><strong>\u00a0<\/strong><\/p>\n<p><strong>Contenido<\/strong><\/p>\n<ul>\n<li>Se organiza en cinco unidades:<\/li>\n<\/ul>\n<p>Unidad 1. La organizaci\u00f3n territorial del proceso productivo<\/p>\n<p>Unidad 2. Din\u00e1mica del sistema capitalista y su reestructura territorial<\/p>\n<p>Unidad 3. Espacios econ\u00f3micos diferenciados<\/p>\n<p>Unidad 4. Tendencias de la organizaci\u00f3n espacial del trabajo<\/p>\n<p>Unidad 5. En la construcci\u00f3n de un mundo mejor<\/p>\n<ul>\n<li>Diversas actividades para trabajar en diferentes modalidades.<\/li>\n<li>Seciones: Proyecto de la unidad; Exploro mis saberes; Contenidos; GeoTic; Compruebo mis saberes adquiridos; Explorando el espacio-tiempo; SapienSapiens; Elabora y aprende; QR; Cierre de proyecto y R\u00fabrica<\/li>\n<li>Incluye evaluaciones parciales y sumativas.<\/li>\n<li>Para el docente: Gu\u00eda del maestro.<\/li>\n<\/ul>\n<p>&nbsp;<\/p>\n","protected":false},"excerpt":{"rendered":"<p><strong>Autores: Bessy Elvia Sterling P\u00e9rez<\/strong><\/p>\n<p><strong>\u00a0\u00a0\u00a0 Eduardo Villanueva Herrera<\/strong><\/p>\n","protected":false},"featured_media":2504,"comment_status":"open","ping_status":"closed","template":"","meta":[],"product_brand":[],"product_cat":[72,21],"product_tag":[],"class_list":{"0":"post-2503","1":"product","2":"type-product","3":"status-publish","4":"has-post-thumbnail","6":"product_cat-novedades-2025","7":"product_cat-media-superior","9":"first","10":"instock","11":"taxable","12":"shipping-taxable","13":"purchasable","14":"product-type-simple"},"_links":{"self":[{"href":"https:\/\/esfinge.mx\/inicio\/wp-json\/wp\/v2\/product\/2503","targetHints":{"allow":["GET"]}}],"collection":[{"href":"https:\/\/esfinge.mx\/inicio\/wp-json\/wp\/v2\/product"}],"about":[{"href":"https:\/\/esfinge.mx\/inicio\/wp-json\/wp\/v2\/types\/product"}],"replies":[{"embeddable":true,"href":"https:\/\/esfinge.mx\/inicio\/wp-json\/wp\/v2\/comments?post=2503"}],"wp:featuredmedia":[{"embeddable":true,"href":"https:\/\/esfinge.mx\/inicio\/wp-json\/wp\/v2\/media\/2504"}],"wp:attachment":[{"href":"https:\/\/esfinge.mx\/inicio\/wp-json\/wp\/v2\/media?parent=2503"}],"wp:term":[{"taxonomy":"product_brand","embeddable":true,"href":"https:\/\/esfinge.mx\/inicio\/wp-json\/wp\/v2\/product_brand?post=2503"},{"taxonomy":"product_cat","embeddable":true,"href":"https:\/\/esfinge.mx\/inicio\/wp-json\/wp\/v2\/product_cat?post=2503"},{"taxonomy":"product_tag","embeddable":true,"href":"https:\/\/esfinge.mx\/inicio\/wp-json\/wp\/v2\/product_tag?post=2503"}],"curies":[{"name":"wp","href":"https:\/\/api.w.org\/{rel}","templated":true}]}}