{"id":2509,"date":"2025-07-04T21:06:36","date_gmt":"2025-07-05T03:06:36","guid":{"rendered":"https:\/\/esfinge.mx\/inicio\/?post_type=product&#038;p=2509"},"modified":"2026-03-29T02:00:14","modified_gmt":"2026-03-29T08:00:14","slug":"historia-de-mexico-ii-2","status":"publish","type":"product","link":"https:\/\/esfinge.mx\/inicio\/producto\/historia-de-mexico-ii-2\/","title":{"rendered":"Historia de M\u00e9xico II"},"content":{"rendered":"<p><strong>Descripci\u00f3n<\/strong><\/p>\n<p>El libro <strong>Historia de M\u00e9xico II<\/strong> cubre el programa correspondiente a esta asignatura en el 5\u00ba a\u00f1o de la Escuela Nacional Preparatoria, UNAM.<\/p>\n<p><strong>\u00a0<\/strong><\/p>\n<p><strong>Contenido<\/strong><\/p>\n<ul>\n<li>Se organiza en cuatro unidades:<\/li>\n<\/ul>\n<p>Unidad 1. Los proyectos de desarrollo econ\u00f3mico ante los retos internos y el mercado mundial<\/p>\n<p>Unidad 2. La configuraci\u00f3n de M\u00e9xico a partir de sus procesos migratorios y movimientos sociales<\/p>\n<p>Unidad 3. La construcci\u00f3n del Estado y las perspectivas ciudadanas en el M\u00e9xico contempor\u00e1neo<\/p>\n<p>Unidad 4. Las expresiones culturales como medios de construcci\u00f3n del M\u00e9xico plural y de su patrimonio<\/p>\n<ul>\n<li>Diversas actividades para trabajar en diferentes modalidades.<\/li>\n<li>Seciones: Exploro mis saberes; Sab\u00edas que\u2026; Aplico lo aprendido; Me lo dijo un pajarito; C\u00f3digos QR; Entre l\u00edneas; R\u00fabrica; Compruebo mis saberes adquiridos; \u00bfC\u00f3mo vas con el Reto?<\/li>\n<li>Incluye evaluaciones sumativas.<\/li>\n<li>Para el docente: Gu\u00eda del maestro.<\/li>\n<\/ul>\n<p>&nbsp;<\/p>\n","protected":false},"excerpt":{"rendered":"<p><strong>Autores: Rosalina R\u00edos Z\u00fa\u00f1iga<\/strong><\/p>\n<p><strong>\u00a0\u00a0\u00a0 Cristian Miguel Rosas \u00cd\u00f1iguez<\/strong><\/p>\n<p><strong>\u00a0\u00a0\u00a0\u00a0 Daniela Pineda R\u00edos<\/strong><\/p>\n<p><strong>\u00a0\u00a0\u00a0\u00a0 David Alonso Bola\u00f1os L\u00f3pez<\/strong><\/p>\n<p><strong>\u00a0<\/strong><\/p>\n","protected":false},"featured_media":2510,"comment_status":"open","ping_status":"closed","template":"","meta":[],"product_brand":[],"product_cat":[72,21],"product_tag":[],"class_list":{"0":"post-2509","1":"product","2":"type-product","3":"status-publish","4":"has-post-thumbnail","6":"product_cat-novedades-2025","7":"product_cat-media-superior","9":"first","10":"instock","11":"taxable","12":"shipping-taxable","13":"purchasable","14":"product-type-simple"},"_links":{"self":[{"href":"https:\/\/esfinge.mx\/inicio\/wp-json\/wp\/v2\/product\/2509","targetHints":{"allow":["GET"]}}],"collection":[{"href":"https:\/\/esfinge.mx\/inicio\/wp-json\/wp\/v2\/product"}],"about":[{"href":"https:\/\/esfinge.mx\/inicio\/wp-json\/wp\/v2\/types\/product"}],"replies":[{"embeddable":true,"href":"https:\/\/esfinge.mx\/inicio\/wp-json\/wp\/v2\/comments?post=2509"}],"wp:featuredmedia":[{"embeddable":true,"href":"https:\/\/esfinge.mx\/inicio\/wp-json\/wp\/v2\/media\/2510"}],"wp:attachment":[{"href":"https:\/\/esfinge.mx\/inicio\/wp-json\/wp\/v2\/media?parent=2509"}],"wp:term":[{"taxonomy":"product_brand","embeddable":true,"href":"https:\/\/esfinge.mx\/inicio\/wp-json\/wp\/v2\/product_brand?post=2509"},{"taxonomy":"product_cat","embeddable":true,"href":"https:\/\/esfinge.mx\/inicio\/wp-json\/wp\/v2\/product_cat?post=2509"},{"taxonomy":"product_tag","embeddable":true,"href":"https:\/\/esfinge.mx\/inicio\/wp-json\/wp\/v2\/product_tag?post=2509"}],"curies":[{"name":"wp","href":"https:\/\/api.w.org\/{rel}","templated":true}]}}