{"id":2517,"date":"2025-07-04T21:20:13","date_gmt":"2025-07-05T03:20:13","guid":{"rendered":"https:\/\/esfinge.mx\/inicio\/?post_type=product&#038;p=2517"},"modified":"2026-03-29T02:00:22","modified_gmt":"2026-03-29T08:00:22","slug":"logica-4","status":"publish","type":"product","link":"https:\/\/esfinge.mx\/inicio\/producto\/logica-4\/","title":{"rendered":"L\u00f3gica"},"content":{"rendered":"<p><strong>Descripci\u00f3n<\/strong><\/p>\n<p>El libro <strong>L\u00f3gica<\/strong> cubre el programa correspondiente a esta asignatura en el 4\u00ba a\u00f1o de la Escuela Nacional Preparatoria, UNAM.<\/p>\n<p><strong>\u00a0<\/strong><\/p>\n<p><strong>Contenido<\/strong><\/p>\n<ul>\n<li>Se organiza en seis unidades:<\/li>\n<\/ul>\n<p>Unidad 1. El horizonte de la l\u00f3gica<\/p>\n<p>Unidad 2. Las rutas del razonamiento<\/p>\n<p>Unidad 3. Para ordenar el razonamiento: l\u00f3gica deductiva<\/p>\n<p>Unidad 4. Armando y desarmando argumentos<\/p>\n<p>Unidad 5. De argumentos enga\u00f1osos y cosas peores<\/p>\n<p>Unidad 6. La l\u00f3gica en acci\u00f3n<\/p>\n<ul>\n<li>Diversas actividades para trabajar en diferentes modalidades.<\/li>\n<li>Seciones: Exploro mis saberes; Cuesti\u00f3nate; Gimnasium; Lee; saPiensaPiens; Para reflexionar; Lista de cotejo o r\u00fabrica<\/li>\n<li>Para el docente: Gu\u00eda del maestro<\/li>\n<\/ul>\n<p>&nbsp;<\/p>\n<p>&nbsp;<\/p>\n","protected":false},"excerpt":{"rendered":"<p><strong>Autores: Jes\u00fas Z\u00fa\u00f1iga Garc\u00eda<\/strong><\/p>\n<p><strong>\u00a0\u00a0\u00a0\u00a0\u00a0\u00a0\u00a0\u00a0\u00a0\u00a0\u00a0 \u00a0\u00a0\u00a0 Reymundo Salas Morales<\/strong><\/p>\n","protected":false},"featured_media":2518,"comment_status":"open","ping_status":"closed","template":"","meta":[],"product_brand":[],"product_cat":[72,21],"product_tag":[],"class_list":{"0":"post-2517","1":"product","2":"type-product","3":"status-publish","4":"has-post-thumbnail","6":"product_cat-novedades-2025","7":"product_cat-media-superior","9":"first","10":"instock","11":"taxable","12":"shipping-taxable","13":"purchasable","14":"product-type-simple"},"_links":{"self":[{"href":"https:\/\/esfinge.mx\/inicio\/wp-json\/wp\/v2\/product\/2517","targetHints":{"allow":["GET"]}}],"collection":[{"href":"https:\/\/esfinge.mx\/inicio\/wp-json\/wp\/v2\/product"}],"about":[{"href":"https:\/\/esfinge.mx\/inicio\/wp-json\/wp\/v2\/types\/product"}],"replies":[{"embeddable":true,"href":"https:\/\/esfinge.mx\/inicio\/wp-json\/wp\/v2\/comments?post=2517"}],"wp:featuredmedia":[{"embeddable":true,"href":"https:\/\/esfinge.mx\/inicio\/wp-json\/wp\/v2\/media\/2518"}],"wp:attachment":[{"href":"https:\/\/esfinge.mx\/inicio\/wp-json\/wp\/v2\/media?parent=2517"}],"wp:term":[{"taxonomy":"product_brand","embeddable":true,"href":"https:\/\/esfinge.mx\/inicio\/wp-json\/wp\/v2\/product_brand?post=2517"},{"taxonomy":"product_cat","embeddable":true,"href":"https:\/\/esfinge.mx\/inicio\/wp-json\/wp\/v2\/product_cat?post=2517"},{"taxonomy":"product_tag","embeddable":true,"href":"https:\/\/esfinge.mx\/inicio\/wp-json\/wp\/v2\/product_tag?post=2517"}],"curies":[{"name":"wp","href":"https:\/\/api.w.org\/{rel}","templated":true}]}}