{"id":253,"date":"2021-09-22T16:51:04","date_gmt":"2021-09-22T16:51:04","guid":{"rendered":"https:\/\/esfinge.mx\/inicio\/?product=i-think-and-talk-students-book-2"},"modified":"2025-12-18T02:00:21","modified_gmt":"2025-12-18T08:00:21","slug":"i-think-and-talk-students-book-2","status":"publish","type":"product","link":"https:\/\/esfinge.mx\/inicio\/producto\/i-think-and-talk-students-book-2\/","title":{"rendered":"I Think and Talk Student&#8217;s Book 2"},"content":{"rendered":"","protected":false},"excerpt":{"rendered":"<p>Buzo de la Pe\u00f1a Beatriz, Poujol Galv\u00e1n Mar\u00eda Ver\u00f3nica<\/p>\n","protected":false},"featured_media":0,"comment_status":"open","ping_status":"closed","template":"","meta":[],"product_brand":[],"product_cat":[21],"product_tag":[],"class_list":{"0":"post-253","1":"product","2":"type-product","3":"status-publish","5":"product_cat-media-superior","7":"first","8":"instock","9":"taxable","10":"shipping-taxable","11":"purchasable","12":"product-type-simple"},"_links":{"self":[{"href":"https:\/\/esfinge.mx\/inicio\/wp-json\/wp\/v2\/product\/253","targetHints":{"allow":["GET"]}}],"collection":[{"href":"https:\/\/esfinge.mx\/inicio\/wp-json\/wp\/v2\/product"}],"about":[{"href":"https:\/\/esfinge.mx\/inicio\/wp-json\/wp\/v2\/types\/product"}],"replies":[{"embeddable":true,"href":"https:\/\/esfinge.mx\/inicio\/wp-json\/wp\/v2\/comments?post=253"}],"wp:attachment":[{"href":"https:\/\/esfinge.mx\/inicio\/wp-json\/wp\/v2\/media?parent=253"}],"wp:term":[{"taxonomy":"product_brand","embeddable":true,"href":"https:\/\/esfinge.mx\/inicio\/wp-json\/wp\/v2\/product_brand?post=253"},{"taxonomy":"product_cat","embeddable":true,"href":"https:\/\/esfinge.mx\/inicio\/wp-json\/wp\/v2\/product_cat?post=253"},{"taxonomy":"product_tag","embeddable":true,"href":"https:\/\/esfinge.mx\/inicio\/wp-json\/wp\/v2\/product_tag?post=253"}],"curies":[{"name":"wp","href":"https:\/\/api.w.org\/{rel}","templated":true}]}}