{"id":2554,"date":"2025-09-10T23:50:03","date_gmt":"2025-09-11T05:50:03","guid":{"rendered":"https:\/\/esfinge.mx\/inicio\/?post_type=product&#038;p=2554"},"modified":"2026-03-29T02:00:07","modified_gmt":"2026-03-29T08:00:07","slug":"con-amor-y-calle","status":"publish","type":"product","link":"https:\/\/esfinge.mx\/inicio\/producto\/con-amor-y-calle\/","title":{"rendered":"Con Amor y Calle"},"content":{"rendered":"<p>Amas a tu hijo m\u00e1s que a nada en el mundo. Por eso, tu primer impulso es protegerlo, evitarle cualquier dolor, allanarle el camino para que nunca sufra lo que t\u00fa quiz\u00e1s sufriste. Pero en el silencio de la noche, una duda te asalta: \u00bfY si al protegerlo tanto, le estoy robando la capacidad de enfrentar la vida? \u00bfY si mi amor, sin querer, le impide volverse fuerte?<\/p>\n<p>Si te has hecho estas preguntas, este libro es para ti. No es un manual de paternidad perfecta lleno de teor\u00edas, sino una conversaci\u00f3n honesta y cercana de una madre o padre, que, como t\u00fa, se ha sentido perdido en esa misma encrucijada. Es un espejo y una br\u00fajula para quienes saben que educar es el acto de amor m\u00e1s complejo y profundo.<\/p>\n<p>Gabriel Torres te presenta su poderosa filosof\u00eda <strong>Con Amor y Calle<\/strong>, un equilibrio vital para formar hijos resilientes en el mundo de hoy:<\/p>\n<p>\u00b7 <strong>Amor<\/strong>. La base segura e incondicional. Es el abrazo que consuela, la confianza que les da ra\u00edces y la certeza de que su valor no depende de sus logros.<\/p>\n<p>\u00b7 <strong>Calle<\/strong>. El gimnasio de la vida. Son las experiencias, los l\u00edmites, las responsabilidades y las frustraciones manejables que les permiten desarrollar sus propios \u201cm\u00fasculos\u201d emocionales para ser aut\u00f3nomos, responsables y capaces de levantarse tras cada d\u00eda.<\/p>\n<p>En este camino de dudas y decisiones, no est\u00e1s solo. Con estos libros conocer\u00e1s a Mia, tu orientadora virtual que te acompa\u00f1ar\u00e1 en cada cap\u00edtulo. Mia te explica el porqu\u00e9 del comportamiento de tu hijo (desde la dopamina cerebral hasta la presi\u00f3n social) y te da estrategias concretas y adaptadas a su edad. Ella es el puente que necesitas para cruzar hacia el universo de tu hijo, entenderlo desde adentro y ayudarlo a regresar m\u00e1s fuerte y conectado contigo.<\/p>\n<p><strong>Mia<\/strong> no te juzga por tus miedos o tus errores, te ayuda a entenderlos, a reconocer tus propias \u201cventanas rotas\u201d y a encontrar el equilibrio justo entre proteger y soltar. Ella es esa amiga sabia que te da confianza para aplicar la filosof\u00eda Con Amor y Calle, record\u00e1ndote que el objetivo no es la perfecci\u00f3n, sino la conexi\u00f3n y la resilencia.<\/p>\n","protected":false},"excerpt":{"rendered":"<p><strong>Gabriel Torres Messina<\/strong><\/p>\n","protected":false},"featured_media":2555,"comment_status":"open","ping_status":"closed","template":"","meta":[],"product_brand":[],"product_cat":[72,35],"product_tag":[],"class_list":{"0":"post-2554","1":"product","2":"type-product","3":"status-publish","4":"has-post-thumbnail","6":"product_cat-novedades-2025","7":"product_cat-literatura","9":"first","10":"instock","11":"taxable","12":"shipping-taxable","13":"purchasable","14":"product-type-simple"},"_links":{"self":[{"href":"https:\/\/esfinge.mx\/inicio\/wp-json\/wp\/v2\/product\/2554","targetHints":{"allow":["GET"]}}],"collection":[{"href":"https:\/\/esfinge.mx\/inicio\/wp-json\/wp\/v2\/product"}],"about":[{"href":"https:\/\/esfinge.mx\/inicio\/wp-json\/wp\/v2\/types\/product"}],"replies":[{"embeddable":true,"href":"https:\/\/esfinge.mx\/inicio\/wp-json\/wp\/v2\/comments?post=2554"}],"wp:featuredmedia":[{"embeddable":true,"href":"https:\/\/esfinge.mx\/inicio\/wp-json\/wp\/v2\/media\/2555"}],"wp:attachment":[{"href":"https:\/\/esfinge.mx\/inicio\/wp-json\/wp\/v2\/media?parent=2554"}],"wp:term":[{"taxonomy":"product_brand","embeddable":true,"href":"https:\/\/esfinge.mx\/inicio\/wp-json\/wp\/v2\/product_brand?post=2554"},{"taxonomy":"product_cat","embeddable":true,"href":"https:\/\/esfinge.mx\/inicio\/wp-json\/wp\/v2\/product_cat?post=2554"},{"taxonomy":"product_tag","embeddable":true,"href":"https:\/\/esfinge.mx\/inicio\/wp-json\/wp\/v2\/product_tag?post=2554"}],"curies":[{"name":"wp","href":"https:\/\/api.w.org\/{rel}","templated":true}]}}