{"id":2557,"date":"2025-09-10T23:54:49","date_gmt":"2025-09-11T05:54:49","guid":{"rendered":"https:\/\/esfinge.mx\/inicio\/?post_type=product&#038;p=2557"},"modified":"2026-03-29T02:00:22","modified_gmt":"2026-03-29T08:00:22","slug":"mi-hijo-atrapado-en-la-pantalla","status":"publish","type":"product","link":"https:\/\/esfinge.mx\/inicio\/producto\/mi-hijo-atrapado-en-la-pantalla\/","title":{"rendered":"Mi hijo atrapado en la pantalla"},"content":{"rendered":"<p>\u00bfEl silencio se ha vuelto el sonido m\u00e1s fuerte en casa? \u00bfLas conversaciones son ahora monos\u00edlabos? La puerta de su cuarto, \u00bfuna frontera que ya no sabes c\u00f3mo cruzar? Un d\u00eda dej\u00f3 de contarte sus cosas\u2026 y hoy, sientes que una pantalla te ha robado a tu hijo.<\/p>\n<p>Te preguntas en qu\u00e9 fallaste, porqu\u00e9 las peleas por el celular son el pan de cada d\u00eda y c\u00f3mo competir contra videojuegos, redes sociales e inteligencia artificial que parecen haberlo secuestrado. Sientes una mezcla de preocupaci\u00f3n, frustraci\u00f3n y, a veces, una profunda soledad en esa batalla.<\/p>\n<p>Pero no est\u00e1s solo y no es demasiado tarde. <strong>Mi hijo atrapado en la pantalla<\/strong> no es un libro de culpas o rega\u00f1os. Es una gu\u00eda urgente y emp\u00e1tica, un salvavidas para quienes se niegan a perder el v\u00ednculo m\u00e1s importante de sus vidas.<\/p>\n<p>A trav\u00e9s de historias reales que te resonar\u00e1n en el alma y herramientas pr\u00e1cticas que puedes aplicar hoy mismo, el autor Gabriel Torres te presenta su revolucionaria filosof\u00eda Con Amor y Calle:<\/p>\n<p>\u00b7 <strong>Amor<\/strong>. Para conectar con su mundo digital sin demonizarlo, entender su necesidad de pertenencia y ser el refugio seguro al que siempre puedan volver.<\/p>\n<p>\u00b7 <strong>Calle<\/strong>. Para establecer l\u00edmites firmes y claros, ense\u00f1arles a protegerse de los peligros online, formar su pensamiento cr\u00edtico y recordarles el valor insustituible de la vida real<\/p>\n","protected":false},"excerpt":{"rendered":"<p><strong>Gabriel Torres Messina<\/strong><\/p>\n","protected":false},"featured_media":2558,"comment_status":"open","ping_status":"closed","template":"","meta":[],"product_brand":[],"product_cat":[72,35],"product_tag":[],"class_list":{"0":"post-2557","1":"product","2":"type-product","3":"status-publish","4":"has-post-thumbnail","6":"product_cat-novedades-2025","7":"product_cat-literatura","9":"first","10":"instock","11":"taxable","12":"shipping-taxable","13":"purchasable","14":"product-type-simple"},"_links":{"self":[{"href":"https:\/\/esfinge.mx\/inicio\/wp-json\/wp\/v2\/product\/2557","targetHints":{"allow":["GET"]}}],"collection":[{"href":"https:\/\/esfinge.mx\/inicio\/wp-json\/wp\/v2\/product"}],"about":[{"href":"https:\/\/esfinge.mx\/inicio\/wp-json\/wp\/v2\/types\/product"}],"replies":[{"embeddable":true,"href":"https:\/\/esfinge.mx\/inicio\/wp-json\/wp\/v2\/comments?post=2557"}],"wp:featuredmedia":[{"embeddable":true,"href":"https:\/\/esfinge.mx\/inicio\/wp-json\/wp\/v2\/media\/2558"}],"wp:attachment":[{"href":"https:\/\/esfinge.mx\/inicio\/wp-json\/wp\/v2\/media?parent=2557"}],"wp:term":[{"taxonomy":"product_brand","embeddable":true,"href":"https:\/\/esfinge.mx\/inicio\/wp-json\/wp\/v2\/product_brand?post=2557"},{"taxonomy":"product_cat","embeddable":true,"href":"https:\/\/esfinge.mx\/inicio\/wp-json\/wp\/v2\/product_cat?post=2557"},{"taxonomy":"product_tag","embeddable":true,"href":"https:\/\/esfinge.mx\/inicio\/wp-json\/wp\/v2\/product_tag?post=2557"}],"curies":[{"name":"wp","href":"https:\/\/api.w.org\/{rel}","templated":true}]}}