{"id":259,"date":"2021-09-22T16:51:04","date_gmt":"2021-09-22T16:51:04","guid":{"rendered":"https:\/\/esfinge.mx\/inicio\/?product=ingles-2"},"modified":"2025-12-18T02:00:21","modified_gmt":"2025-12-18T08:00:21","slug":"ingles-2","status":"publish","type":"product","link":"https:\/\/esfinge.mx\/inicio\/producto\/ingles-2\/","title":{"rendered":"Ingl\u00e9s 2"},"content":{"rendered":"<div class=\"caracteristicas\"><b class=\"subtitulo\">Conoce tu libro<\/b><\/div>\n<div class=\"caracteristicas\"><b class=\"subtitulo\">Portadilla (inicio de bloque)<\/b><\/div>\n<div class=\"caracteristicas\">Competencias<\/div>\n<div class=\"caracteristicas\"><b class=\"subtitulo\">Desarrollo de los contenidos<\/b><\/div>\n<div class=\"caracteristicas\">\n<ul>\n<li>Dividido en lecciones<\/li>\n<li>(4 por bloque)con referencias gramaticales<\/li>\n<\/ul>\n<p>Texto central (apegado al programa vigente)<\/p>\n<ul>\n<li>Revisi\u00f3n:<\/li>\n<li>Autoevaluaci\u00f3n y coevaluaci\u00f3n<\/li>\n<li>Vocabulario<\/li>\n<li>Textos (lecturas adaptadas de materiales aut\u00e9nticos)<\/li>\n<li>Informaci\u00f3n actual del mundo<\/li>\n<li>Proyecto (Speaking Writing) al final de cada lecci\u00f3n<\/li>\n<li>Grammar<\/li>\n<li>Grammar practice<\/li>\n<li>Grammar reference (al final del bloque)<\/li>\n<li>Cultura y conocimiento transversal<\/li>\n<\/ul>\n<\/div>\n<div class=\"caracteristicas\"><b class=\"subtitulo\">Compruebo mis saberes<\/b><\/div>\n<div class=\"caracteristicas\">\n<ul>\n<li>Actividades comunicativas (al final)<\/li>\n<li>Autoevaluaci\u00f3n<\/li>\n<li>Coevaluaci\u00f3n<\/li>\n<li>R\u00fabricas<\/li>\n<li>Incluye disco con di\u00e1logos<\/li>\n<\/ul>\n<\/div>\n<div id=\"contenedor\">\n<div class=\"hijo\"><b class=\"subtitulo\">ISBN<br \/>\n<\/b>9786071013460<\/div>\n<div class=\"hijo\"><b class=\"subtitulo\">Fomato<br \/>\n<\/b>20.5 x 27 cm<\/div>\n<div class=\"hijo\"><b class=\"subtitulo\">P\u00e1ginas<br \/>\n<\/b>160<\/div>\n<\/div>\n<div class=\"hijo\"><\/div>\n<div class=\"clear\"><\/div>\n<div class=\"caracteristicas\"><b class=\"subtitulo\">Autor<\/b><\/div>\n<div class=\"caracteristicas\">Beatriz Buzo de la Pe\u00f1a<br \/>\nMar\u00eda Ver\u00f3nica Poujol Galv\u00e1n<\/div>\n<div class=\"caracteristicas\">Beatriz Buzo de la Pe\u00f1a<br \/>\nMar\u00eda Ver\u00f3nica Poujol Galv\u00e1n<\/div>\n<div class=\"caracteristicas\"><b class=\"subtitulo\">App<\/b><\/div>\n<div class=\"caracteristicas\"><a href=\"https:\/\/play.google.com\/store\/apps\/details?id=mx.esfinge.ms.Ingles1DGB&amp;hl=es_MX\" target=\"_blank\" rel=\"noopener\">Play Store<\/a><\/div>\n","protected":false},"excerpt":{"rendered":"<p>Buzo de la Pe\u00f1a Beatriz, Poujol Galv\u00e1n Mar\u00eda Ver\u00f3nica<\/p>\n","protected":false},"featured_media":789,"comment_status":"open","ping_status":"closed","template":"","meta":[],"product_brand":[],"product_cat":[21],"product_tag":[],"class_list":{"0":"post-259","1":"product","2":"type-product","3":"status-publish","4":"has-post-thumbnail","6":"product_cat-media-superior","8":"first","9":"instock","10":"taxable","11":"shipping-taxable","12":"purchasable","13":"product-type-simple"},"_links":{"self":[{"href":"https:\/\/esfinge.mx\/inicio\/wp-json\/wp\/v2\/product\/259","targetHints":{"allow":["GET"]}}],"collection":[{"href":"https:\/\/esfinge.mx\/inicio\/wp-json\/wp\/v2\/product"}],"about":[{"href":"https:\/\/esfinge.mx\/inicio\/wp-json\/wp\/v2\/types\/product"}],"replies":[{"embeddable":true,"href":"https:\/\/esfinge.mx\/inicio\/wp-json\/wp\/v2\/comments?post=259"}],"wp:featuredmedia":[{"embeddable":true,"href":"https:\/\/esfinge.mx\/inicio\/wp-json\/wp\/v2\/media\/789"}],"wp:attachment":[{"href":"https:\/\/esfinge.mx\/inicio\/wp-json\/wp\/v2\/media?parent=259"}],"wp:term":[{"taxonomy":"product_brand","embeddable":true,"href":"https:\/\/esfinge.mx\/inicio\/wp-json\/wp\/v2\/product_brand?post=259"},{"taxonomy":"product_cat","embeddable":true,"href":"https:\/\/esfinge.mx\/inicio\/wp-json\/wp\/v2\/product_cat?post=259"},{"taxonomy":"product_tag","embeddable":true,"href":"https:\/\/esfinge.mx\/inicio\/wp-json\/wp\/v2\/product_tag?post=259"}],"curies":[{"name":"wp","href":"https:\/\/api.w.org\/{rel}","templated":true}]}}