{"id":2677,"date":"2026-01-28T19:45:52","date_gmt":"2026-01-29T01:45:52","guid":{"rendered":"https:\/\/esfinge.mx\/inicio\/?post_type=product&#038;p=2677"},"modified":"2026-03-29T02:00:07","modified_gmt":"2026-03-29T08:00:07","slug":"ciencias-naturales-experimentales-y-tecnologia-2-serie-conecta2","status":"publish","type":"product","link":"https:\/\/esfinge.mx\/inicio\/producto\/ciencias-naturales-experimentales-y-tecnologia-2-serie-conecta2\/","title":{"rendered":"Ciencias Naturales, Experimentales y Tecnolog\u00eda 2. Serie CONECTA2"},"content":{"rendered":"<p><em>Ciencias Naturales, Experimentales y Tecnolog\u00eda 2, <\/em>serie CONECTA2 responde a las metas educativas y prop\u00f3sitos educativos de la misma asignatura, indicados en el programa de estudios del Marco Curricular Com\u00fan de la Educaci\u00f3n Media Superior, Modelo Educativo 2025. En esta obra se estudia a la energ\u00eda como concepto fundamental en todas las ciencias naturales y en el desarrollo tecnol\u00f3gico, reconociendo su papel central para la explicaci\u00f3n de diversos fen\u00f3menos naturales.<\/p>\n<p>&nbsp;<\/p>\n<p><strong>Contenido<\/strong><\/p>\n<ul>\n<li>Organizado en bimestres y en secuencias did\u00e1cticas.<\/li>\n<li>Presenta 28 secuencias did\u00e1cticas, mismas que desarrollan, a trav\u00e9s de diversas estrategias did\u00e1cticas, los contenidos formativos del programa oficial.<\/li>\n<li>Presenta evaluaciones diagn\u00f3sticas, formativas y sumativas.<\/li>\n<li>Incluye Pr\u00e1cticas experimentales para reforzar el trabajo en el laboratorio.<\/li>\n<li>Ofrece la secci\u00f3n Laboratorio de proyecto, en el cual se implementan diversas propuestas vinculadas con el Proyecto Aula Escuela y Comunidad.<\/li>\n<li>Incluye a un acompa\u00f1ante digital, Santi, una poderosa tecnolog\u00eda que desde Telegram, aclara dudas y muestra estrategias para que los alumnos comprendan aquellos temas de dificil comprensi\u00f3n.<\/li>\n<\/ul>\n","protected":false},"excerpt":{"rendered":"<p>Mar\u00eda Fernanda Mondrag\u00f3n Altamirano<\/p>\n","protected":false},"featured_media":2678,"comment_status":"open","ping_status":"closed","template":"","meta":[],"product_brand":[],"product_cat":[21,73],"product_tag":[],"class_list":{"0":"post-2677","1":"product","2":"type-product","3":"status-publish","4":"has-post-thumbnail","6":"product_cat-media-superior","7":"product_cat-novedades-2026","9":"first","10":"instock","11":"taxable","12":"shipping-taxable","13":"purchasable","14":"product-type-simple"},"_links":{"self":[{"href":"https:\/\/esfinge.mx\/inicio\/wp-json\/wp\/v2\/product\/2677","targetHints":{"allow":["GET"]}}],"collection":[{"href":"https:\/\/esfinge.mx\/inicio\/wp-json\/wp\/v2\/product"}],"about":[{"href":"https:\/\/esfinge.mx\/inicio\/wp-json\/wp\/v2\/types\/product"}],"replies":[{"embeddable":true,"href":"https:\/\/esfinge.mx\/inicio\/wp-json\/wp\/v2\/comments?post=2677"}],"wp:featuredmedia":[{"embeddable":true,"href":"https:\/\/esfinge.mx\/inicio\/wp-json\/wp\/v2\/media\/2678"}],"wp:attachment":[{"href":"https:\/\/esfinge.mx\/inicio\/wp-json\/wp\/v2\/media?parent=2677"}],"wp:term":[{"taxonomy":"product_brand","embeddable":true,"href":"https:\/\/esfinge.mx\/inicio\/wp-json\/wp\/v2\/product_brand?post=2677"},{"taxonomy":"product_cat","embeddable":true,"href":"https:\/\/esfinge.mx\/inicio\/wp-json\/wp\/v2\/product_cat?post=2677"},{"taxonomy":"product_tag","embeddable":true,"href":"https:\/\/esfinge.mx\/inicio\/wp-json\/wp\/v2\/product_tag?post=2677"}],"curies":[{"name":"wp","href":"https:\/\/api.w.org\/{rel}","templated":true}]}}