{"id":2681,"date":"2026-01-28T19:51:12","date_gmt":"2026-01-29T01:51:12","guid":{"rendered":"https:\/\/esfinge.mx\/inicio\/?post_type=product&#038;p=2681"},"modified":"2026-03-29T02:00:07","modified_gmt":"2026-03-29T08:00:07","slug":"cultura-digital-2-serie-conecta2","status":"publish","type":"product","link":"https:\/\/esfinge.mx\/inicio\/producto\/cultura-digital-2-serie-conecta2\/","title":{"rendered":"Cultura Digital 2. Serie CONECTA2"},"content":{"rendered":"<p><em>Cultura Digital 2, <\/em>serie CONECTA2 responde a las metas educativas y prop\u00f3sitos educativos de la misma asignatura, indicados en el programa de estudios del Marco Curricular Com\u00fan de la Educaci\u00f3n Media Superior, Modelo Educativo 2025. En esta obra, los alumnos podr\u00e1n navegar a trav\u00e9s de recursos digitales aplicando estos conocimientos para trabajar de manera individual o colectiva, promoviendo el uso de software estad\u00edstico o t\u00e9cnicas de investigaci\u00f3n en l\u00ednea, destacando la presencia de software de libre acceso.<\/p>\n<p>&nbsp;<\/p>\n<p><strong>Contenido<\/strong><\/p>\n<ul>\n<li>Organizado en bimestres y en secuencias did\u00e1cticas.<\/li>\n<li>Presenta 7 secuencias did\u00e1cticas, mismas que desarrollan, a trav\u00e9s de diversas estrategias did\u00e1cticas, los contenidos formativos del programa oficial.<\/li>\n<li>Presenta evaluaciones diagn\u00f3sticas, formativas y sumativas.<\/li>\n<li>Incluye Pr\u00e1cticas digitales para reforzar el trabajo.<\/li>\n<li>Ofrece la secci\u00f3n Laboratorio de proyecto, en el cual se implementan diversas propuestas vinculadas con el Proyecto Aula Escuela y Comunidad.<\/li>\n<li>Incluye a un acompa\u00f1ante digital, Santi, una poderosa tecnolog\u00eda que desde Telegram, aclara dudas y muestra estrategias para que los alumnos comprendan aquellos temas de dificil comprensi\u00f3n.<\/li>\n<\/ul>\n","protected":false},"excerpt":{"rendered":"<p>Gabriel Lozano Ferrer<\/p>\n<p>&nbsp;<\/p>\n","protected":false},"featured_media":2682,"comment_status":"open","ping_status":"closed","template":"","meta":[],"product_brand":[],"product_cat":[73,21],"product_tag":[],"class_list":{"0":"post-2681","1":"product","2":"type-product","3":"status-publish","4":"has-post-thumbnail","6":"product_cat-novedades-2026","7":"product_cat-media-superior","9":"first","10":"instock","11":"taxable","12":"shipping-taxable","13":"purchasable","14":"product-type-simple"},"_links":{"self":[{"href":"https:\/\/esfinge.mx\/inicio\/wp-json\/wp\/v2\/product\/2681","targetHints":{"allow":["GET"]}}],"collection":[{"href":"https:\/\/esfinge.mx\/inicio\/wp-json\/wp\/v2\/product"}],"about":[{"href":"https:\/\/esfinge.mx\/inicio\/wp-json\/wp\/v2\/types\/product"}],"replies":[{"embeddable":true,"href":"https:\/\/esfinge.mx\/inicio\/wp-json\/wp\/v2\/comments?post=2681"}],"wp:featuredmedia":[{"embeddable":true,"href":"https:\/\/esfinge.mx\/inicio\/wp-json\/wp\/v2\/media\/2682"}],"wp:attachment":[{"href":"https:\/\/esfinge.mx\/inicio\/wp-json\/wp\/v2\/media?parent=2681"}],"wp:term":[{"taxonomy":"product_brand","embeddable":true,"href":"https:\/\/esfinge.mx\/inicio\/wp-json\/wp\/v2\/product_brand?post=2681"},{"taxonomy":"product_cat","embeddable":true,"href":"https:\/\/esfinge.mx\/inicio\/wp-json\/wp\/v2\/product_cat?post=2681"},{"taxonomy":"product_tag","embeddable":true,"href":"https:\/\/esfinge.mx\/inicio\/wp-json\/wp\/v2\/product_tag?post=2681"}],"curies":[{"name":"wp","href":"https:\/\/api.w.org\/{rel}","templated":true}]}}