{"id":2683,"date":"2026-01-28T19:53:11","date_gmt":"2026-01-29T01:53:11","guid":{"rendered":"https:\/\/esfinge.mx\/inicio\/?post_type=product&#038;p=2683"},"modified":"2026-03-29T02:00:29","modified_gmt":"2026-03-29T08:00:29","slug":"pensamiento-filosofico-y-humanidades-2-serie-conecta2","status":"publish","type":"product","link":"https:\/\/esfinge.mx\/inicio\/producto\/pensamiento-filosofico-y-humanidades-2-serie-conecta2\/","title":{"rendered":"Pensamiento Filos\u00f3fico y Humanidades 2. Serie CONECTA2"},"content":{"rendered":"<p><em>Pensamiento Filos\u00f3fico y Humanidades 2, <\/em>serie CONECTA2 responde a las metas educativas y prop\u00f3sitos educativos de la misma asignatura, indicados en el programa de estudios del Marco Curricular Com\u00fan de la Educaci\u00f3n Media Superior, Modelo Educativo 2025. A trav\u00e9s de diversas propuestas did\u00e1cticas, en esta obra se gu\u00eda a los alumnos hacia la argumentaci\u00f3n filos\u00f3fica, la problem\u00e1tica social, los dilemas \u00e9ticos y bio\u00e9ticos, la dimensi\u00f3n pol\u00edtica y los temas de perspectiva de g\u00e9nero.<\/p>\n<p>&nbsp;<\/p>\n<p><strong>Contenido<\/strong><\/p>\n<ul>\n<li>Organizado en bimestres y en secuencias did\u00e1cticas.<\/li>\n<li>Presenta 25 secuencias did\u00e1cticas, mismas que desarrollan, a trav\u00e9s de diversas estrategias did\u00e1cticas, los contenidos formativos del programa oficial.<\/li>\n<li>Presenta evaluaciones diagn\u00f3sticas, formativas y sumativas.<\/li>\n<li>Ofrece la secci\u00f3n Laboratorio de proyecto, en el cual se implementan diversas propuestas vinculadas con el Proyecto Aula Escuela y Comunidad.<\/li>\n<li>Incluye a un acompa\u00f1ante digital, Santi, una poderosa tecnolog\u00eda que desde Telegram, aclara dudas y muestra estrategias para que los alumnos comprendan aquellos temas de dificil comprensi\u00f3n.<\/li>\n<\/ul>\n","protected":false},"excerpt":{"rendered":"<p>Dante Serrano Cort\u00e1zar<\/p>\n","protected":false},"featured_media":2684,"comment_status":"open","ping_status":"closed","template":"","meta":[],"product_brand":[],"product_cat":[73,21],"product_tag":[],"class_list":{"0":"post-2683","1":"product","2":"type-product","3":"status-publish","4":"has-post-thumbnail","6":"product_cat-novedades-2026","7":"product_cat-media-superior","9":"first","10":"instock","11":"taxable","12":"shipping-taxable","13":"purchasable","14":"product-type-simple"},"_links":{"self":[{"href":"https:\/\/esfinge.mx\/inicio\/wp-json\/wp\/v2\/product\/2683","targetHints":{"allow":["GET"]}}],"collection":[{"href":"https:\/\/esfinge.mx\/inicio\/wp-json\/wp\/v2\/product"}],"about":[{"href":"https:\/\/esfinge.mx\/inicio\/wp-json\/wp\/v2\/types\/product"}],"replies":[{"embeddable":true,"href":"https:\/\/esfinge.mx\/inicio\/wp-json\/wp\/v2\/comments?post=2683"}],"wp:featuredmedia":[{"embeddable":true,"href":"https:\/\/esfinge.mx\/inicio\/wp-json\/wp\/v2\/media\/2684"}],"wp:attachment":[{"href":"https:\/\/esfinge.mx\/inicio\/wp-json\/wp\/v2\/media?parent=2683"}],"wp:term":[{"taxonomy":"product_brand","embeddable":true,"href":"https:\/\/esfinge.mx\/inicio\/wp-json\/wp\/v2\/product_brand?post=2683"},{"taxonomy":"product_cat","embeddable":true,"href":"https:\/\/esfinge.mx\/inicio\/wp-json\/wp\/v2\/product_cat?post=2683"},{"taxonomy":"product_tag","embeddable":true,"href":"https:\/\/esfinge.mx\/inicio\/wp-json\/wp\/v2\/product_tag?post=2683"}],"curies":[{"name":"wp","href":"https:\/\/api.w.org\/{rel}","templated":true}]}}