{"id":2689,"date":"2026-01-28T20:01:49","date_gmt":"2026-01-29T02:01:49","guid":{"rendered":"https:\/\/esfinge.mx\/inicio\/?post_type=product&#038;p=2689"},"modified":"2026-03-29T02:00:29","modified_gmt":"2026-03-29T08:00:29","slug":"organismos-estructura-y-procesos-herencia-y-evolucion-biologica-serie-trayectos","status":"publish","type":"product","link":"https:\/\/esfinge.mx\/inicio\/producto\/organismos-estructura-y-procesos-herencia-y-evolucion-biologica-serie-trayectos\/","title":{"rendered":"Organismos: estructura y procesos. Herencia y evoluci\u00f3n biol\u00f3gica. Serie Trayectos"},"content":{"rendered":"<p><em>Organismos: estructura y procesos. Herencia y evoluci\u00f3n biol\u00f3gica 2<\/em> es un libro en el que se consolidan los saberes, habilidades y conocimientos como recursos sociocognitivos que se aplican en todo momento en el trayecto educativo. A trav\u00e9s de sus actividades se propone que los alumnos identifiquen que los organismos pueden estar hechos de una sola c\u00e9lula o de millones de ellas y responden a est\u00edmulos del ambiente. Crecen y se reproducen transfiriendo su informaci\u00f3n gen\u00e9tica. Tambi\u00e9n que los organismos con reproducci\u00f3n asexual portan la misma informaci\u00f3n gen\u00e9tica a lo largo de su vida.<\/p>\n<p>&nbsp;<\/p>\n<p><strong>Contenido<\/strong><\/p>\n<ul>\n<li>A trav\u00e9s de secuencias did\u00e1cticas se desarrollan las 11 Progresiones de aprendizaje (PDA) indicadas para el \u00c1rea de conocimiento Organismos: estructura y procesos. Herencia y evoluci\u00f3n biol\u00f3gica del Marco Curricular de la Educaci\u00f3n Media Superior (MCCEMS).<\/li>\n<li>Integra a la pr\u00e1ctica educativa el enfoque y la propuesta del MCCEMS.<\/li>\n<li>Organizado en bimestres.<\/li>\n<li>Incluye evaluaciones diagn\u00f3sticas, parciales y bimestrales.<\/li>\n<li>Presenta un Laboratorio el cual propone trabajar un proyecto a lo largo de los bimestres.<\/li>\n<li>Incluye pr\u00e1cticas de laboratorio<\/li>\n<\/ul>\n","protected":false},"excerpt":{"rendered":"<p>Gil Robles Mart\u00ednez<\/p>\n","protected":false},"featured_media":2690,"comment_status":"open","ping_status":"closed","template":"","meta":[],"product_brand":[],"product_cat":[73,21],"product_tag":[],"class_list":{"0":"post-2689","1":"product","2":"type-product","3":"status-publish","4":"has-post-thumbnail","6":"product_cat-novedades-2026","7":"product_cat-media-superior","9":"first","10":"instock","11":"taxable","12":"shipping-taxable","13":"purchasable","14":"product-type-simple"},"_links":{"self":[{"href":"https:\/\/esfinge.mx\/inicio\/wp-json\/wp\/v2\/product\/2689","targetHints":{"allow":["GET"]}}],"collection":[{"href":"https:\/\/esfinge.mx\/inicio\/wp-json\/wp\/v2\/product"}],"about":[{"href":"https:\/\/esfinge.mx\/inicio\/wp-json\/wp\/v2\/types\/product"}],"replies":[{"embeddable":true,"href":"https:\/\/esfinge.mx\/inicio\/wp-json\/wp\/v2\/comments?post=2689"}],"wp:featuredmedia":[{"embeddable":true,"href":"https:\/\/esfinge.mx\/inicio\/wp-json\/wp\/v2\/media\/2690"}],"wp:attachment":[{"href":"https:\/\/esfinge.mx\/inicio\/wp-json\/wp\/v2\/media?parent=2689"}],"wp:term":[{"taxonomy":"product_brand","embeddable":true,"href":"https:\/\/esfinge.mx\/inicio\/wp-json\/wp\/v2\/product_brand?post=2689"},{"taxonomy":"product_cat","embeddable":true,"href":"https:\/\/esfinge.mx\/inicio\/wp-json\/wp\/v2\/product_cat?post=2689"},{"taxonomy":"product_tag","embeddable":true,"href":"https:\/\/esfinge.mx\/inicio\/wp-json\/wp\/v2\/product_tag?post=2689"}],"curies":[{"name":"wp","href":"https:\/\/api.w.org\/{rel}","templated":true}]}}