{"id":269,"date":"2021-09-22T16:51:05","date_gmt":"2021-09-22T16:51:05","guid":{"rendered":"https:\/\/esfinge.mx\/inicio\/?product=introduccion-a-las-ciencias-sociales"},"modified":"2025-12-18T02:00:20","modified_gmt":"2025-12-18T08:00:20","slug":"introduccion-a-las-ciencias-sociales","status":"publish","type":"product","link":"https:\/\/esfinge.mx\/inicio\/producto\/introduccion-a-las-ciencias-sociales\/","title":{"rendered":"Introducci\u00f3n a las Ciencias Sociales"},"content":{"rendered":"<div class=\"caracteristicas\"><b class=\"subtitulo\">Conoce tu libro<\/b><\/div>\n<div class=\"caracteristicas\"><b class=\"subtitulo\">Portadilla (inicio de bloque)<\/b><\/div>\n<div class=\"caracteristicas\">\n<ul>\n<li>Competencias<\/li>\n<\/ul>\n<p>.<\/p><\/div>\n<div class=\"caracteristicas\"><b class=\"subtitulo\">Desarrollo de los contenidos<\/b><\/div>\n<div class=\"caracteristicas\">Exploro mis saberes<\/p>\n<ul>\n<li>Preguntas gu\u00eda<\/li>\n<\/ul>\n<p>Texto central (apegado al programa vigente)<br \/>\nDesarrollo de contenidos por secuencias<br \/>\nEnlaces QR<br \/>\nPrograma Construye T mediante<br \/>\nDHS (Desarrollo de Habilidades Socioemocionales)<\/p>\n<ul>\n<li>An\u00e1lisis en colaboraci\u00f3n<\/li>\n<li>Aprendo en colaboraci\u00f3n<\/li>\n<li>Pertinencia con la vida<\/li>\n<\/ul>\n<\/div>\n<div class=\"caracteristicas\"><b class=\"subtitulo\">Compruebo mis saberes<\/b><\/div>\n<div class=\"caracteristicas\">\n<ul>\n<li>Compruebo mis saberes adquiridos<\/li>\n<li>Lista de cotejo para valoraci\u00f3n del nivel de logro de desempe\u00f1os<\/li>\n<\/ul>\n<p>Anexos:<\/p>\n<ul>\n<li>1. Conjunto de listas de cotejo para coevaluaci\u00f3n y autoevaluaci\u00f3n<\/li>\n<li>2. R\u00fabrica para evaluar trabajo colaborativo<\/li>\n<li>3. R\u00fabrica para evaluar desempe\u00f1o en exposici\u00f3n oral<\/li>\n<li>4. R\u00fabrica para evaluar producto final escrito<\/li>\n<li>5. R\u00fabrica de Evaluaci\u00f3n de Portafolio de Evidencias<\/li>\n<\/ul>\n<\/div>\n<div id=\"contenedor\">\n<div class=\"hijo\"><b class=\"subtitulo\">ISBN<br \/>\n<\/b>9786071013446<\/div>\n<div class=\"hijo\"><b class=\"subtitulo\">Fomato<br \/>\n<\/b>20.6 x 27 cm<\/div>\n<div class=\"hijo\"><b class=\"subtitulo\">P\u00e1ginas<br \/>\n<\/b>136<\/div>\n<div class=\"hijo\"><\/div>\n<div class=\"clear\"><\/div>\n<div class=\"caracteristicas\"><b class=\"subtitulo\">Autor<\/b><\/div>\n<div class=\"caracteristicas\">Marcelino Trujillo M\u00e9ndez<\/div>\n<\/div>\n","protected":false},"excerpt":{"rendered":"<p>Trujillo M\u00e9ndez Marcelino<\/p>\n","protected":false},"featured_media":541,"comment_status":"open","ping_status":"closed","template":"","meta":[],"product_brand":[],"product_cat":[21],"product_tag":[],"class_list":{"0":"post-269","1":"product","2":"type-product","3":"status-publish","4":"has-post-thumbnail","6":"product_cat-media-superior","8":"first","9":"outofstock","10":"taxable","11":"shipping-taxable","12":"purchasable","13":"product-type-simple"},"_links":{"self":[{"href":"https:\/\/esfinge.mx\/inicio\/wp-json\/wp\/v2\/product\/269","targetHints":{"allow":["GET"]}}],"collection":[{"href":"https:\/\/esfinge.mx\/inicio\/wp-json\/wp\/v2\/product"}],"about":[{"href":"https:\/\/esfinge.mx\/inicio\/wp-json\/wp\/v2\/types\/product"}],"replies":[{"embeddable":true,"href":"https:\/\/esfinge.mx\/inicio\/wp-json\/wp\/v2\/comments?post=269"}],"wp:featuredmedia":[{"embeddable":true,"href":"https:\/\/esfinge.mx\/inicio\/wp-json\/wp\/v2\/media\/541"}],"wp:attachment":[{"href":"https:\/\/esfinge.mx\/inicio\/wp-json\/wp\/v2\/media?parent=269"}],"wp:term":[{"taxonomy":"product_brand","embeddable":true,"href":"https:\/\/esfinge.mx\/inicio\/wp-json\/wp\/v2\/product_brand?post=269"},{"taxonomy":"product_cat","embeddable":true,"href":"https:\/\/esfinge.mx\/inicio\/wp-json\/wp\/v2\/product_cat?post=269"},{"taxonomy":"product_tag","embeddable":true,"href":"https:\/\/esfinge.mx\/inicio\/wp-json\/wp\/v2\/product_tag?post=269"}],"curies":[{"name":"wp","href":"https:\/\/api.w.org\/{rel}","templated":true}]}}