{"id":271,"date":"2021-09-22T16:51:05","date_gmt":"2021-09-22T16:51:05","guid":{"rendered":"https:\/\/esfinge.mx\/inicio\/?product=lectura-expresion-oral-y-escrita-1"},"modified":"2026-03-29T02:00:24","modified_gmt":"2026-03-29T08:00:24","slug":"lectura-expresion-oral-y-escrita-1","status":"publish","type":"product","link":"https:\/\/esfinge.mx\/inicio\/producto\/lectura-expresion-oral-y-escrita-1\/","title":{"rendered":"Lectura, expresi\u00f3n oral y escrita 1"},"content":{"rendered":"","protected":false},"excerpt":{"rendered":"<p>Ruiz Garc\u00eda Mar\u00eda Teresa<\/p>\n","protected":false},"featured_media":889,"comment_status":"open","ping_status":"closed","template":"","meta":[],"product_brand":[],"product_cat":[21],"product_tag":[],"class_list":{"0":"post-271","1":"product","2":"type-product","3":"status-publish","4":"has-post-thumbnail","6":"product_cat-media-superior","8":"first","9":"instock","10":"taxable","11":"shipping-taxable","12":"purchasable","13":"product-type-simple"},"_links":{"self":[{"href":"https:\/\/esfinge.mx\/inicio\/wp-json\/wp\/v2\/product\/271","targetHints":{"allow":["GET"]}}],"collection":[{"href":"https:\/\/esfinge.mx\/inicio\/wp-json\/wp\/v2\/product"}],"about":[{"href":"https:\/\/esfinge.mx\/inicio\/wp-json\/wp\/v2\/types\/product"}],"replies":[{"embeddable":true,"href":"https:\/\/esfinge.mx\/inicio\/wp-json\/wp\/v2\/comments?post=271"}],"wp:featuredmedia":[{"embeddable":true,"href":"https:\/\/esfinge.mx\/inicio\/wp-json\/wp\/v2\/media\/889"}],"wp:attachment":[{"href":"https:\/\/esfinge.mx\/inicio\/wp-json\/wp\/v2\/media?parent=271"}],"wp:term":[{"taxonomy":"product_brand","embeddable":true,"href":"https:\/\/esfinge.mx\/inicio\/wp-json\/wp\/v2\/product_brand?post=271"},{"taxonomy":"product_cat","embeddable":true,"href":"https:\/\/esfinge.mx\/inicio\/wp-json\/wp\/v2\/product_cat?post=271"},{"taxonomy":"product_tag","embeddable":true,"href":"https:\/\/esfinge.mx\/inicio\/wp-json\/wp\/v2\/product_tag?post=271"}],"curies":[{"name":"wp","href":"https:\/\/api.w.org\/{rel}","templated":true}]}}