{"id":274,"date":"2021-09-22T16:51:05","date_gmt":"2021-09-22T16:51:05","guid":{"rendered":"https:\/\/esfinge.mx\/inicio\/?product=lengua-espanola"},"modified":"2026-03-29T02:00:24","modified_gmt":"2026-03-29T08:00:24","slug":"lengua-espanola","status":"publish","type":"product","link":"https:\/\/esfinge.mx\/inicio\/producto\/lengua-espanola\/","title":{"rendered":"Lengua Espa\u00f1ola"},"content":{"rendered":"<div class=\"caracteristicas\"><b class=\"subtitulo\">Presentaci\u00f3n<\/b><\/div>\n<div class=\"caracteristicas\">\n<p>\u00a1Bienvenido a la Escuela Nacional Preparatoria! Inicias una importante etapa en tu formaci\u00f3n, la cual sentar\u00e1 las bases para que tu desarrollo profesional sea exitoso. En este a\u00f1o escolar, cursar\u00e1s diversas materias destinadas a nutrir los conocimientos que ya tienes y a ampliarlos con nuevos. La materia que nos corresponde es Lengua Espa\u00f1ola, la cual es fundamental, pues es nuestro medio primario de comunicaci\u00f3n con el resto del mundo.<\/p>\n<p>En este curso aprender\u00e1s las caracter\u00edsticas de diversos tipos de textos que ya conoces; por ejemplo, los literarios (como el narrativo y el po\u00e9tico), los t\u00e9cnicos y los acad\u00e9micos (como el expositivo, el argumentativo y la monograf\u00eda), principalmente estos \u00faltimos, una vez que los domines, te facilitar\u00e1n mucho las tareas de otras materias e incluso te ser\u00e1n de mucha ayuda en la universidad, incluso en tu vida profesional.<\/p>\n<p>El objetivo de este libro es que seas capaz de identificar estos tipos de textos, comprenderlos, analizarlos y crearlos. Para ello, el curso se desarrollar\u00e1 en cuatro vertientes: la construcci\u00f3n de conocimientos, la comprensi\u00f3n lectora, el an\u00e1lisis literario y la composici\u00f3n de textos orales y escritos.Todo esto fortalecer\u00e1 tus habilidades en el uso de la lengua espa\u00f1ola para comunicar tus emociones y pensamientos de manera eficiente, as\u00ed como para entender a tus compa\u00f1eros, profesores y personas con quienes convives de manera cotidiana.<\/p>\n<p>Lengua Espa\u00f1ola est\u00e1 formada de seis unidades tem\u00e1ticas: Saber relatar: la narraci\u00f3n, Explicar con claridad: la exposici\u00f3n, Investigar e informar: la monograf\u00eda, Expresar el arte: lo literario, Leer e interpretar: lo ic\u00f3nico verbal y Defender y persuadir: la argumentaci\u00f3n. Como puedes observar, en cada unidad se define un prop\u00f3sito y un tipo de texto determinado, el cual se enfoca en desarrollar una competencia espec\u00edfica y la realizaci\u00f3n de un producto: algunos de ellos son cuentos, noticias, c\u00f3mics, ensayos, por mencionar algunos; pero, \u00a1no te preocupes!, nosotros te guiaremos paso a paso en cada unidad, para que adquieras los conocimientos y tengas las herramientas necesarias para realizar tus proyectos con \u00e9xito.<\/p>\n<p>Los contenidos, actividades, r\u00fabricas y listas de cotejo que proponemos fueron pensadas para que todo sea claro y divertido para ti y para tu profesor, porque todo lo que estudiaremos lo practicas diariamente: lo lees, lo ves, lo escuchas; ahora tendr\u00e1s la oportunidad de comprender su estructura y utilidad para entenderlo mejor y emplearlo como una herramienta en tus clases. Cada actividad est\u00e1 dise\u00f1ada tanto para repasar lo aprendido, como para aplicarlo en la construcci\u00f3n de tu proyecto, de este modo ir\u00e1s cre\u00e1ndolo poco a poco y ser\u00e1 m\u00e1s sencillo mejorarlo con cada revisi\u00f3n.<\/p>\n<p>Aunado a esto incluimos diferentes recursos digitales para complementar y desarrollar tu experiencia educativa, \u00a1queremos hacer divertido tu aprendizaje! A trav\u00e9s de c\u00f3digos QR te ofrecemos acceso a p\u00e1ginas con contenidos educativos, al acceder a ellos encontrar\u00e1s ejemplos, datos curiosos, videos, canciones, libros, c\u00f3mics, entre muchas otras cosas que consideramos pueden ser de tu inter\u00e9s.<\/p>\n<p>\u00a1Muchas gracias por dejarnos acompa\u00f1arte en tu camino al conocimiento y al \u00e9xito!<\/p>\n<p>Las autoras<\/p><\/div>\n<div id=\"contenedor\">\n<div class=\"hijo\"><b class=\"subtitulo\">ISBN<br \/>\n<\/b>9786071013989<\/div>\n<div class=\"clear\"><\/div>\n<\/div>\n<div class=\"caracteristicas\"><b class=\"subtitulo\">Autor<\/b><\/div>\n<div class=\"caracteristicas\">Ayarith Altamirano Toda<br \/>\nBrenda \u00c1lvarez Carre\u00f1o<\/div>\n","protected":false},"excerpt":{"rendered":"<p>Altamirano Toda Ayarith, \u00c1lvarez Carre\u00f1o Brenda<\/p>\n","protected":false},"featured_media":546,"comment_status":"open","ping_status":"closed","template":"","meta":[],"product_brand":[],"product_cat":[21],"product_tag":[],"class_list":{"0":"post-274","1":"product","2":"type-product","3":"status-publish","4":"has-post-thumbnail","6":"product_cat-media-superior","8":"first","9":"instock","10":"taxable","11":"shipping-taxable","12":"purchasable","13":"product-type-simple"},"_links":{"self":[{"href":"https:\/\/esfinge.mx\/inicio\/wp-json\/wp\/v2\/product\/274","targetHints":{"allow":["GET"]}}],"collection":[{"href":"https:\/\/esfinge.mx\/inicio\/wp-json\/wp\/v2\/product"}],"about":[{"href":"https:\/\/esfinge.mx\/inicio\/wp-json\/wp\/v2\/types\/product"}],"replies":[{"embeddable":true,"href":"https:\/\/esfinge.mx\/inicio\/wp-json\/wp\/v2\/comments?post=274"}],"wp:featuredmedia":[{"embeddable":true,"href":"https:\/\/esfinge.mx\/inicio\/wp-json\/wp\/v2\/media\/546"}],"wp:attachment":[{"href":"https:\/\/esfinge.mx\/inicio\/wp-json\/wp\/v2\/media?parent=274"}],"wp:term":[{"taxonomy":"product_brand","embeddable":true,"href":"https:\/\/esfinge.mx\/inicio\/wp-json\/wp\/v2\/product_brand?post=274"},{"taxonomy":"product_cat","embeddable":true,"href":"https:\/\/esfinge.mx\/inicio\/wp-json\/wp\/v2\/product_cat?post=274"},{"taxonomy":"product_tag","embeddable":true,"href":"https:\/\/esfinge.mx\/inicio\/wp-json\/wp\/v2\/product_tag?post=274"}],"curies":[{"name":"wp","href":"https:\/\/api.w.org\/{rel}","templated":true}]}}