{"id":277,"date":"2021-09-22T16:51:05","date_gmt":"2021-09-22T16:51:05","guid":{"rendered":"https:\/\/esfinge.mx\/inicio\/?product=literatura-mexicana-e-iberoamericana-una-ventana-a-nuestro-mundo"},"modified":"2026-02-13T02:00:21","modified_gmt":"2026-02-13T08:00:21","slug":"literatura-mexicana-e-iberoamericana-una-ventana-a-nuestro-mundo","status":"publish","type":"product","link":"https:\/\/esfinge.mx\/inicio\/producto\/literatura-mexicana-e-iberoamericana-una-ventana-a-nuestro-mundo\/","title":{"rendered":"Literatura Mexicana e Iberoamericana. Una Ventana a Nuestro Mundo"},"content":{"rendered":"<div class=\"caracteristicas\"><b class=\"subtitulo\">Propuesta did\u00e1ctica y metodolog\u00eda<\/b><\/div>\n<div class=\"caracteristicas\">Este libro ense\u00f1a al estudiante c\u00f3mo hacer un an\u00e1lisis de textos y le ayuda a desarrollar su capacidad cr\u00edtica. Asimismo, para que ampl\u00ede, profundice y detecte qu\u00e9 vigencia tienen los textos, qu\u00e9 valores trasmiten o qu\u00e9 aspectos de la sociedad critican, se ha hecho una selecci\u00f3n minuciosa de los textos m\u00e1s representativos de cada \u00e9poca y g\u00e9nero. Desde luego, despu\u00e9s de leerlos se anhela que el estudiante se sienta alentado a leer en forma integral todas las obras que los autores mexicanos e iberoamericanos han escrito.<\/div>\n<div class=\"caracteristicas\"><b class=\"subtitulo\">Actividades y contenido<\/b><\/div>\n<div class=\"caracteristicas\">Unidad 1. Literatura prehisp\u00e1nica. Unidad 2. Lo literatura colonial mexicana del siglo xvi. Unidad 3. Literatura barroca en M\u00e9xico. Unidad 4. Literatura del siglo xviii: neohumanismo y neoclacisismo. Unidad 5. Romanticismo, realismo y naturalismo hispanoamericanos. Unidad 6. El modernismo y el criollismo. Unidad 7. La literatura vanguardista. Unidad 8. La \u00e9poca actual en la literatura iberoamericana.<\/div>\n<div id=\"contenedor\">\n<div class=\"hijo\"><b class=\"subtitulo\">ISBN<br \/>\n<\/b>9789706479440<\/div>\n<div class=\"hijo\"><b class=\"subtitulo\">Fomato<br \/>\n<\/b>16.5 x 23 cm<\/div>\n<div class=\"hijo\"><b class=\"subtitulo\">P\u00e1ginas<br \/>\n<\/b>384<\/div>\n<div class=\"hijo\"><b class=\"subtitulo\">Componentes<br \/>\n<\/b>Libro para el alumno<\/div>\n<\/div>\n<div class=\"hijo\"><\/div>\n<div class=\"clear\"><\/div>\n<div class=\"caracteristicas\"><b class=\"subtitulo\">Autor<\/b><\/div>\n<div class=\"caracteristicas\">Mar\u00eda Teresa Ruiz Garc\u00eda<\/div>\n","protected":false},"excerpt":{"rendered":"<p>Ruiz Garc\u00eda Maria Teresa<\/p>\n","protected":false},"featured_media":549,"comment_status":"open","ping_status":"closed","template":"","meta":[],"product_brand":[],"product_cat":[21],"product_tag":[],"class_list":{"0":"post-277","1":"product","2":"type-product","3":"status-publish","4":"has-post-thumbnail","6":"product_cat-media-superior","8":"first","9":"instock","10":"taxable","11":"shipping-taxable","12":"purchasable","13":"product-type-simple"},"_links":{"self":[{"href":"https:\/\/esfinge.mx\/inicio\/wp-json\/wp\/v2\/product\/277","targetHints":{"allow":["GET"]}}],"collection":[{"href":"https:\/\/esfinge.mx\/inicio\/wp-json\/wp\/v2\/product"}],"about":[{"href":"https:\/\/esfinge.mx\/inicio\/wp-json\/wp\/v2\/types\/product"}],"replies":[{"embeddable":true,"href":"https:\/\/esfinge.mx\/inicio\/wp-json\/wp\/v2\/comments?post=277"}],"wp:featuredmedia":[{"embeddable":true,"href":"https:\/\/esfinge.mx\/inicio\/wp-json\/wp\/v2\/media\/549"}],"wp:attachment":[{"href":"https:\/\/esfinge.mx\/inicio\/wp-json\/wp\/v2\/media?parent=277"}],"wp:term":[{"taxonomy":"product_brand","embeddable":true,"href":"https:\/\/esfinge.mx\/inicio\/wp-json\/wp\/v2\/product_brand?post=277"},{"taxonomy":"product_cat","embeddable":true,"href":"https:\/\/esfinge.mx\/inicio\/wp-json\/wp\/v2\/product_cat?post=277"},{"taxonomy":"product_tag","embeddable":true,"href":"https:\/\/esfinge.mx\/inicio\/wp-json\/wp\/v2\/product_tag?post=277"}],"curies":[{"name":"wp","href":"https:\/\/api.w.org\/{rel}","templated":true}]}}