{"id":282,"date":"2021-09-22T16:51:06","date_gmt":"2021-09-22T16:51:06","guid":{"rendered":"https:\/\/esfinge.mx\/inicio\/?product=logica-2"},"modified":"2024-12-18T02:00:43","modified_gmt":"2024-12-18T08:00:43","slug":"logica-2","status":"publish","type":"product","link":"https:\/\/esfinge.mx\/inicio\/producto\/logica-2\/","title":{"rendered":"L\u00f3gica"},"content":{"rendered":"<section id=\"content-section-1528971561366\" class=\"astroid-section astroid-component-section py-3 py-md-5\">\n<div class=\"container\">\n<div id=\"astroid-row-1528971561366\" class=\"row astroid-row\">\n<div id=\"astroid-column-1528971561366\" class=\"astroid-column col-lg-12\">\n<div id=\"component-area-1529739248826\" class=\"astroid-component\">\n<div class=\"astroid-component-area\">\n<div id=\"hikashop_product_9786071003201_page\" class=\"hikashop_product_page hikashop_product_of_category_34 hikashop_product_of_category_30 hikashop_product_of_category_2\">\n<form action=\"https:\/\/esfinge.mx\/home\/index.php\/libro\/product\/updatecart\" enctype=\"multipart\/form-data\" method=\"post\" name=\"hikashop_product_form\">\n<div id=\"hikashop_product_bottom_part\" class=\"hikashop_product_bottom_part\">\n<div id=\"hikashop_product_description_main\" class=\"hikashop_product_description_main\">\n<div class=\"caracteristicas\"><b class=\"subtitulo\">Propuesta did\u00e1ctica y metodolog\u00eda<\/b><\/div>\n<div class=\"caracteristicas\">Para defender la capacidad de raciocinio y ense\u00f1arle al estudiante c\u00f3mo puede perfeccionarla y ejercitarla, de tal suerte que logre claridad de pensamiento, esta obra es un auxiliar en la obtenci\u00f3n de un m\u00e9todo que proporcione las bases para lograr un pensamiento correcto y verdadero.<\/div>\n<div class=\"caracteristicas\"><b class=\"subtitulo\">Actividades y contenido<\/b><\/div>\n<div class=\"caracteristicas\">1. Concepto de l\u00f3gica. 2. Conocimiento y concepto. 3. Juzgar, segunda operaci\u00f3n mental. 4. Tercera operaci\u00f3n mental: razonar. 5. El silogismo. 6. Las falacias. 7. C\u00e1lculo proposicional. 8. Pruebas de validez e invalidez.<\/div>\n<div id=\"contenedor\">\n<div class=\"hijo\"><b class=\"subtitulo\">ISBN<br \/>\n<\/b>9786071003201<\/div>\n<div class=\"hijo\"><b class=\"subtitulo\">Fomato<br \/>\n<\/b>16.5 x 23 cm<\/div>\n<div class=\"hijo\"><b class=\"subtitulo\">P\u00e1ginas<br \/>\n<\/b>202<\/div>\n<div class=\"hijo\"><b class=\"subtitulo\">Componentes<br \/>\n<\/b>Libro para el alumno<\/div>\n<\/div>\n<div class=\"hijo\"><\/div>\n<div class=\"clear\"><\/div>\n<div class=\"caracteristicas\"><b class=\"subtitulo\">Autor<\/b><\/div>\n<div class=\"caracteristicas\">Mar\u00eda del Carmen San Jos\u00e9<\/p>\n<div><\/div>\n<\/div>\n<\/div>\n<p><span id=\"hikashop_product_url_main\" class=\"hikashop_product_url_main\"><\/span><\/p>\n<div id=\"hikashop_product_files_main\" class=\"hikashop_product_files_main\"><\/div>\n<\/div>\n<\/form>\n<div id=\"hikashop_submodules\" class=\"hikashop_submodules\">\n<div id=\"hikashop_module_98\" class=\"hikashop_module \">\n<div id=\"hikashop_category_information_module_98\" class=\"hikashop_category_information hikashop_products_listing_main hikashop_product_listing_2 filter_refresh_div\" data-refresh-class=\"hikashop_checkout_loading\" data-refresh-url=\"https:\/\/esfinge.mx\/home\/index.php\/libro\/product\/125-logica?tmpl=raw&amp;filter=1\" data-use-url=\"1\">\n<div class=\"hikashop_checkout_loading_elem\"><\/div>\n<div class=\"hikashop_checkout_loading_spinner\"><\/div>\n<\/div>\n<\/div>\n<\/div>\n<div id=\"hikashop_external_comments\" class=\"hikashop_external_comments\"><\/div>\n<\/div>\n<\/div>\n<\/div>\n<\/div>\n<\/div>\n<\/div>\n<\/section>\n<section id=\"section-5-1529739392010\" class=\"astroid-section py-3 py-md-5\">\n<div class=\"container\">\n<div id=\"astroid-row-1529739392010\" class=\"row astroid-row\">\n<div id=\"astroid-column-1529739392010\" class=\"astroid-column col-lg-12\">\n<div id=\"position-5-1529739392010\" class=\"astroid-module-position\">\n<div class=\"moduletable \">\n<div class=\"custom\"><\/div>\n<\/div>\n<\/div>\n<\/div>\n<\/div>\n<\/div>\n<\/section>\n","protected":false},"excerpt":{"rendered":"<p>Ma. del Carmen San Jos\u00e9<\/p>\n","protected":false},"featured_media":527,"comment_status":"open","ping_status":"closed","template":"","meta":[],"product_brand":[],"product_cat":[21],"product_tag":[],"class_list":{"0":"post-282","1":"product","2":"type-product","3":"status-publish","4":"has-post-thumbnail","6":"product_cat-media-superior","8":"first","9":"instock","10":"taxable","11":"shipping-taxable","12":"purchasable","13":"product-type-simple"},"_links":{"self":[{"href":"https:\/\/esfinge.mx\/inicio\/wp-json\/wp\/v2\/product\/282","targetHints":{"allow":["GET"]}}],"collection":[{"href":"https:\/\/esfinge.mx\/inicio\/wp-json\/wp\/v2\/product"}],"about":[{"href":"https:\/\/esfinge.mx\/inicio\/wp-json\/wp\/v2\/types\/product"}],"replies":[{"embeddable":true,"href":"https:\/\/esfinge.mx\/inicio\/wp-json\/wp\/v2\/comments?post=282"}],"wp:featuredmedia":[{"embeddable":true,"href":"https:\/\/esfinge.mx\/inicio\/wp-json\/wp\/v2\/media\/527"}],"wp:attachment":[{"href":"https:\/\/esfinge.mx\/inicio\/wp-json\/wp\/v2\/media?parent=282"}],"wp:term":[{"taxonomy":"product_brand","embeddable":true,"href":"https:\/\/esfinge.mx\/inicio\/wp-json\/wp\/v2\/product_brand?post=282"},{"taxonomy":"product_cat","embeddable":true,"href":"https:\/\/esfinge.mx\/inicio\/wp-json\/wp\/v2\/product_cat?post=282"},{"taxonomy":"product_tag","embeddable":true,"href":"https:\/\/esfinge.mx\/inicio\/wp-json\/wp\/v2\/product_tag?post=282"}],"curies":[{"name":"wp","href":"https:\/\/api.w.org\/{rel}","templated":true}]}}