{"id":286,"date":"2021-09-22T16:51:06","date_gmt":"2021-09-22T16:51:06","guid":{"rendered":"https:\/\/esfinge.mx\/inicio\/?product=manual-de-orientacion-vocacional-y-profesiografica-2-quinto-semestre"},"modified":"2024-12-18T02:00:43","modified_gmt":"2024-12-18T08:00:43","slug":"manual-de-orientacion-vocacional-y-profesiografica-2-quinto-semestre","status":"publish","type":"product","link":"https:\/\/esfinge.mx\/inicio\/producto\/manual-de-orientacion-vocacional-y-profesiografica-2-quinto-semestre\/","title":{"rendered":"Manual de Orientaci\u00f3n Vocacional y Profesiogr\u00e1fica 2 (quinto semestre)"},"content":{"rendered":"","protected":false},"excerpt":{"rendered":"<p>Romero Hern\u00e1ndez Martitza, Pool Pablo Araceli, Serrano Ceballo Alicia<\/p>\n","protected":false},"featured_media":531,"comment_status":"open","ping_status":"closed","template":"","meta":[],"product_brand":[],"product_cat":[21],"product_tag":[],"class_list":{"0":"post-286","1":"product","2":"type-product","3":"status-publish","4":"has-post-thumbnail","6":"product_cat-media-superior","8":"first","9":"instock","10":"taxable","11":"shipping-taxable","12":"purchasable","13":"product-type-simple"},"_links":{"self":[{"href":"https:\/\/esfinge.mx\/inicio\/wp-json\/wp\/v2\/product\/286","targetHints":{"allow":["GET"]}}],"collection":[{"href":"https:\/\/esfinge.mx\/inicio\/wp-json\/wp\/v2\/product"}],"about":[{"href":"https:\/\/esfinge.mx\/inicio\/wp-json\/wp\/v2\/types\/product"}],"replies":[{"embeddable":true,"href":"https:\/\/esfinge.mx\/inicio\/wp-json\/wp\/v2\/comments?post=286"}],"wp:featuredmedia":[{"embeddable":true,"href":"https:\/\/esfinge.mx\/inicio\/wp-json\/wp\/v2\/media\/531"}],"wp:attachment":[{"href":"https:\/\/esfinge.mx\/inicio\/wp-json\/wp\/v2\/media?parent=286"}],"wp:term":[{"taxonomy":"product_brand","embeddable":true,"href":"https:\/\/esfinge.mx\/inicio\/wp-json\/wp\/v2\/product_brand?post=286"},{"taxonomy":"product_cat","embeddable":true,"href":"https:\/\/esfinge.mx\/inicio\/wp-json\/wp\/v2\/product_cat?post=286"},{"taxonomy":"product_tag","embeddable":true,"href":"https:\/\/esfinge.mx\/inicio\/wp-json\/wp\/v2\/product_tag?post=286"}],"curies":[{"name":"wp","href":"https:\/\/api.w.org\/{rel}","templated":true}]}}