{"id":287,"date":"2021-09-22T16:51:06","date_gmt":"2021-09-22T16:51:06","guid":{"rendered":"https:\/\/esfinge.mx\/inicio\/?product=matematicas-1"},"modified":"2026-03-29T02:00:24","modified_gmt":"2026-03-29T08:00:24","slug":"matematicas-1","status":"publish","type":"product","link":"https:\/\/esfinge.mx\/inicio\/producto\/matematicas-1\/","title":{"rendered":"Matem\u00e1ticas 1"},"content":{"rendered":"<div class=\"caracteristicas\"><b class=\"subtitulo\">Presentaci\u00f3n<\/b><\/div>\n<div class=\"caracteristicas\">\n<p>Hoy en d\u00eda el rechazo hacia las matem\u00e1ticas es muy com\u00fan, ya que el cerebro tiende a la mayor econom\u00eda cognitiva, as\u00ed que si el estudiante no est\u00e1 dispuesto a consumir energ\u00eda mental y a esforzarse es muy probable que no entienda los procesos de razonamientos (deductivos) que abundan en las matem\u00e1ticas. Si a esto le sumamos la fama de que las matem\u00e1ticas son \u201cdif\u00edciles\u201d dado a su car\u00e1cter acumulativo de un a\u00f1o a otro, el joven acabar\u00e1 por evitarlas porque piensa que si desde un principio no le fue bien, todo el tiempo le ir\u00e1 mal.<\/p>\n<p>De acuerdo con las ventajas del Nuevo Modelo Educativo, que pretende usar la inducci\u00f3n para el aprendizaje de las matem\u00e1ticas mediante situaciones cotidianas simples, es que este libro es un instrumento que acerca de manera sencilla al estudiante a transitar de situaciones sin sentido, a un pensamiento aritm\u00e9tico y\/o algebraico de situaciones con base en contextos con significado y apoyando su aprendizaje con lenguaje sencillo y ejemplos simples.<\/p>\n<p>Se ha organizado en las secciones siguientes: Aprendemos, Practicamos, Ejercicios y Datos interesantes, que a lo largo de su desarrollo pretenden organizar y dosificar los conocimientos y habilidades de los siete bloques: N\u00fameros y operaciones b\u00e1sicas, razones y proporciones, sucesiones y series, modelos de probabilidad y estad\u00edstica, operaciones algebraicas, ecuaciones lineales y ecuaciones cuadr\u00e1ticas.<\/p>\n<p>Conf\u00edo en que Matem\u00e1ticas 1 ser\u00e1 \u00fatil para el cumplimiento del programa de la asignatura, mediante la promoci\u00f3n del desarrollo del pensamiento l\u00f3gico-matem\u00e1tico y al recordar que los conocimientos no son el fin de la educaci\u00f3n, sino una herramienta para desarrollar las competencias que definen el perfil de egreso de la Educaci\u00f3n Media Superior.<\/p>\n<p>El autor<\/p><\/div>\n<div id=\"contenedor\">\n<div class=\"hijo\"><b class=\"subtitulo\">ISBN<br \/>\n<\/b>9786071013941<\/div>\n<div class=\"hijo\"><\/div>\n<div class=\"clear\"><\/div>\n<\/div>\n<div class=\"caracteristicas\"><b class=\"subtitulo\">Autor<\/b><\/div>\n<div class=\"caracteristicas\">Aar\u00f3n Jim\u00e9nez Hern\u00e1ndez<\/div>\n","protected":false},"excerpt":{"rendered":"<p>Jim\u00e9nez Hern\u00e1ndez Aar\u00f3n<\/p>\n","protected":false},"featured_media":537,"comment_status":"open","ping_status":"closed","template":"","meta":[],"product_brand":[],"product_cat":[21],"product_tag":[],"class_list":{"0":"post-287","1":"product","2":"type-product","3":"status-publish","4":"has-post-thumbnail","6":"product_cat-media-superior","8":"first","9":"instock","10":"taxable","11":"shipping-taxable","12":"purchasable","13":"product-type-simple"},"_links":{"self":[{"href":"https:\/\/esfinge.mx\/inicio\/wp-json\/wp\/v2\/product\/287","targetHints":{"allow":["GET"]}}],"collection":[{"href":"https:\/\/esfinge.mx\/inicio\/wp-json\/wp\/v2\/product"}],"about":[{"href":"https:\/\/esfinge.mx\/inicio\/wp-json\/wp\/v2\/types\/product"}],"replies":[{"embeddable":true,"href":"https:\/\/esfinge.mx\/inicio\/wp-json\/wp\/v2\/comments?post=287"}],"wp:featuredmedia":[{"embeddable":true,"href":"https:\/\/esfinge.mx\/inicio\/wp-json\/wp\/v2\/media\/537"}],"wp:attachment":[{"href":"https:\/\/esfinge.mx\/inicio\/wp-json\/wp\/v2\/media?parent=287"}],"wp:term":[{"taxonomy":"product_brand","embeddable":true,"href":"https:\/\/esfinge.mx\/inicio\/wp-json\/wp\/v2\/product_brand?post=287"},{"taxonomy":"product_cat","embeddable":true,"href":"https:\/\/esfinge.mx\/inicio\/wp-json\/wp\/v2\/product_cat?post=287"},{"taxonomy":"product_tag","embeddable":true,"href":"https:\/\/esfinge.mx\/inicio\/wp-json\/wp\/v2\/product_tag?post=287"}],"curies":[{"name":"wp","href":"https:\/\/api.w.org\/{rel}","templated":true}]}}