{"id":29,"date":"2021-09-22T16:50:50","date_gmt":"2021-09-22T16:50:50","guid":{"rendered":"https:\/\/esfinge.mx\/inicio\/?product=mi-nuevo-cuaderno-alfa-preescolar-3"},"modified":"2026-03-29T02:00:25","modified_gmt":"2026-03-29T08:00:25","slug":"mi-nuevo-cuaderno-alfa-preescolar-3","status":"publish","type":"product","link":"https:\/\/esfinge.mx\/inicio\/producto\/mi-nuevo-cuaderno-alfa-preescolar-3\/","title":{"rendered":"Mi nuevo cuaderno Alfa preescolar 3"},"content":{"rendered":"<div class=\"caracteristicas\"><span style=\"color: #ff0000;\"><b class=\"subtitulo\">Propuesta did\u00e1ctica<\/b><\/span><\/div>\n<div class=\"liga_fondo\"><a href=\"https:\/\/fondo.esfinge.mx\/media_superior\/inicio_bachi\/materialesB\/9786071013866\" target=\"_blank\" rel=\"noopener noreferrer\">Recursos en l\u00ednea:<\/a><\/div>\n<div><\/div>\n<div class=\"caracteristicas\">\n<p>\u2022 Cuadernos de trabajo que ofrecen al alumno actividades para utilizar y practicar las competencias desarrolladas a trav\u00e9s de su interacci\u00f3n con el medio y con los objetos. Al realizar estas actividades, los conceptos construidos y desarrollados por los alumnos no quedan susceptibles al olvido, sino que adquieren mayor sentido, ya que el ni\u00f1o tendr\u00e1 la oportunidad de practicar lo aprendido, usarlo en contextos variados haci\u00e9ndolo significativo; generalizarlo y transferirlo, convirtiendo sus habilidades ya no s\u00f3lo en un conocimiento exclusivamente intelectual, sino en competencias que le permitan resolver las situaciones did\u00e1cticas con m\u00e1s y mejores recursos.<\/p>\n<\/div>\n<div id=\"contenedor\">\n<div class=\"hijo\"><b class=\"subtitulo\"><span style=\"color: #ff0000;\">ISBN<\/span><br \/>\n<\/b>9786071013866<\/div>\n<div class=\"hijo\"><b class=\"subtitulo\"><span style=\"color: #ff0000;\">Formato<\/span><br \/>\n<\/b>20.5 x27 cm<\/div>\n<div class=\"hijo\"><b class=\"subtitulo\"><span style=\"color: #ff0000;\">P\u00e1ginas<\/span><br \/>\n<\/b>144<\/div>\n<div class=\"hijo\"><\/div>\n<div class=\"clear\"><\/div>\n<\/div>\n<div class=\"caracteristicas\"><span style=\"color: #ff0000;\"><b class=\"subtitulo\">Autor<\/b><\/span><\/div>\n<div class=\"caracteristicas\">Elsa Susana Dom\u00ednguez Caballero<br \/>\nMar\u00eda del Refugio Mart\u00ednez Trevi\u00f1o<\/div>\n","protected":false},"excerpt":{"rendered":"<p>Mi nuevo cuaderno Alfa preescolar 3<\/p>\n<p>Elsa Susana Dom\u00ednguez Caballero, Mar\u00eda del Refugio Mart\u00ednez Trevi\u00f1o<\/p>\n","protected":false},"featured_media":408,"comment_status":"open","ping_status":"closed","template":"","meta":[],"product_brand":[],"product_cat":[16],"product_tag":[],"class_list":{"0":"post-29","1":"product","2":"type-product","3":"status-publish","4":"has-post-thumbnail","6":"product_cat-preescolar","8":"first","9":"instock","10":"taxable","11":"shipping-taxable","12":"purchasable","13":"product-type-simple"},"_links":{"self":[{"href":"https:\/\/esfinge.mx\/inicio\/wp-json\/wp\/v2\/product\/29","targetHints":{"allow":["GET"]}}],"collection":[{"href":"https:\/\/esfinge.mx\/inicio\/wp-json\/wp\/v2\/product"}],"about":[{"href":"https:\/\/esfinge.mx\/inicio\/wp-json\/wp\/v2\/types\/product"}],"replies":[{"embeddable":true,"href":"https:\/\/esfinge.mx\/inicio\/wp-json\/wp\/v2\/comments?post=29"}],"wp:featuredmedia":[{"embeddable":true,"href":"https:\/\/esfinge.mx\/inicio\/wp-json\/wp\/v2\/media\/408"}],"wp:attachment":[{"href":"https:\/\/esfinge.mx\/inicio\/wp-json\/wp\/v2\/media?parent=29"}],"wp:term":[{"taxonomy":"product_brand","embeddable":true,"href":"https:\/\/esfinge.mx\/inicio\/wp-json\/wp\/v2\/product_brand?post=29"},{"taxonomy":"product_cat","embeddable":true,"href":"https:\/\/esfinge.mx\/inicio\/wp-json\/wp\/v2\/product_cat?post=29"},{"taxonomy":"product_tag","embeddable":true,"href":"https:\/\/esfinge.mx\/inicio\/wp-json\/wp\/v2\/product_tag?post=29"}],"curies":[{"name":"wp","href":"https:\/\/api.w.org\/{rel}","templated":true}]}}