{"id":294,"date":"2021-09-22T16:51:07","date_gmt":"2021-09-22T16:51:07","guid":{"rendered":"https:\/\/esfinge.mx\/inicio\/?product=nociones-de-derecho-positivo-mexicano"},"modified":"2025-12-18T02:00:26","modified_gmt":"2025-12-18T08:00:26","slug":"nociones-de-derecho-positivo-mexicano","status":"publish","type":"product","link":"https:\/\/esfinge.mx\/inicio\/producto\/nociones-de-derecho-positivo-mexicano\/","title":{"rendered":"Nociones de derecho Positivo Mexicano"},"content":{"rendered":"<div class=\"caracteristicas\"><b class=\"subtitulo\">Propuesta did\u00e1ctica y metodolog\u00eda<\/b><\/div>\n<div class=\"caracteristicas\">Esta obra, apegada al programa vigente, mediante un discurso sencillo y did\u00e1ctico, es reforzado con diversas actividades y secciones, entre las que podemos mencionar: Eval\u00fao mis competencias, Reconstruyo mis conocimientos y Valoro mi trabajo por r\u00fabricas, propicia la participaci\u00f3n del estudiante en su proceso de aprendizaje de las normas en los \u00e1mbitos p\u00fablico y privado, ya sea de manera individual o en grupo.<\/div>\n<div class=\"caracteristicas\"><b class=\"subtitulo\">Actividades y contenido<\/b><\/div>\n<div class=\"caracteristicas\">1. El origen de las normas y el Derecho Positivo Mexicano. 2. El Derecho mexicano en su \u00e1mbito p\u00fablico. 3. Derecho civil.<\/div>\n<div id=\"contenedor\">\n<div class=\"hijo\"><b class=\"subtitulo\">ISBN<br \/>\n<\/b>9786071001719<\/div>\n<div class=\"hijo\"><b class=\"subtitulo\">Fomato<br \/>\n<\/b>16.5 x 23 cm<\/div>\n<div class=\"hijo\"><b class=\"subtitulo\">P\u00e1ginas<br \/>\n<\/b>136<\/div>\n<div class=\"hijo\"><b class=\"subtitulo\">Componentes<br \/>\n<\/b>Libro para el alumno<\/div>\n<\/div>\n<div class=\"hijo\"><\/div>\n<div class=\"clear\"><\/div>\n<div class=\"caracteristicas\"><b class=\"subtitulo\">Autor<\/b><\/div>\n<div class=\"caracteristicas\">Tom\u00e1s V. Mart\u00ednez<\/div>\n","protected":false},"excerpt":{"rendered":"<p>Vel\u00e1zquez Mart\u00ednez Tom\u00e1s<\/p>\n","protected":false},"featured_media":880,"comment_status":"open","ping_status":"closed","template":"","meta":[],"product_brand":[],"product_cat":[21],"product_tag":[],"class_list":{"0":"post-294","1":"product","2":"type-product","3":"status-publish","4":"has-post-thumbnail","6":"product_cat-media-superior","8":"first","9":"instock","10":"taxable","11":"shipping-taxable","12":"purchasable","13":"product-type-simple"},"_links":{"self":[{"href":"https:\/\/esfinge.mx\/inicio\/wp-json\/wp\/v2\/product\/294","targetHints":{"allow":["GET"]}}],"collection":[{"href":"https:\/\/esfinge.mx\/inicio\/wp-json\/wp\/v2\/product"}],"about":[{"href":"https:\/\/esfinge.mx\/inicio\/wp-json\/wp\/v2\/types\/product"}],"replies":[{"embeddable":true,"href":"https:\/\/esfinge.mx\/inicio\/wp-json\/wp\/v2\/comments?post=294"}],"wp:featuredmedia":[{"embeddable":true,"href":"https:\/\/esfinge.mx\/inicio\/wp-json\/wp\/v2\/media\/880"}],"wp:attachment":[{"href":"https:\/\/esfinge.mx\/inicio\/wp-json\/wp\/v2\/media?parent=294"}],"wp:term":[{"taxonomy":"product_brand","embeddable":true,"href":"https:\/\/esfinge.mx\/inicio\/wp-json\/wp\/v2\/product_brand?post=294"},{"taxonomy":"product_cat","embeddable":true,"href":"https:\/\/esfinge.mx\/inicio\/wp-json\/wp\/v2\/product_cat?post=294"},{"taxonomy":"product_tag","embeddable":true,"href":"https:\/\/esfinge.mx\/inicio\/wp-json\/wp\/v2\/product_tag?post=294"}],"curies":[{"name":"wp","href":"https:\/\/api.w.org\/{rel}","templated":true}]}}