{"id":304,"date":"2021-09-22T16:51:07","date_gmt":"2021-09-22T16:51:07","guid":{"rendered":"https:\/\/esfinge.mx\/inicio\/?product=quimica-iv-la-materia-sus-reacciones-y-procesos"},"modified":"2026-03-29T02:00:32","modified_gmt":"2026-03-29T08:00:32","slug":"quimica-iv-la-materia-sus-reacciones-y-procesos","status":"publish","type":"product","link":"https:\/\/esfinge.mx\/inicio\/producto\/quimica-iv-la-materia-sus-reacciones-y-procesos\/","title":{"rendered":"Quimica IV (La materia sus reacciones y procesos)"},"content":{"rendered":"<div class=\"caracteristicas\"><b class=\"subtitulo\">Propuesta did\u00e1ctica y metodolog\u00eda<\/b><\/div>\n<div class=\"caracteristicas\">Este texto est\u00e1 dirigido a los estudiantes de la asignatura de Qu\u00edmica IV, \u00c1rea 1 (F\u00edsico-Matem\u00e1ticas y de las Ingenier\u00edas) del plan de estudios de la Escuela Nacional Preparatoria (enp). Asimismo, tambi\u00e9n puede ser de gran utilidad para los estudiantes de las asignaturas de F\u00edsico-Qu\u00edmica (optativa) y de Qu\u00edmica IV, \u00c1rea II (Ciencias Biol\u00f3gicas y de la Salud), ya que muchos de los temas tratados son comunes a esas asignaturas.<\/div>\n<div class=\"caracteristicas\"><b class=\"subtitulo\">Actividades y contenido<\/b><\/div>\n<div class=\"caracteristicas\">1. Energ\u00eda y reacci\u00f3n qu\u00edmica. 2. Procesos electroqu\u00edmicos. 3. Cin\u00e9tica qu\u00edmica. 4. Equilibrio qu\u00edmico. 5. Conceptos fundamentales sobre la estructura del \u00e1tomo. 6. Introducci\u00f3n al estudio de la Qu\u00edmica org\u00e1nica. 7. Nomenclatura, caracter\u00edsticas, generalidades y usos de algunos grupos funcionales. 8. Reacciones qu\u00edmicas.<\/div>\n<div id=\"contenedor\">\n<div class=\"hijo\"><b class=\"subtitulo\">ISBN<br \/>\n<\/b>9789707822658<\/div>\n<div class=\"hijo\"><b class=\"subtitulo\">Fomato<br \/>\n<\/b>20.5 x 27 cm<\/div>\n<div class=\"hijo\"><b class=\"subtitulo\">P\u00e1ginas<br \/>\n<\/b>384<\/div>\n<div class=\"hijo\"><b class=\"subtitulo\">Componentes<br \/>\n<\/b>Libro para el alumno<\/div>\n<\/div>\n<div class=\"hijo\"><\/div>\n<div class=\"clear\"><\/div>\n<div class=\"caracteristicas\"><b class=\"subtitulo\">Autor<\/b><\/div>\n<div class=\"caracteristicas\">Teresita Flores de Labardini<br \/>\nArcelia Ram\u00edrez de Delgado<\/div>\n","protected":false},"excerpt":{"rendered":"<p>Flores de Labardini Teresita<\/p>\n","protected":false},"featured_media":888,"comment_status":"open","ping_status":"closed","template":"","meta":[],"product_brand":[],"product_cat":[21],"product_tag":[],"class_list":{"0":"post-304","1":"product","2":"type-product","3":"status-publish","4":"has-post-thumbnail","6":"product_cat-media-superior","8":"first","9":"instock","10":"taxable","11":"shipping-taxable","12":"purchasable","13":"product-type-simple"},"_links":{"self":[{"href":"https:\/\/esfinge.mx\/inicio\/wp-json\/wp\/v2\/product\/304","targetHints":{"allow":["GET"]}}],"collection":[{"href":"https:\/\/esfinge.mx\/inicio\/wp-json\/wp\/v2\/product"}],"about":[{"href":"https:\/\/esfinge.mx\/inicio\/wp-json\/wp\/v2\/types\/product"}],"replies":[{"embeddable":true,"href":"https:\/\/esfinge.mx\/inicio\/wp-json\/wp\/v2\/comments?post=304"}],"wp:featuredmedia":[{"embeddable":true,"href":"https:\/\/esfinge.mx\/inicio\/wp-json\/wp\/v2\/media\/888"}],"wp:attachment":[{"href":"https:\/\/esfinge.mx\/inicio\/wp-json\/wp\/v2\/media?parent=304"}],"wp:term":[{"taxonomy":"product_brand","embeddable":true,"href":"https:\/\/esfinge.mx\/inicio\/wp-json\/wp\/v2\/product_brand?post=304"},{"taxonomy":"product_cat","embeddable":true,"href":"https:\/\/esfinge.mx\/inicio\/wp-json\/wp\/v2\/product_cat?post=304"},{"taxonomy":"product_tag","embeddable":true,"href":"https:\/\/esfinge.mx\/inicio\/wp-json\/wp\/v2\/product_tag?post=304"}],"curies":[{"name":"wp","href":"https:\/\/api.w.org\/{rel}","templated":true}]}}