{"id":308,"date":"2021-09-22T16:51:08","date_gmt":"2021-09-22T16:51:08","guid":{"rendered":"https:\/\/esfinge.mx\/inicio\/?product=taller-de-lectura-y-redaccion-1"},"modified":"2025-11-06T02:00:37","modified_gmt":"2025-11-06T08:00:37","slug":"taller-de-lectura-y-redaccion-1","status":"publish","type":"product","link":"https:\/\/esfinge.mx\/inicio\/producto\/taller-de-lectura-y-redaccion-1\/","title":{"rendered":"Taller de lectura y redacci\u00f3n 1"},"content":{"rendered":"<div class=\"caracteristicas\"><b class=\"subtitulo\">Presentaci\u00f3n<\/b><\/div>\n<div class=\"caracteristicas\">\n<p>Este libro nace de la imperiosa necesidad de compartir contigo el lenguaje, de explicarte que dicha expresi\u00f3n es el resultado de la convivencia, de los acuerdos y desacuerdos, de las diferencias y similitudes, de todo aquello que nos hace ser individuos inmersos en esta colectividad.<\/p>\n<p>T\u00fa construyes el lenguaje, lo modificas d\u00eda a d\u00eda con tu proceder. Nosotros coexistimos en el lenguaje. Los seres humanos somos las expresiones de nuestras interacciones, somos lo que hablamos, pensamos y creamos. No limites tu creatividad, expresa y comunica, edifica y dignifica tu pensar.<\/p>\n<p>La asignatura de Taller de Lectura y Redacci\u00f3n I tiene el prop\u00f3sito de desarrollar en ti las habilidades comunicativas verbales y no verbales para que puedas expresarte mediante el uso de los diversos c\u00f3digos y herramientas del lenguaje.<\/p>\n<p>El campo disciplinar de la comunicaci\u00f3n propone que los nuevos conocimientos se encuentren orientados por las cuatro habilidades que conforman la competencia comunicativa humana: escuchar, hablar, leer y escribir. Cada una de ellas contribuye al desarrollo de las competencias gen\u00e9ricas y disciplinares b\u00e1sicas para la formaci\u00f3n personal, familiar y laboral, a trav\u00e9s del uso responsable de las diversas herramientas tecnol\u00f3gicas.<\/p>\n<p>Este libro surge con el prop\u00f3sito de que seas el actor principal de tu aprendizaje, aut\u00f3nomo y consciente de tu propio proceso, recuerda que s\u00f3lo aquel que se conoce es capaz de cambiar, de ser mejor a partir de sus propias expectativas, de forjarse una vida plena.<\/p>\n<p>No nos queda m\u00e1s que desearte el mayor de los \u00e9xitos y exhortarte a dar el m\u00e1s grande de los esfuerzos.<\/p>\n<p>Alan G.<\/p><\/div>\n<div id=\"contenedor\">\n<div class=\"hijo\"><b class=\"subtitulo\">ISBN<br \/>\n<\/b>9786071013910<\/div>\n<div class=\"hijo\"><\/div>\n<div class=\"clear\"><\/div>\n<\/div>\n<div class=\"caracteristicas\"><b class=\"subtitulo\">Autor<\/b><\/div>\n<div class=\"caracteristicas\">Alan Giovanni Ram\u00edrez Rodr\u00edguez<\/div>\n","protected":false},"excerpt":{"rendered":"<p>Ram\u00edrez Rodr\u00edguez Alan Giovanni<\/p>\n","protected":false},"featured_media":502,"comment_status":"open","ping_status":"closed","template":"","meta":[],"product_brand":[],"product_cat":[21],"product_tag":[],"class_list":{"0":"post-308","1":"product","2":"type-product","3":"status-publish","4":"has-post-thumbnail","6":"product_cat-media-superior","8":"first","9":"instock","10":"taxable","11":"shipping-taxable","12":"purchasable","13":"product-type-simple"},"_links":{"self":[{"href":"https:\/\/esfinge.mx\/inicio\/wp-json\/wp\/v2\/product\/308","targetHints":{"allow":["GET"]}}],"collection":[{"href":"https:\/\/esfinge.mx\/inicio\/wp-json\/wp\/v2\/product"}],"about":[{"href":"https:\/\/esfinge.mx\/inicio\/wp-json\/wp\/v2\/types\/product"}],"replies":[{"embeddable":true,"href":"https:\/\/esfinge.mx\/inicio\/wp-json\/wp\/v2\/comments?post=308"}],"wp:featuredmedia":[{"embeddable":true,"href":"https:\/\/esfinge.mx\/inicio\/wp-json\/wp\/v2\/media\/502"}],"wp:attachment":[{"href":"https:\/\/esfinge.mx\/inicio\/wp-json\/wp\/v2\/media?parent=308"}],"wp:term":[{"taxonomy":"product_brand","embeddable":true,"href":"https:\/\/esfinge.mx\/inicio\/wp-json\/wp\/v2\/product_brand?post=308"},{"taxonomy":"product_cat","embeddable":true,"href":"https:\/\/esfinge.mx\/inicio\/wp-json\/wp\/v2\/product_cat?post=308"},{"taxonomy":"product_tag","embeddable":true,"href":"https:\/\/esfinge.mx\/inicio\/wp-json\/wp\/v2\/product_tag?post=308"}],"curies":[{"name":"wp","href":"https:\/\/api.w.org\/{rel}","templated":true}]}}