{"id":31,"date":"2021-09-22T16:50:50","date_gmt":"2021-09-22T16:50:50","guid":{"rendered":"https:\/\/esfinge.mx\/inicio\/?product=nuevo-complemento-didactico-2"},"modified":"2026-03-29T02:00:32","modified_gmt":"2026-03-29T08:00:32","slug":"nuevo-complemento-didactico-2","status":"publish","type":"product","link":"https:\/\/esfinge.mx\/inicio\/producto\/nuevo-complemento-didactico-2\/","title":{"rendered":"Nuevo Complemento Did\u00e1ctico 2"},"content":{"rendered":"<div class=\"caracteristicas\"><span style=\"color: #ff0000;\"><b class=\"subtitulo\">Propuesta did\u00e1ctica<\/b><\/span><\/div>\n<div class=\"caracteristicas\">\n<ul>\n<li>Cuaderno de actividades conforme a los contenidos del programa oficial.<\/li>\n<li>Enfoque de resoluci\u00f3n de problemas y actividades de repaso.<\/li>\n<li>Lecciones de dos p\u00e1ginas, desarrolladas como secuencias did\u00e1cticas.<\/li>\n<li>Incluye evaluaciones y autoevaluaciones.<\/li>\n<\/ul>\n<\/div>\n<div class=\"caracteristicas\"><span style=\"color: #ff0000;\"><b class=\"subtitulo\">Actividades y contenido<\/b><\/span><\/div>\n<div class=\"caracteristicas\">\n<ul>\n<li>Favorece actitudes positivas hacia el pensamiento matem\u00e1tico mediante el uso de contextos cercanos al estudiante.<\/li>\n<li>Orienta al alumno a utilizar diversas estrategias.<\/li>\n<li>Fortalece la comprensi\u00f3n de conceptos y procedimientos.<\/li>\n<li>Favorece la autonom\u00eda y tambi\u00e9n el trabajo colaborativo.<\/li>\n<li>Incluye formalizaci\u00f3n matem\u00e1tica con base en ejemplos.<\/li>\n<li>Promueve el desarrollo de habilidades para la medici\u00f3n, el c\u00e1lculo y el razonamiento.<\/li>\n<li>Incluye actividades con dificultad mayor que en el programa.<\/li>\n<li>Promueve constantemente el trabajo y la reflexi\u00f3n en las dimensiones e indicadores de Educaci\u00f3n socioemocional.<\/li>\n<\/ul>\n<\/div>\n<div id=\"contenedor\">\n<div class=\"hijo\"><b class=\"subtitulo\"><span style=\"color: #ff0000;\">ISBN<\/span><br \/>\n<\/b>9786071015327<\/div>\n<div class=\"hijo\"><b class=\"subtitulo\"><span style=\"color: #ff0000;\">Formato<\/span><br \/>\n<\/b>27 x 21 cm<\/div>\n<div class=\"hijo\"><b class=\"subtitulo\"><span style=\"color: #ff0000;\">P\u00e1ginas<\/span><br \/>\n<\/b>244<\/div>\n<div class=\"hijo\"><b class=\"subtitulo\"><span style=\"color: #ff0000;\">Autor<\/span><br \/>\n<\/b>Josefina D\u00edaz Infante y Nu\u00f1ez, Patricia Elisa Galindo Gonz\u00e1lez<\/div>\n<div class=\"clear\"><\/div>\n<\/div>\n","protected":false},"excerpt":{"rendered":"<p>Complemento Did\u00e1ctico 2<\/p>\n<p>Josefina D\u00edaz Infante y Nu\u00f1ez, Patricia Elisa Galindo Gonz\u00e1lez<\/p>\n","protected":false},"featured_media":394,"comment_status":"open","ping_status":"closed","template":"","meta":[],"product_brand":[],"product_cat":[16],"product_tag":[],"class_list":{"0":"post-31","1":"product","2":"type-product","3":"status-publish","4":"has-post-thumbnail","6":"product_cat-preescolar","8":"first","9":"instock","10":"taxable","11":"shipping-taxable","12":"purchasable","13":"product-type-simple"},"_links":{"self":[{"href":"https:\/\/esfinge.mx\/inicio\/wp-json\/wp\/v2\/product\/31","targetHints":{"allow":["GET"]}}],"collection":[{"href":"https:\/\/esfinge.mx\/inicio\/wp-json\/wp\/v2\/product"}],"about":[{"href":"https:\/\/esfinge.mx\/inicio\/wp-json\/wp\/v2\/types\/product"}],"replies":[{"embeddable":true,"href":"https:\/\/esfinge.mx\/inicio\/wp-json\/wp\/v2\/comments?post=31"}],"wp:featuredmedia":[{"embeddable":true,"href":"https:\/\/esfinge.mx\/inicio\/wp-json\/wp\/v2\/media\/394"}],"wp:attachment":[{"href":"https:\/\/esfinge.mx\/inicio\/wp-json\/wp\/v2\/media?parent=31"}],"wp:term":[{"taxonomy":"product_brand","embeddable":true,"href":"https:\/\/esfinge.mx\/inicio\/wp-json\/wp\/v2\/product_brand?post=31"},{"taxonomy":"product_cat","embeddable":true,"href":"https:\/\/esfinge.mx\/inicio\/wp-json\/wp\/v2\/product_cat?post=31"},{"taxonomy":"product_tag","embeddable":true,"href":"https:\/\/esfinge.mx\/inicio\/wp-json\/wp\/v2\/product_tag?post=31"}],"curies":[{"name":"wp","href":"https:\/\/api.w.org\/{rel}","templated":true}]}}