{"id":313,"date":"2021-09-22T16:51:08","date_gmt":"2021-09-22T16:51:08","guid":{"rendered":"https:\/\/esfinge.mx\/inicio\/?product=tecnologias-de-la-informacion-y-la-comunicacion-1"},"modified":"2025-12-18T02:00:33","modified_gmt":"2025-12-18T08:00:33","slug":"tecnologias-de-la-informacion-y-la-comunicacion-1","status":"publish","type":"product","link":"https:\/\/esfinge.mx\/inicio\/producto\/tecnologias-de-la-informacion-y-la-comunicacion-1\/","title":{"rendered":"Tecnolog\u00edas de la Informaci\u00f3n y la Comunicaci\u00f3n 1"},"content":{"rendered":"<section id=\"content-section-1528971561366\" class=\"astroid-section astroid-component-section py-3 py-md-5\">\n<div class=\"container\">\n<div id=\"astroid-row-1528971561366\" class=\"row astroid-row\">\n<div id=\"astroid-column-1528971561366\" class=\"astroid-column col-lg-12\">\n<div id=\"component-area-1529739248826\" class=\"astroid-component\">\n<div class=\"astroid-component-area\">\n<div id=\"hikashop_product_9786071014306_page\" class=\"hikashop_product_page hikashop_product_of_category_37 hikashop_product_of_category_30\">\n<form action=\"https:\/\/esfinge.mx\/home\/index.php\/libro\/product\/updatecart\" enctype=\"multipart\/form-data\" method=\"post\" name=\"hikashop_product_form\">\n<div id=\"hikashop_product_bottom_part\" class=\"hikashop_product_bottom_part\">\n<div id=\"hikashop_product_description_main\" class=\"hikashop_product_description_main\">\n<div class=\"caracteristicas\"><b class=\"subtitulo\">Presentaci\u00f3n<\/b><\/div>\n<div class=\"caracteristicas\">\n<p>La asignatura de Tecnolog\u00edas de la Inform\u00e1tica y la Comunicaci\u00f3n I, se imparte en el primer semestre dentro del \u00c1rea de Formaci\u00f3n B\u00e1sica considera la inform\u00e1tica como un medio para facilitar los procesos comunicativos y la construcci\u00f3n de conocimiento y no como un fin, profundiza en el conocimiento de las herramientas ofim\u00e1ticas, de manera paralela al uso de la Web para responder a las necesidades de obtenci\u00f3n y manejo de la informaci\u00f3n.<\/p>\n<p>Este libro tiene como prop\u00f3sito que los estudiantes consigan una formaci\u00f3n integral que les permita alcanzar un aprendizaje aut\u00f3nomo a lo largo de su vida, sustentado en los cuatro saberes fundamentales: Aprender a Aprender, Aprender a Hacer, Aprender a Ser y Aprender a Convivir.<\/p>\n<p>Cada uno de los cortes tem\u00e1ticos ha sido construido con objeto de proporcionar al docente una herramienta did\u00e1ctica que le permita propiciar el aprendizaje colaborativo, acentuar contenidos y mejorar el ambiente de trabajo en el aula, integrando elementos de acompa\u00f1amiento tradicionales y digitales.<\/p>\n<p>En el primer corte, El impacto de la tecnolog\u00eda en el desarrollo humano, se estudian conceptos como b\u00fasqueda eficaz y eficiente en la red, uso de una cuenta de correo, creaci\u00f3n y edici\u00f3n de un documento, creaci\u00f3n y modificaci\u00f3n de un libro de trabajo, as\u00ed como la generaci\u00f3n y modificaci\u00f3n de objetos en una presentaci\u00f3n electr\u00f3nica.<\/p>\n<p>El segundo corte, El manejo responsable de la informaci\u00f3n considera el uso de diferentes fuentes de informaci\u00f3n como un recurso, con seguridad en su manejo y el uso del almacenamiento en l\u00ednea para la integraci\u00f3n del portafolio de evidencias con productos como documentos con formato de fuente y p\u00e1rrafo en el procesador de textos; edici\u00f3n de un libro con formato de celdas en una hoja de c\u00e1lculo electr\u00f3nica y animaci\u00f3n de objetos con transici\u00f3n de diapositivas en una presentaci\u00f3n electr\u00f3nica.<\/p>\n<p>Por \u00faltimo, en el tercer corte, El trabajo colaborativo en el aula como base para la integraci\u00f3n de la comunidad de aprendizaje, bas\u00e1ndose en la transversalidad de las TIC hacia las dem\u00e1s asignaturas, se resolver\u00e1n problemas y necesidades de b\u00fasqueda, procesamiento o presentaci\u00f3n de la informaci\u00f3n, utilizando tecnolog\u00edas para el aprendizaje como sitios Web o aplicaciones en l\u00ednea; creaci\u00f3n de tablas en el procesador de textos; funciones y f\u00f3rmulas en una hoja de c\u00e1lculo electr\u00f3nica y formato a las diapositivas de una presentaci\u00f3n electr\u00f3nica.<\/p>\n<p>\u201cBusca para encontrar, encuentra para aprender y, aprende para ser feliz\u201d.<\/p>\n<p>La autora<\/p><\/div>\n<div id=\"contenedor\">\n<div class=\"hijo\"><b class=\"subtitulo\">ISBN<br \/>\n<\/b>9786071014306<\/div>\n<div class=\"clear\"><\/div>\n<\/div>\n<div class=\"caracteristicas\"><b class=\"subtitulo\">Autor<\/b><\/div>\n<div class=\"caracteristicas\">Ana Mar\u00eda Gualdi<\/div>\n<\/div>\n<p><span id=\"hikashop_product_url_main\" class=\"hikashop_product_url_main\"><\/span><\/p>\n<div id=\"hikashop_product_files_main\" class=\"hikashop_product_files_main\"><\/div>\n<\/div>\n<\/form>\n<div id=\"hikashop_submodules\" class=\"hikashop_submodules\">\n<div id=\"hikashop_module_98\" class=\"hikashop_module \">\n<div id=\"hikashop_category_information_module_98\" class=\"hikashop_category_information hikashop_products_listing_main hikashop_product_listing_2 filter_refresh_div\" data-refresh-class=\"hikashop_checkout_loading\" data-refresh-url=\"https:\/\/esfinge.mx\/home\/index.php\/libro\/product\/444-tecnologias-de-la-informacion-y-la-comunicacion-cobach?tmpl=raw&amp;filter=1\" data-use-url=\"1\">\n<div class=\"hikashop_checkout_loading_elem\"><\/div>\n<div class=\"hikashop_checkout_loading_spinner\"><\/div>\n<\/div>\n<\/div>\n<\/div>\n<div id=\"hikashop_external_comments\" class=\"hikashop_external_comments\"><\/div>\n<\/div>\n<\/div>\n<\/div>\n<\/div>\n<\/div>\n<\/div>\n<\/section>\n<section id=\"section-5-1529739392010\" class=\"astroid-section py-3 py-md-5\">\n<div class=\"container\">\n<div id=\"astroid-row-1529739392010\" class=\"row astroid-row\">\n<div id=\"astroid-column-1529739392010\" class=\"astroid-column col-lg-12\">\n<div id=\"position-5-1529739392010\" class=\"astroid-module-position\">\n<div class=\"moduletable \">\n<div class=\"custom\"><\/div>\n<\/div>\n<\/div>\n<\/div>\n<\/div>\n<\/div>\n<\/section>\n","protected":false},"excerpt":{"rendered":"<p>Ana Mar\u00eda Gualdi<\/p>\n","protected":false},"featured_media":505,"comment_status":"open","ping_status":"closed","template":"","meta":[],"product_brand":[],"product_cat":[21],"product_tag":[],"class_list":{"0":"post-313","1":"product","2":"type-product","3":"status-publish","4":"has-post-thumbnail","6":"product_cat-media-superior","8":"first","9":"instock","10":"taxable","11":"shipping-taxable","12":"purchasable","13":"product-type-simple"},"_links":{"self":[{"href":"https:\/\/esfinge.mx\/inicio\/wp-json\/wp\/v2\/product\/313","targetHints":{"allow":["GET"]}}],"collection":[{"href":"https:\/\/esfinge.mx\/inicio\/wp-json\/wp\/v2\/product"}],"about":[{"href":"https:\/\/esfinge.mx\/inicio\/wp-json\/wp\/v2\/types\/product"}],"replies":[{"embeddable":true,"href":"https:\/\/esfinge.mx\/inicio\/wp-json\/wp\/v2\/comments?post=313"}],"wp:featuredmedia":[{"embeddable":true,"href":"https:\/\/esfinge.mx\/inicio\/wp-json\/wp\/v2\/media\/505"}],"wp:attachment":[{"href":"https:\/\/esfinge.mx\/inicio\/wp-json\/wp\/v2\/media?parent=313"}],"wp:term":[{"taxonomy":"product_brand","embeddable":true,"href":"https:\/\/esfinge.mx\/inicio\/wp-json\/wp\/v2\/product_brand?post=313"},{"taxonomy":"product_cat","embeddable":true,"href":"https:\/\/esfinge.mx\/inicio\/wp-json\/wp\/v2\/product_cat?post=313"},{"taxonomy":"product_tag","embeddable":true,"href":"https:\/\/esfinge.mx\/inicio\/wp-json\/wp\/v2\/product_tag?post=313"}],"curies":[{"name":"wp","href":"https:\/\/api.w.org\/{rel}","templated":true}]}}