{"id":314,"date":"2021-09-22T16:51:08","date_gmt":"2021-09-22T16:51:08","guid":{"rendered":"https:\/\/esfinge.mx\/inicio\/?product=tecnologias-de-la-informacion-y-la-comunicacion-dos"},"modified":"2024-12-11T02:01:08","modified_gmt":"2024-12-11T08:01:08","slug":"tecnologias-de-la-informacion-y-la-comunicacion-dos","status":"publish","type":"product","link":"https:\/\/esfinge.mx\/inicio\/producto\/tecnologias-de-la-informacion-y-la-comunicacion-dos\/","title":{"rendered":"Tecnolog\u00edas de la Informaci\u00f3n y la Comunicaci\u00f3n Dos"},"content":{"rendered":"","protected":false},"excerpt":{"rendered":"<p>Ana Mar\u00eda Gualdi<\/p>\n","protected":false},"featured_media":501,"comment_status":"open","ping_status":"closed","template":"","meta":[],"product_brand":[],"product_cat":[21],"product_tag":[],"class_list":{"0":"post-314","1":"product","2":"type-product","3":"status-publish","4":"has-post-thumbnail","6":"product_cat-media-superior","8":"first","9":"instock","10":"taxable","11":"shipping-taxable","12":"purchasable","13":"product-type-simple"},"_links":{"self":[{"href":"https:\/\/esfinge.mx\/inicio\/wp-json\/wp\/v2\/product\/314","targetHints":{"allow":["GET"]}}],"collection":[{"href":"https:\/\/esfinge.mx\/inicio\/wp-json\/wp\/v2\/product"}],"about":[{"href":"https:\/\/esfinge.mx\/inicio\/wp-json\/wp\/v2\/types\/product"}],"replies":[{"embeddable":true,"href":"https:\/\/esfinge.mx\/inicio\/wp-json\/wp\/v2\/comments?post=314"}],"wp:featuredmedia":[{"embeddable":true,"href":"https:\/\/esfinge.mx\/inicio\/wp-json\/wp\/v2\/media\/501"}],"wp:attachment":[{"href":"https:\/\/esfinge.mx\/inicio\/wp-json\/wp\/v2\/media?parent=314"}],"wp:term":[{"taxonomy":"product_brand","embeddable":true,"href":"https:\/\/esfinge.mx\/inicio\/wp-json\/wp\/v2\/product_brand?post=314"},{"taxonomy":"product_cat","embeddable":true,"href":"https:\/\/esfinge.mx\/inicio\/wp-json\/wp\/v2\/product_cat?post=314"},{"taxonomy":"product_tag","embeddable":true,"href":"https:\/\/esfinge.mx\/inicio\/wp-json\/wp\/v2\/product_tag?post=314"}],"curies":[{"name":"wp","href":"https:\/\/api.w.org\/{rel}","templated":true}]}}