{"id":322,"date":"2021-09-22T16:51:09","date_gmt":"2021-09-22T16:51:09","guid":{"rendered":"https:\/\/esfinge.mx\/inicio\/?product=breve-historia-de-las-doctrinas-economicas"},"modified":"2026-03-29T02:00:10","modified_gmt":"2026-03-29T08:00:10","slug":"breve-historia-de-las-doctrinas-economicas","status":"publish","type":"product","link":"https:\/\/esfinge.mx\/inicio\/producto\/breve-historia-de-las-doctrinas-economicas\/","title":{"rendered":"Breve Historia de las Doctrinas Econ\u00f3micas"},"content":{"rendered":"<div class=\"caracteristicas\"><b class=\"subtitulo\">Propuesta did\u00e1ctica y metodolog\u00eda<\/b><\/div>\n<div class=\"caracteristicas\">En esta obra, el autor expone en forma \u00e1gil y clara los cambios que ha experimentado el pensamiento econ\u00f3mico a lo largo de la historia.<\/div>\n<div class=\"caracteristicas\"><b class=\"subtitulo\">Actividades y contenido<\/b><\/div>\n<div class=\"caracteristicas\">1. Introducci\u00f3n. 2. Mercantilismo. 3. Precursores del liberalismo econ\u00f3mico. 4. Fisiocracia. 5. Adam Smith. 6. Jean Baptiste Say. 7. Thomas Robert Malthus. 8. David Ricardo. 9. Escuela cr\u00edtica. 10. San Sim\u00f3n y los or\u00edgenes del colectivismo. 11. Socialismo asociacionista. 12. Federico List. 13. John Stuart Mill. 14. Socialismo de Estado. 15. Marxismo. 16. Socialismo cristiano. 17. Escuela psicol\u00f3gica y escuela matem\u00e1tica. 18. Cooperativismo. Ideas cooperativas de Charles Gide y otros pensadores; Rainffleisen, Schulze y Lavergne. 19. Capitalismo. 20. Econom\u00eda dirigida. 21. Sistema de organizaci\u00f3n econ\u00f3mica. 22. Joseph A. Schumpeter. 23. Keynes. 24. Postkeynesianos. 25. Planeaci\u00f3n econ\u00f3mica.<\/div>\n<div id=\"contenedor\">\n<div class=\"hijo\"><b class=\"subtitulo\">ISBN<br \/>\n<\/b>9789684129993<\/div>\n<div class=\"hijo\"><b class=\"subtitulo\">Fomato<br \/>\n<\/b>13.5 x 21 cm<\/div>\n<div class=\"hijo\"><b class=\"subtitulo\">P\u00e1ginas<br \/>\n<\/b>320<\/div>\n<div class=\"hijo\"><b class=\"subtitulo\">Componentes<br \/>\n<\/b>Libro para el alumno<\/div>\n<\/div>\n<div class=\"hijo\"><\/div>\n<div class=\"clear\"><\/div>\n<div class=\"caracteristicas\"><b class=\"subtitulo\">Autor<\/b><\/div>\n<div class=\"caracteristicas\">V\u00edctor M. Garc\u00eda Torres<\/div>\n","protected":false},"excerpt":{"rendered":"<p>G\u00f3mez Granillo Mois\u00e9s<\/p>\n","protected":false},"featured_media":498,"comment_status":"open","ping_status":"closed","template":"","meta":[],"product_brand":[],"product_cat":[22],"product_tag":[],"class_list":{"0":"post-322","1":"product","2":"type-product","3":"status-publish","4":"has-post-thumbnail","6":"product_cat-superior","8":"first","9":"instock","10":"taxable","11":"shipping-taxable","12":"purchasable","13":"product-type-simple"},"_links":{"self":[{"href":"https:\/\/esfinge.mx\/inicio\/wp-json\/wp\/v2\/product\/322","targetHints":{"allow":["GET"]}}],"collection":[{"href":"https:\/\/esfinge.mx\/inicio\/wp-json\/wp\/v2\/product"}],"about":[{"href":"https:\/\/esfinge.mx\/inicio\/wp-json\/wp\/v2\/types\/product"}],"replies":[{"embeddable":true,"href":"https:\/\/esfinge.mx\/inicio\/wp-json\/wp\/v2\/comments?post=322"}],"wp:featuredmedia":[{"embeddable":true,"href":"https:\/\/esfinge.mx\/inicio\/wp-json\/wp\/v2\/media\/498"}],"wp:attachment":[{"href":"https:\/\/esfinge.mx\/inicio\/wp-json\/wp\/v2\/media?parent=322"}],"wp:term":[{"taxonomy":"product_brand","embeddable":true,"href":"https:\/\/esfinge.mx\/inicio\/wp-json\/wp\/v2\/product_brand?post=322"},{"taxonomy":"product_cat","embeddable":true,"href":"https:\/\/esfinge.mx\/inicio\/wp-json\/wp\/v2\/product_cat?post=322"},{"taxonomy":"product_tag","embeddable":true,"href":"https:\/\/esfinge.mx\/inicio\/wp-json\/wp\/v2\/product_tag?post=322"}],"curies":[{"name":"wp","href":"https:\/\/api.w.org\/{rel}","templated":true}]}}