{"id":323,"date":"2021-09-22T16:51:09","date_gmt":"2021-09-22T16:51:09","guid":{"rendered":"https:\/\/esfinge.mx\/inicio\/?product=derecho-romano"},"modified":"2026-03-29T02:00:10","modified_gmt":"2026-03-29T08:00:10","slug":"derecho-romano","status":"publish","type":"product","link":"https:\/\/esfinge.mx\/inicio\/producto\/derecho-romano\/","title":{"rendered":"Derecho Romano"},"content":{"rendered":"<div class=\"caracteristicas\"><span style=\"color: #ff0000;\"><b class=\"subtitulo\">Propuesta did\u00e1ctica y metodolog\u00eda<\/b><\/span><\/div>\n<div class=\"caracteristicas\">En este libro que no trata de pura dogm\u00e1tica ni tampoco de pura historia jur\u00eddica y que se ajusta a las necesidades de la ense\u00f1anza jur\u00eddica en M\u00e9xico mediante una referencia constante a los problemas jur\u00eddicos contempor\u00e1neos de la vida nacional, el autor aborda, entre otros, los temas: historia del derecho romano, las Doce Tablas, jurisprudencia, los grandes cl\u00e1sicos, derecho objetivo y derecho subjetivo, la justicia y la equidad, el concepto de persona, causas de la esclavitud, las fases hist\u00f3ricas del sistema procesal romano, las fuentes de la patria potestad, disoluci\u00f3n del matrimonio, la tutela de mujeres, la prenda e hipoteca en general, clases de obligaciones, las diversas categor\u00edas de contratos, dep\u00f3sito y prenda, la compraventa, la donaci\u00f3n, el testamento, la adquisici\u00f3n de la herencia por el heredero y las modalidades en los testamentos.<\/div>\n<div class=\"caracteristicas\"><span style=\"color: #ff0000;\"><b class=\"subtitulo\">Actividades y contenido<\/b><\/span><\/div>\n<div class=\"caracteristicas\">Cap\u00edtulo I. Historia del Derecho Romano Primera Parte. DERECHO PRIVADO ROMANO. Cap\u00edtulo II. Conceptos generales. Cap\u00edtulo III. Las personas. Cap\u00edtulo IV. El derecho romano procesal civil. Cap\u00edtulo V. La familia. Cap\u00edtulo VI. Los derechos reales. Cap\u00edtulo VII. (Primera parte) Las obligaciones en general. Cap\u00edtulo VIII. (Segunda parte) Los contratos y otras fuentes de obligaciones. DERECHO PRIVADO ROMANO 222.<\/div>\n<div id=\"contenedor\">\n<div class=\"hijo\"><b class=\"subtitulo\"><span style=\"color: #ff0000;\">ISBN<\/span><br \/>\n<\/b>9789706475756<\/div>\n<div class=\"hijo\"><b class=\"subtitulo\"><span style=\"color: #ff0000;\">Fomato<\/span><br \/>\n<\/b>16.5 x 23 cm<\/div>\n<div class=\"hijo\"><b class=\"subtitulo\"><span style=\"color: #ff0000;\">P\u00e1ginas<\/span><br \/>\n<\/b>536<\/div>\n<div class=\"hijo\"><b class=\"subtitulo\"><span style=\"color: #ff0000;\">Componentes<\/span><br \/>\n<\/b>Libro para el alumno<\/div>\n<\/div>\n<div class=\"hijo\"><\/div>\n<div class=\"clear\"><\/div>\n<div class=\"caracteristicas\"><span style=\"color: #ff0000;\"><b class=\"subtitulo\">Autor<\/b><\/span><\/div>\n<div class=\"caracteristicas\">Guillermo F. Margadant S.<\/div>\n","protected":false},"excerpt":{"rendered":"<p>Derecho Romano<\/p>\n<p>Margadant Spanjaerdt Guillermo Floris<\/p>\n","protected":false},"featured_media":497,"comment_status":"open","ping_status":"closed","template":"","meta":[],"product_brand":[],"product_cat":[22],"product_tag":[],"class_list":{"0":"post-323","1":"product","2":"type-product","3":"status-publish","4":"has-post-thumbnail","6":"product_cat-superior","8":"first","9":"instock","10":"taxable","11":"shipping-taxable","12":"purchasable","13":"product-type-simple"},"_links":{"self":[{"href":"https:\/\/esfinge.mx\/inicio\/wp-json\/wp\/v2\/product\/323","targetHints":{"allow":["GET"]}}],"collection":[{"href":"https:\/\/esfinge.mx\/inicio\/wp-json\/wp\/v2\/product"}],"about":[{"href":"https:\/\/esfinge.mx\/inicio\/wp-json\/wp\/v2\/types\/product"}],"replies":[{"embeddable":true,"href":"https:\/\/esfinge.mx\/inicio\/wp-json\/wp\/v2\/comments?post=323"}],"wp:featuredmedia":[{"embeddable":true,"href":"https:\/\/esfinge.mx\/inicio\/wp-json\/wp\/v2\/media\/497"}],"wp:attachment":[{"href":"https:\/\/esfinge.mx\/inicio\/wp-json\/wp\/v2\/media?parent=323"}],"wp:term":[{"taxonomy":"product_brand","embeddable":true,"href":"https:\/\/esfinge.mx\/inicio\/wp-json\/wp\/v2\/product_brand?post=323"},{"taxonomy":"product_cat","embeddable":true,"href":"https:\/\/esfinge.mx\/inicio\/wp-json\/wp\/v2\/product_cat?post=323"},{"taxonomy":"product_tag","embeddable":true,"href":"https:\/\/esfinge.mx\/inicio\/wp-json\/wp\/v2\/product_tag?post=323"}],"curies":[{"name":"wp","href":"https:\/\/api.w.org\/{rel}","templated":true}]}}