{"id":324,"date":"2021-09-22T16:51:09","date_gmt":"2021-09-22T16:51:09","guid":{"rendered":"https:\/\/esfinge.mx\/inicio\/?product=desarrollo-de-la-creatividad-para-el-docente"},"modified":"2026-03-29T02:00:10","modified_gmt":"2026-03-29T08:00:10","slug":"desarrollo-de-la-creatividad-para-el-docente","status":"publish","type":"product","link":"https:\/\/esfinge.mx\/inicio\/producto\/desarrollo-de-la-creatividad-para-el-docente\/","title":{"rendered":"Desarrollo de la creatividad para el docente"},"content":{"rendered":"<div class=\"caracteristicas\"><b class=\"subtitulo\">Propuesta did\u00e1ctica y metodolog\u00eda<\/b><\/div>\n<div class=\"caracteristicas\">Para preparar a las generaciones actuales a fin de que formen parte de las \u201csociedades del aprendizaje\u201d ser\u00e1 esencial orientar la educaci\u00f3n hacia las habilidades y estrategias requeridas para \u201caprender a aprender\u201d y para \u201caprender a crear\u201d que les permitir\u00e1n transformar la realidad. Y es en la realidad donde se inserta este libro, que constituye una valiosa gu\u00eda para ense\u00f1ar creativamente, porque dise\u00f1a el mapa del territorio de la educaci\u00f3n creativa y nos ofrece la br\u00fajula para transitar por \u00e9l.<\/div>\n<div class=\"caracteristicas\"><b class=\"subtitulo\">Actividades y contenido<\/b><\/div>\n<div class=\"caracteristicas\">Cap\u00edtulo 1. \u00bfPor qu\u00e9 es importante la creatividad?. Cap\u00edtulo 2. Educar para la creatividad. Capitulo 3 Ense\u00f1ar, un acto creativo que genera resonancia en el estudiante. Cap\u00edtulo 4. El educador y el desarrollo de la creatividad.Cap\u00edtulo 5. Estrategias para una ense\u00f1anza creativa. Cap\u00edtulo 6. El proceso creativo en el dise\u00f1o de estrategias de ense\u00f1anza creativa.<\/div>\n<div id=\"contenedor\">\n<div class=\"hijo\"><b class=\"subtitulo\">ISBN<br \/>\n<\/b>9789707821828<\/div>\n<div class=\"hijo\"><b class=\"subtitulo\">Fomato<br \/>\n<\/b>16.5 x 23 cm<\/div>\n<div class=\"hijo\"><b class=\"subtitulo\">P\u00e1ginas<br \/>\n<\/b>180<\/div>\n<div class=\"hijo\"><b class=\"subtitulo\">Componentes<br \/>\n<\/b>Libro para el alumno<br \/>\nGu\u00eda para el maestro<\/div>\n<\/div>\n<div class=\"hijo\"><\/div>\n<div class=\"clear\"><\/div>\n<div class=\"caracteristicas\"><b class=\"subtitulo\">Autor<\/b><\/div>\n<div class=\"caracteristicas\">Lilian Dabdoub Alvarado<\/div>\n","protected":false},"excerpt":{"rendered":"<p>Dabdoub Alvarado Lilian<\/p>\n","protected":false},"featured_media":496,"comment_status":"open","ping_status":"closed","template":"","meta":[],"product_brand":[],"product_cat":[22],"product_tag":[],"class_list":{"0":"post-324","1":"product","2":"type-product","3":"status-publish","4":"has-post-thumbnail","6":"product_cat-superior","8":"first","9":"instock","10":"taxable","11":"shipping-taxable","12":"purchasable","13":"product-type-simple"},"_links":{"self":[{"href":"https:\/\/esfinge.mx\/inicio\/wp-json\/wp\/v2\/product\/324","targetHints":{"allow":["GET"]}}],"collection":[{"href":"https:\/\/esfinge.mx\/inicio\/wp-json\/wp\/v2\/product"}],"about":[{"href":"https:\/\/esfinge.mx\/inicio\/wp-json\/wp\/v2\/types\/product"}],"replies":[{"embeddable":true,"href":"https:\/\/esfinge.mx\/inicio\/wp-json\/wp\/v2\/comments?post=324"}],"wp:featuredmedia":[{"embeddable":true,"href":"https:\/\/esfinge.mx\/inicio\/wp-json\/wp\/v2\/media\/496"}],"wp:attachment":[{"href":"https:\/\/esfinge.mx\/inicio\/wp-json\/wp\/v2\/media?parent=324"}],"wp:term":[{"taxonomy":"product_brand","embeddable":true,"href":"https:\/\/esfinge.mx\/inicio\/wp-json\/wp\/v2\/product_brand?post=324"},{"taxonomy":"product_cat","embeddable":true,"href":"https:\/\/esfinge.mx\/inicio\/wp-json\/wp\/v2\/product_cat?post=324"},{"taxonomy":"product_tag","embeddable":true,"href":"https:\/\/esfinge.mx\/inicio\/wp-json\/wp\/v2\/product_tag?post=324"}],"curies":[{"name":"wp","href":"https:\/\/api.w.org\/{rel}","templated":true}]}}