{"id":33,"date":"2021-09-22T16:50:50","date_gmt":"2021-09-22T16:50:50","guid":{"rendered":"https:\/\/esfinge.mx\/inicio\/?product=pinitos-avanzado-competencias-pasito-a-pasito-hacia-la-lectoescritura-por-competencias"},"modified":"2026-03-29T02:00:32","modified_gmt":"2026-03-29T08:00:32","slug":"pinitos-avanzado-competencias-pasito-a-pasito-hacia-la-lectoescritura-por-competencias","status":"publish","type":"product","link":"https:\/\/esfinge.mx\/inicio\/producto\/pinitos-avanzado-competencias-pasito-a-pasito-hacia-la-lectoescritura-por-competencias\/","title":{"rendered":"Pinitos Avanzado. Competencias pasito a pasito. Hacia la lectoescritura por competencias"},"content":{"rendered":"<section id=\"content-section-1528971561366\" class=\"astroid-section astroid-component-section py-3 py-md-5\">\n<div class=\"container\">\n<div id=\"astroid-row-1528971561366\" class=\"row astroid-row\">\n<div id=\"astroid-column-1528971561366\" class=\"astroid-column col-lg-12\">\n<div id=\"component-area-1529739248826\" class=\"astroid-component\">\n<div class=\"astroid-component-area\">\n<div id=\"hikashop_product_9786071000088_page\" class=\"hikashop_product_page hikashop_product_of_category_12 hikashop_product_of_category_13\">\n<form action=\"https:\/\/esfinge.mx\/home\/index.php\/libro\/product\/updatecart\" enctype=\"multipart\/form-data\" method=\"post\" name=\"hikashop_product_form\">\n<div id=\"hikashop_product_bottom_part\" class=\"hikashop_product_bottom_part\">\n<div id=\"hikashop_product_description_main\" class=\"hikashop_product_description_main\">\n<div class=\"caracteristicas\"><b class=\"subtitulo\">Propuesta did\u00e1ctica<\/b><\/div>\n<div class=\"caracteristicas\">\u2022 Favorece el desarrollo de las competencias hacia la lectoescritura a partir de situaciones did\u00e1cticas que responden a los intereses de los alumnos.<br \/>\n\u2022 Propone una intervenci\u00f3n docente con un enfoque integral, lo que promueve un trabajo transversal.<\/p>\n<\/div>\n<div class=\"caracteristicas\"><b class=\"subtitulo\">Actividades y contenido<\/b><\/div>\n<div class=\"caracteristicas\">\u2022 Las actividades parten de experiencias y conocimientos previos, con complejidad progresiva.<br \/>\n\u2022 Se favorece la reflexi\u00f3n y la apropiaci\u00f3n de diversos atributos de la lengua propiciando la aproximiaci\u00f3n a la escritura.<br \/>\n\u2022 Se proponen actividades acordes con el nivel cognitivo de los alumnos, desde la diferenciaci\u00f3n del dibujo hasta la asociaci\u00f3n sonoro-gr\u00e1fica y su representaci\u00f3n convencional.<\/p>\n<\/div>\n<div class=\"caracteristicas\"><b class=\"subtitulo\">Apoyos did\u00e1cticos<\/b><\/div>\n<div class=\"caracteristicas\">\u2022 Gu\u00eda para la educadora para cada nivel.<\/p>\n<\/div>\n<div id=\"contenedor\">\n<div class=\"hijo\"><b class=\"subtitulo\">ISBN<br \/>\n<\/b>9786071000088<\/div>\n<div class=\"hijo\"><b class=\"subtitulo\">Formato<br \/>\n<\/b>26.5 x20.3 cm<\/div>\n<div class=\"hijo\"><b class=\"subtitulo\">P\u00e1ginas<br \/>\n<\/b>168<\/div>\n<div class=\"hijo\"><b class=\"subtitulo\">Componentes<br \/>\n<\/b>Cuaderno de trabajo<br \/>\nGu\u00eda para la educadora<\/div>\n<div class=\"clear\"><\/div>\n<\/div>\n<div class=\"caracteristicas\"><b class=\"subtitulo\">Autor<\/b><\/div>\n<div class=\"caracteristicas\">Mar\u00eda Isaura Prieto L\u00f3pez<br \/>\nMarina M. Prieto L\u00f3pez<br \/>\nYolox\u00f3chitl M. Prieto L\u00f3pez<br \/>\nGraciela G. Lara Rojas<\/div>\n<\/div>\n<p><span id=\"hikashop_product_url_main\" class=\"hikashop_product_url_main\"><\/span><\/p>\n<div id=\"hikashop_product_files_main\" class=\"hikashop_product_files_main\"><\/div>\n<\/div>\n<\/form>\n<div id=\"hikashop_submodules\" class=\"hikashop_submodules\">\n<div id=\"hikashop_module_98\" class=\"hikashop_module \">\n<div id=\"hikashop_category_information_module_98\" class=\"hikashop_category_information hikashop_products_listing_main hikashop_product_listing_2 filter_refresh_div\" data-refresh-class=\"hikashop_checkout_loading\" data-refresh-url=\"https:\/\/esfinge.mx\/home\/index.php\/libro\/product\/191-pinitos-avanzado?tmpl=raw&amp;filter=1\" data-use-url=\"1\">\n<div class=\"hikashop_checkout_loading_elem\"><\/div>\n<div class=\"hikashop_checkout_loading_spinner\"><\/div>\n<\/div>\n<\/div>\n<\/div>\n<div id=\"hikashop_external_comments\" class=\"hikashop_external_comments\"><\/div>\n<\/div>\n<\/div>\n<\/div>\n<\/div>\n<\/div>\n<\/div>\n<\/section>\n<section id=\"section-5-1529739392010\" class=\"astroid-section py-3 py-md-5\">\n<div class=\"container\">\n<div id=\"astroid-row-1529739392010\" class=\"row astroid-row\">\n<div id=\"astroid-column-1529739392010\" class=\"astroid-column col-lg-12\">\n<div id=\"position-5-1529739392010\" class=\"astroid-module-position\">\n<div class=\"moduletable \">\n<div class=\"custom\"><\/div>\n<\/div>\n<\/div>\n<\/div>\n<\/div>\n<\/div>\n<\/section>\n","protected":false},"excerpt":{"rendered":"<p>Prieto L\u00f3pez Mar\u00eda Isaura<\/p>\n","protected":false},"featured_media":631,"comment_status":"open","ping_status":"closed","template":"","meta":[],"product_brand":[],"product_cat":[16],"product_tag":[],"class_list":{"0":"post-33","1":"product","2":"type-product","3":"status-publish","4":"has-post-thumbnail","6":"product_cat-preescolar","8":"first","9":"instock","10":"taxable","11":"shipping-taxable","12":"purchasable","13":"product-type-simple"},"_links":{"self":[{"href":"https:\/\/esfinge.mx\/inicio\/wp-json\/wp\/v2\/product\/33","targetHints":{"allow":["GET"]}}],"collection":[{"href":"https:\/\/esfinge.mx\/inicio\/wp-json\/wp\/v2\/product"}],"about":[{"href":"https:\/\/esfinge.mx\/inicio\/wp-json\/wp\/v2\/types\/product"}],"replies":[{"embeddable":true,"href":"https:\/\/esfinge.mx\/inicio\/wp-json\/wp\/v2\/comments?post=33"}],"wp:featuredmedia":[{"embeddable":true,"href":"https:\/\/esfinge.mx\/inicio\/wp-json\/wp\/v2\/media\/631"}],"wp:attachment":[{"href":"https:\/\/esfinge.mx\/inicio\/wp-json\/wp\/v2\/media?parent=33"}],"wp:term":[{"taxonomy":"product_brand","embeddable":true,"href":"https:\/\/esfinge.mx\/inicio\/wp-json\/wp\/v2\/product_brand?post=33"},{"taxonomy":"product_cat","embeddable":true,"href":"https:\/\/esfinge.mx\/inicio\/wp-json\/wp\/v2\/product_cat?post=33"},{"taxonomy":"product_tag","embeddable":true,"href":"https:\/\/esfinge.mx\/inicio\/wp-json\/wp\/v2\/product_tag?post=33"}],"curies":[{"name":"wp","href":"https:\/\/api.w.org\/{rel}","templated":true}]}}