{"id":34,"date":"2021-09-22T16:50:50","date_gmt":"2021-09-22T16:50:50","guid":{"rendered":"https:\/\/esfinge.mx\/inicio\/?product=pinitos-basico-competencias-pasito-a-pasito-hacia-la-lectoescritura-por-competencias"},"modified":"2026-03-29T02:00:32","modified_gmt":"2026-03-29T08:00:32","slug":"pinitos-basico-competencias-pasito-a-pasito-hacia-la-lectoescritura-por-competencias","status":"publish","type":"product","link":"https:\/\/esfinge.mx\/inicio\/producto\/pinitos-basico-competencias-pasito-a-pasito-hacia-la-lectoescritura-por-competencias\/","title":{"rendered":"Pinitos B\u00e1sico. Competencias pasito a pasito. Hacia la lectoescritura por competencias"},"content":{"rendered":"<p>CAMPO FORMATIVO 1. DESARROLLO PERSONAL Y SOCIAL ASPECTO 1.1 Relaciones Interpersonales. COMPETENCIAS 1.1.1. Acepta a sus compa\u00f1eras y compa\u00f1eros como son y comprende que todos tienen los mismos derechos, y tambi\u00e9n que existen responsabilidades que asumir. 1.1.2. Comprende que las personas tienen diferentes necesidades, puntos de vista, culturas y creencias y que deben ser tratadas con respeto. 1.1.3. Interioriza gradualmente las normas de relaci\u00f3n y comportamiento basadas en la equidad y el respeto. ASPECTO 1.2 Identidad Personal y Autonom\u00eda. COMPETENCIAS 1.2.1 Reconoce sus cualidades y capacidades y las de sus compa\u00f1eras y compa\u00f1eros. 1.2.2 Adquiere conciencia de sus propias necesidades, puntos de vista y sentimientos y desarrolla su sensibilidad hacia las de los otros. 1.2.3 Comprende que hay criterios, reglas y convenciones externas que regulan su conducta en los diferentes \u00e1mbitos en que participa. 1.2.4 Adquiere gradualmente mayor autonom\u00eda. CAMPO FORMATIVO 2. EXPRESI\u00d3N Y APRECIACI\u00d3N ART\u00cdSTICAS ASPECTO 2.1 Expresi\u00f3n Corporal y Apreciaci\u00f3n de la Danza. COMPETENCIAS 2.1.1 Se expresa por medio del cuerpo en diferentes situaciones con acompa\u00f1amiento del canto y de la m\u00fasica. 2.1.2 Se expresa a trav\u00e9s de la danza, comunicando sensaciones y emociones. 2.1.3 Explica y comparte con otros las sensaciones y los pensamientos que le surgen al realizar y presenciar manifestaciones danc\u00edsticas. ASPECTO 2.2 Expresi\u00f3n y Apreciaci\u00f3n Musical. COMPETENCIAS 2.2.1 Identifica para que sirven algunos instrumentos musicales. 2.2.2 Interpreta canciones, las crea y las acompa\u00f1a con instrumentos musicales convencionales o hechos por \u00e9l. 2.2.3 Comunica las sensaciones y los sentimientos que le producen los cantos y la m\u00fasica que escucha. 7 ASPECTO 2. 3 Expresi\u00f3n y Apreciaci\u00f3n Pl\u00e1stica. COMPETENCIAS 2.3.1 Comunica y expresa creativamente sus ideas, sentimientos y fantas\u00edas mediante representaciones pl\u00e1sticas, usando t\u00e9cnicas y materiales variados. 2.3.2 Comunica sentimientos e ideas que surgen en \u00e9l al contemplar obras pict\u00f3ricas, escult\u00f3ricas, arquitect\u00f3nicas y fotogr\u00e1ficas. ASPECTO 2. 4 Expresi\u00f3n Dram\u00e1tica y Apreciaci\u00f3n Teatral. COMPETENCIAS 2.4.1 Representa personajes y situaciones reales o imaginarias mediante le juego y la expresi\u00f3n dram\u00e1tica. 2.4.2 Identifica el motivo, tema o mensaje y las caracter\u00edsticas de los personajes principales de algunas obras literarias o representaciones teatrales y conversar sobre ellos. CAMPO FORMATIVO 3. DESARROLLO F\u00cdSICO Y SALUD ASPECTO 3.1 Promoci\u00f3n de la Salud. COMPETENCIAS 3.1.1 Practica medidas b\u00e1sicas preventivas y de seguridad para preservar su salud, as\u00ed como para evitar accidentes y riesgos en la escuela y fuera de ella. 3.1.2 Participa en acciones de salud social, de preservaci\u00f3n del ambiente y de cuidado de los recursos naturales de su entorno. 3.1.3 Reconoce situaciones que en la familia o en otro contexto le provocan agrado, bienestar, temor, desconfianza o intranquilidad y expresa lo que siente. ASPECTO 3.2 Coordinaci\u00f3n, Fuerza y Equilibrio COMPETENCIAS 3.2.1 Mantiene el equilibrio y control de movimientos que implican fuerza, resistencia, flexibilidad e impulso, en juegos y actividades de ejercicio f\u00edsico. 3.2.2 Utiliza objetos e instrumentos de trabajo que le permiten resolver problemas y realizar actividades diversas. CAMPO FORMATIVO 4. PENSAMIENTO MATEM\u00c1TICO ASPECTO 4.1 Forma, Espacio y Medida. COMPETENCIAS 4.1.1 Reconoce y nombra caracter\u00edsticas de objetos, figuras y cuerpos geom\u00e9tricos. 4.1.2 Construye sistemas de referencia en relaci\u00f3n con la ubicaci\u00f3n espacial. 4.1.3 Utiliza unidades no convencionales para resolver problemas que implican mediciones de longitud, capacidad, peso y tiempo. 8 ASPECTO 4.2 N\u00famero. COMPETENCIAS 4.2.1 Utiliza los n\u00fameros en situaciones variadas que implican poner en juego los principios del conteo. 4.2.2 Plantea y resuelve problemas en situaciones que le son familiares y que implican agregar, reunir, quitar, igualar, comparar, y repartir objetos. 4.2.3 Re\u00fane informaci\u00f3n sobre criterios acordados, representa gr\u00e1ficamente dicha informaci\u00f3n y la interpreta. 4.2.4 Identifica regularidades en una secuencia a partir de criterios de repetici\u00f3n y crecimiento. CAMPO FORMATIVO 5. LENGUAJE Y COMUNICACI\u00d3N ASPECTO 5.1 Lenguaje Oral. COMPETENCIAS 5.1.1 Comunica estados de \u00e1nimo, sentimientos, emociones y vivencias a trav\u00e9s del lenguaje oral. 5.1.2 Obtiene y comparte informaci\u00f3n a trav\u00e9s de diversas formas de expresi\u00f3n oral. 5.1.3 Escucha y cuenta relatos literarios que forman parte de la tradici\u00f3n oral. 5.1.4 Aprecia la diversidad ling\u00fc\u00edstica de su regi\u00f3n y de su cultura. 5.1.5 Utiliza el lenguaje para regular su conducta en distintos tipos de interacci\u00f3n con los dem\u00e1s. ASPECTO 5.2 Lenguaje Escrito. COMPETENCIAS 5.2.1 Conoce diversos portadores de texto e identifica para qu\u00e9 sirven. 5.2.2 Interpreta e infiere el contenido de textos a partir del conocimiento que tiene de diversos portadores y del sistema de escritura. 5.2.3 Expresa gr\u00e1ficamente las ideas que quiere comunicar y las verbaliza para construir un texto escrito con ayuda de alguien. 5.2.4 Identifica algunas caracter\u00edsticas del sistema de escritura. CAMPO FORMATIVO 6. EXPLORACI\u00d3N Y CONOCIMIENTO DEL MUNDO ASPECTO 6.1 Cultura y Vida Social. COMPETENCIAS 6.1.1 Establece relaciones entre el presente y el pasado de su familia y su comunidad a trav\u00e9s de objetos, situaciones cotidianas y pr\u00e1cticas culturales. 6.1.2 Distingue y explica algunas caracter\u00edsticas de la cultura propia y de otras culturas. 6.1.3 Reconoce que los seres humanos somos distintos, que todos somos importantes y tenemos capacidades para participar en sociedad. 6.1.4 Reconoce y comprende la importancia de la acci\u00f3n humana en el mejoramiento de la vida familiar, en la escuela y en la comunidad. 9 ASPECTO 6.2 Mundo Natural. COMPETENCIAS 6.2.1 Observa seres vivos y elementos de la naturaleza y lo que ocurre en fen\u00f3menos naturales. 6.2.2 Formula preguntas que expresan su curiosidad y su inter\u00e9s por saber m\u00e1s acerca de los seres vivos y el medio natural. 6.2.3 Experimenta con diversos elementos, objetos y materiales \u2013que no representan riesgo\u2013 para encontrar soluciones y respuestas a problemas y preguntas acerca del mundo natural. 6.2.4 Formula explicaciones acerca de los fen\u00f3menos naturales que puede observar, y de las caracter\u00edsticas de los seres vivos y de los elementos del medio. 6.2.5 Participa en la conservaci\u00f3n del medio natural y propone medidas para su preservaci\u00f3n. 6.2.6 Elabora inferencias y predicciones a partir de lo que sabe y supone del medio natural y de lo que hace para conocerlo.<\/p>\n","protected":false},"excerpt":{"rendered":"<p>Prieto L\u00f3pez Mar\u00eda Isaura Prieto Marina Prieto Yolox\u00f3chitl Lara Graciela<\/p>\n","protected":false},"featured_media":1414,"comment_status":"open","ping_status":"closed","template":"","meta":[],"product_brand":[],"product_cat":[16],"product_tag":[],"class_list":{"0":"post-34","1":"product","2":"type-product","3":"status-publish","4":"has-post-thumbnail","6":"product_cat-preescolar","8":"first","9":"instock","10":"taxable","11":"shipping-taxable","12":"purchasable","13":"product-type-simple"},"_links":{"self":[{"href":"https:\/\/esfinge.mx\/inicio\/wp-json\/wp\/v2\/product\/34","targetHints":{"allow":["GET"]}}],"collection":[{"href":"https:\/\/esfinge.mx\/inicio\/wp-json\/wp\/v2\/product"}],"about":[{"href":"https:\/\/esfinge.mx\/inicio\/wp-json\/wp\/v2\/types\/product"}],"replies":[{"embeddable":true,"href":"https:\/\/esfinge.mx\/inicio\/wp-json\/wp\/v2\/comments?post=34"}],"wp:featuredmedia":[{"embeddable":true,"href":"https:\/\/esfinge.mx\/inicio\/wp-json\/wp\/v2\/media\/1414"}],"wp:attachment":[{"href":"https:\/\/esfinge.mx\/inicio\/wp-json\/wp\/v2\/media?parent=34"}],"wp:term":[{"taxonomy":"product_brand","embeddable":true,"href":"https:\/\/esfinge.mx\/inicio\/wp-json\/wp\/v2\/product_brand?post=34"},{"taxonomy":"product_cat","embeddable":true,"href":"https:\/\/esfinge.mx\/inicio\/wp-json\/wp\/v2\/product_cat?post=34"},{"taxonomy":"product_tag","embeddable":true,"href":"https:\/\/esfinge.mx\/inicio\/wp-json\/wp\/v2\/product_tag?post=34"}],"curies":[{"name":"wp","href":"https:\/\/api.w.org\/{rel}","templated":true}]}}