{"id":348,"date":"2021-09-22T16:51:11","date_gmt":"2021-09-22T16:51:11","guid":{"rendered":"https:\/\/esfinge.mx\/inicio\/?product=confeccion-del-vestido-1"},"modified":"2026-03-29T02:00:10","modified_gmt":"2026-03-29T08:00:10","slug":"confeccion-del-vestido-1","status":"publish","type":"product","link":"https:\/\/esfinge.mx\/inicio\/producto\/confeccion-del-vestido-1\/","title":{"rendered":"Confecci\u00f3n del vestido 1"},"content":{"rendered":"<div class=\"caracteristicas\"><b class=\"subtitulo\">Propuesta did\u00e1ctica<\/b><\/div>\n<div class=\"caracteristicas\">\u2022 Las formas de interacci\u00f3n e intercambio de informaci\u00f3n hace indispensable contar con materiales para el estudio de la tecnolog\u00eda como el campo del conocimiento que estudia la t\u00e9cnica, sus funciones, los insumos y los medios que la conforman, sus procesos de cambio y su interacci\u00f3n con el contexto sociocultural; a partir de un enfoque basado en competencias. La serie KIGA atiende y permite el desarrollo de dichas competencias a partir del trabajo por proyectos que preparan a los alumnos para el \u00e1rea laboral.<\/p>\n<\/div>\n<div class=\"caracteristicas\"><b class=\"subtitulo\">Actividades y contenido<\/b><\/div>\n<div class=\"caracteristicas\">\u2022 Cuaderno de trabajo organizado en fichas.<br \/>\n\u2022 Cubre la totalidad de las sugerencias did\u00e1cticas vinculadas con la Confecci\u00f3n del vestido y la industria textil.<\/p>\n<p>\u2022 Sugerencias para trabajar proyectos de producci\u00f3n artesanal, industrial y de innovaci\u00f3n.<br \/>\n\u2022 Incluye evaluaciones diagn\u00f3sticas y bimestrales.<br \/>\n\u2022 Sugerencias did\u00e1cticas basadas en la experiencia frente a grupo, apegadas a la realidad del aula.<\/p><\/div>\n<div id=\"contenedor\">\n<div class=\"hijo\"><b class=\"subtitulo\">ISBN<br \/>\n<\/b>9786071012852<\/div>\n<div class=\"hijo\"><b class=\"subtitulo\">Formato<br \/>\n<\/b>20.5 x 27 cm<\/div>\n<div class=\"hijo\"><b class=\"subtitulo\">P\u00e1ginas<br \/>\n<\/b>64<\/div>\n<div class=\"hijo\"><b class=\"subtitulo\">Componentes<br \/>\n<\/b>Cuaderno de trabajo<\/div>\n<div class=\"hijo\"><\/div>\n<div class=\"clear\"><\/div>\n<\/div>\n<div class=\"caracteristicas\"><b class=\"subtitulo\">Autor<\/b><\/div>\n<div class=\"caracteristicas\">Dulce Mar\u00eda Dom\u00ednguez Andr\u00e9s<\/div>\n","protected":false},"excerpt":{"rendered":"<p>Dulce Mar\u00eda Dom\u00ednguez Andr\u00e9s<\/p>\n","protected":false},"featured_media":488,"comment_status":"open","ping_status":"closed","template":"","meta":[],"product_brand":[],"product_cat":[25],"product_tag":[],"class_list":{"0":"post-348","1":"product","2":"type-product","3":"status-publish","4":"has-post-thumbnail","6":"product_cat-sec-kiga","8":"first","9":"instock","10":"taxable","11":"shipping-taxable","12":"purchasable","13":"product-type-simple"},"_links":{"self":[{"href":"https:\/\/esfinge.mx\/inicio\/wp-json\/wp\/v2\/product\/348","targetHints":{"allow":["GET"]}}],"collection":[{"href":"https:\/\/esfinge.mx\/inicio\/wp-json\/wp\/v2\/product"}],"about":[{"href":"https:\/\/esfinge.mx\/inicio\/wp-json\/wp\/v2\/types\/product"}],"replies":[{"embeddable":true,"href":"https:\/\/esfinge.mx\/inicio\/wp-json\/wp\/v2\/comments?post=348"}],"wp:featuredmedia":[{"embeddable":true,"href":"https:\/\/esfinge.mx\/inicio\/wp-json\/wp\/v2\/media\/488"}],"wp:attachment":[{"href":"https:\/\/esfinge.mx\/inicio\/wp-json\/wp\/v2\/media?parent=348"}],"wp:term":[{"taxonomy":"product_brand","embeddable":true,"href":"https:\/\/esfinge.mx\/inicio\/wp-json\/wp\/v2\/product_brand?post=348"},{"taxonomy":"product_cat","embeddable":true,"href":"https:\/\/esfinge.mx\/inicio\/wp-json\/wp\/v2\/product_cat?post=348"},{"taxonomy":"product_tag","embeddable":true,"href":"https:\/\/esfinge.mx\/inicio\/wp-json\/wp\/v2\/product_tag?post=348"}],"curies":[{"name":"wp","href":"https:\/\/api.w.org\/{rel}","templated":true}]}}