{"id":356,"date":"2021-09-22T16:51:11","date_gmt":"2021-09-22T16:51:11","guid":{"rendered":"https:\/\/esfinge.mx\/inicio\/?product=electronica-3"},"modified":"2026-03-29T02:00:17","modified_gmt":"2026-03-29T08:00:17","slug":"electronica-3","status":"publish","type":"product","link":"https:\/\/esfinge.mx\/inicio\/producto\/electronica-3\/","title":{"rendered":"Electr\u00f3nica 3"},"content":{"rendered":"<div class=\"caracteristicas\"><b class=\"subtitulo\">Propuesta did\u00e1ctica<\/b><\/div>\n<div class=\"caracteristicas\">\u2022 Las formas de interacci\u00f3n e intercambio de informaci\u00f3n hace indispensable contar con materiales para el estudio de la tecnolog\u00eda como el campo del conocimiento que estudia la t\u00e9cnica, sus funciones, los insumos y los medios que la conforman, sus procesos de cambio y su interacci\u00f3n con el contexto sociocultural; a partir de un enfoque basado en competencias. La serie KIGA atiende y permite el desarrollo de dichas competencias a partir del trabajo por proyectos que preparan a los alumnos para el \u00e1rea laboral.<\/p>\n<\/div>\n<div class=\"caracteristicas\"><b class=\"subtitulo\">Actividades y contenido<\/b><\/div>\n<div class=\"caracteristicas\">\u2022 Cuaderno de trabajo organizado en fichas lo que brinda un enfoque pr\u00e1ctico. \u2022 Cubre la totalidad de las sugerencias did\u00e1cticas vinculadas con el Dise\u00f1o de circuitos el\u00e9ctricos. \u2022 Propone actividades para definir, planear, analizar, dise\u00f1ar, construir y evaluar soluciones en las que se podr\u00e1n usar herramientas y manufacturas propias del \u00e9nfasis. \u2022 Sugerencias para trabajar proyectos de producci\u00f3n artesanal, industrial y de innovaci\u00f3n. \u2022 Incluye evaluaciones diagn\u00f3sticas y bimestrales. \u2022 Sugerencias did\u00e1cticas basadas en la experiencia frente a grupo, apegadas a la realidad del aula.<\/div>\n<div id=\"contenedor\">\n<div class=\"hijo\"><b class=\"subtitulo\">ISBN<br \/>\n<\/b>9786071012920<\/div>\n<div class=\"hijo\"><b class=\"subtitulo\">Formato<br \/>\n<\/b>20.5 x 27 cm<\/div>\n<div class=\"hijo\"><b class=\"subtitulo\">P\u00e1ginas<br \/>\n<\/b>64<\/div>\n<div class=\"hijo\"><b class=\"subtitulo\">Componentes<br \/>\n<\/b>Cuaderno de trabajo<\/div>\n<div class=\"hijo\"><\/div>\n<div class=\"clear\"><\/div>\n<\/div>\n<div class=\"caracteristicas\"><b class=\"subtitulo\">Autor<\/b><\/div>\n<div class=\"caracteristicas\">Cruz Navor Galeana<\/div>\n","protected":false},"excerpt":{"rendered":"<p>Cruz Navor Galeana<\/p>\n","protected":false},"featured_media":477,"comment_status":"open","ping_status":"closed","template":"","meta":[],"product_brand":[],"product_cat":[25],"product_tag":[],"class_list":{"0":"post-356","1":"product","2":"type-product","3":"status-publish","4":"has-post-thumbnail","6":"product_cat-sec-kiga","8":"first","9":"instock","10":"taxable","11":"shipping-taxable","12":"purchasable","13":"product-type-simple"},"_links":{"self":[{"href":"https:\/\/esfinge.mx\/inicio\/wp-json\/wp\/v2\/product\/356","targetHints":{"allow":["GET"]}}],"collection":[{"href":"https:\/\/esfinge.mx\/inicio\/wp-json\/wp\/v2\/product"}],"about":[{"href":"https:\/\/esfinge.mx\/inicio\/wp-json\/wp\/v2\/types\/product"}],"replies":[{"embeddable":true,"href":"https:\/\/esfinge.mx\/inicio\/wp-json\/wp\/v2\/comments?post=356"}],"wp:featuredmedia":[{"embeddable":true,"href":"https:\/\/esfinge.mx\/inicio\/wp-json\/wp\/v2\/media\/477"}],"wp:attachment":[{"href":"https:\/\/esfinge.mx\/inicio\/wp-json\/wp\/v2\/media?parent=356"}],"wp:term":[{"taxonomy":"product_brand","embeddable":true,"href":"https:\/\/esfinge.mx\/inicio\/wp-json\/wp\/v2\/product_brand?post=356"},{"taxonomy":"product_cat","embeddable":true,"href":"https:\/\/esfinge.mx\/inicio\/wp-json\/wp\/v2\/product_cat?post=356"},{"taxonomy":"product_tag","embeddable":true,"href":"https:\/\/esfinge.mx\/inicio\/wp-json\/wp\/v2\/product_tag?post=356"}],"curies":[{"name":"wp","href":"https:\/\/api.w.org\/{rel}","templated":true}]}}